{"id":833,"date":"2018-11-12T19:19:35","date_gmt":"2018-11-12T22:19:35","guid":{"rendered":"http:\/\/interagere.com.br\/site\/?page_id=833"},"modified":"2021-03-05T15:36:53","modified_gmt":"2021-03-05T18:36:53","slug":"spn","status":"publish","type":"page","link":"https:\/\/interagere.com.br\/site\/spn\/","title":{"rendered":"Interagere En Espa\u00f1ol: M\u00e9xico + Am\u00e9rica Latina + Europa"},"content":{"rendered":"<h2 style=\"text-align: center;\">SERVICIO PREMIUM INTERAGERE:\u00a0<i>\u00a1<\/i><i>AGREGANDO VALOR A SU MAYOR ACTIVO!<\/i><\/h2>\n<h2 style=\"text-align: center;\"><b>ENTRENAMIENTOS Y CONSULTOR\u00cdA\u00a0<\/b>LEAN, 6 SIGMA Y EXCELENCIA<\/h2>\n<p style=\"text-align: center;\"><a href=\"http:\/\/interagere.com.br\/site\/wp-content\/uploads\/2018\/11\/INTERAGERE_MX_11.jpg\"><img fetchpriority=\"high\" decoding=\"async\" class=\"  wp-image-857 aligncenter\" src=\"http:\/\/interagere.com.br\/site\/wp-content\/uploads\/2018\/11\/INTERAGERE_MX_11-300x188.jpg\" alt=\"INTERAGERE_MX_1\" width=\"370\" height=\"232\" srcset=\"https:\/\/interagere.com.br\/site\/wp-content\/uploads\/2018\/11\/INTERAGERE_MX_11-300x188.jpg 300w, https:\/\/interagere.com.br\/site\/wp-content\/uploads\/2018\/11\/INTERAGERE_MX_11.jpg 750w\" sizes=\"(max-width: 370px) 100vw, 370px\" \/><\/a><a href=\"http:\/\/interagere.com.br\/site\/wp-content\/uploads\/2018\/11\/INTERAGERE_MX_2.jpg\"><img decoding=\"async\" class=\"  wp-image-837 aligncenter\" src=\"http:\/\/interagere.com.br\/site\/wp-content\/uploads\/2018\/11\/INTERAGERE_MX_2-300x188.jpg\" alt=\"INTERAGERE_MX_2\" width=\"370\" height=\"232\" srcset=\"https:\/\/interagere.com.br\/site\/wp-content\/uploads\/2018\/11\/INTERAGERE_MX_2-300x188.jpg 300w, https:\/\/interagere.com.br\/site\/wp-content\/uploads\/2018\/11\/INTERAGERE_MX_2.jpg 750w\" sizes=\"(max-width: 370px) 100vw, 370px\" \/><\/a> <a href=\"https:\/\/interagere.com.br\/site\/fale-conosco\/\"><img decoding=\"async\" class=\"  wp-image-838 aligncenter\" src=\"http:\/\/interagere.com.br\/site\/wp-content\/uploads\/2018\/11\/INTERAGERE_MX_3-300x188.jpg\" alt=\"INTERAGERE_MX_3\" width=\"370\" height=\"232\" srcset=\"https:\/\/interagere.com.br\/site\/wp-content\/uploads\/2018\/11\/INTERAGERE_MX_3-300x188.jpg 300w, https:\/\/interagere.com.br\/site\/wp-content\/uploads\/2018\/11\/INTERAGERE_MX_3.jpg 750w\" sizes=\"(max-width: 370px) 100vw, 370px\" \/><\/a><\/p>\n<h4 style=\"text-align: center;\"><strong><a href=\"https:\/\/interagere.com.br\/site\/fale-conosco\/\">Descubra nuestros servicios pinchando aqu\u00ed<\/a><\/strong><\/h4>\n\n\n<p><\/p>\n","protected":false},"excerpt":{"rendered":"<p>SERVICIO PREMIUM INTERAGERE:\u00a0\u00a1AGREGANDO VALOR A SU MAYOR ACTIVO! ENTRENAMIENTOS Y CONSULTOR\u00cdA\u00a0LEAN, 6 SIGMA Y EXCELENCIA Descubra nuestros servicios pinchando aqu\u00ed<\/p>\n","protected":false},"author":2,"featured_media":857,"parent":0,"menu_order":0,"comment_status":"open","ping_status":"open","template":"","meta":{"_mo_disable_npp":"","footnotes":""},"class_list":["post-833","page","type-page","status-publish","has-post-thumbnail","hentry"],"yoast_head":"<!-- This site is optimized with the Yoast SEO plugin v27.2 - https:\/\/yoast.com\/product\/yoast-seo-wordpress\/ -->\n<title>INTERAGERE ESPA\u00d1OL<\/title>\n<meta name=\"description\" content=\"Interagere En Espa\u00f1ol: M\u00e9xico + Am\u00e9rica Latina + Europa\" \/>\n<meta name=\"robots\" content=\"index, follow, max-snippet:-1, max-image-preview:large, max-video-preview:-1\" \/>\n<link rel=\"canonical\" href=\"https:\/\/interagere.com.br\/site\/spn\/\" \/>\n<meta property=\"og:locale\" content=\"pt_BR\" \/>\n<meta property=\"og:type\" content=\"article\" \/>\n<meta property=\"og:title\" content=\"INTERAGERE ESPA\u00d1OL\" \/>\n<meta property=\"og:description\" content=\"Interagere En Espa\u00f1ol: M\u00e9xico + Am\u00e9rica Latina + Europa\" \/>\n<meta property=\"og:url\" content=\"https:\/\/interagere.com.br\/site\/spn\/\" \/>\n<meta property=\"og:site_name\" content=\"INTERAGERE\" \/>\n<meta property=\"article:modified_time\" content=\"2021-03-05T18:36:53+00:00\" \/>\n<meta property=\"og:image\" content=\"https:\/\/interagere.com.br\/site\/wp-content\/uploads\/2018\/11\/INTERAGERE_MX_11.jpg\" \/>\n\t<meta property=\"og:image:width\" content=\"750\" \/>\n\t<meta property=\"og:image:height\" content=\"469\" \/>\n\t<meta property=\"og:image:type\" content=\"image\/jpeg\" \/>\n<meta name=\"twitter:card\" content=\"summary_large_image\" \/>\n<script type=\"application\/ld+json\" class=\"yoast-schema-graph\">{\"@context\":\"https:\/\/schema.org\",\"@graph\":[{\"@type\":\"WebPage\",\"@id\":\"https:\/\/interagere.com.br\/site\/spn\/\",\"url\":\"https:\/\/interagere.com.br\/site\/spn\/\",\"name\":\"INTERAGERE ESPA\u00d1OL\",\"isPartOf\":{\"@id\":\"https:\/\/interagere.com.br\/site\/#website\"},\"primaryImageOfPage\":{\"@id\":\"https:\/\/interagere.com.br\/site\/spn\/#primaryimage\"},\"image\":{\"@id\":\"https:\/\/interagere.com.br\/site\/spn\/#primaryimage\"},\"thumbnailUrl\":\"https:\/\/interagere.com.br\/site\/wp-content\/uploads\/2018\/11\/INTERAGERE_MX_11.jpg\",\"datePublished\":\"2018-11-12T22:19:35+00:00\",\"dateModified\":\"2021-03-05T18:36:53+00:00\",\"description\":\"Interagere En Espa\u00f1ol: M\u00e9xico + Am\u00e9rica Latina + Europa\",\"breadcrumb\":{\"@id\":\"https:\/\/interagere.com.br\/site\/spn\/#breadcrumb\"},\"inLanguage\":\"pt-BR\",\"potentialAction\":[{\"@type\":\"ReadAction\",\"target\":[\"https:\/\/interagere.com.br\/site\/spn\/\"]}]},{\"@type\":\"ImageObject\",\"inLanguage\":\"pt-BR\",\"@id\":\"https:\/\/interagere.com.br\/site\/spn\/#primaryimage\",\"url\":\"https:\/\/interagere.com.br\/site\/wp-content\/uploads\/2018\/11\/INTERAGERE_MX_11.jpg\",\"contentUrl\":\"https:\/\/interagere.com.br\/site\/wp-content\/uploads\/2018\/11\/INTERAGERE_MX_11.jpg\",\"width\":750,\"height\":469},{\"@type\":\"BreadcrumbList\",\"@id\":\"https:\/\/interagere.com.br\/site\/spn\/#breadcrumb\",\"itemListElement\":[{\"@type\":\"ListItem\",\"position\":1,\"name\":\"In\u00edcio\",\"item\":\"https:\/\/interagere.com.br\/site\/\"},{\"@type\":\"ListItem\",\"position\":2,\"name\":\"Interagere En Espa\u00f1ol: M\u00e9xico + Am\u00e9rica Latina + Europa\"}]},{\"@type\":\"WebSite\",\"@id\":\"https:\/\/interagere.com.br\/site\/#website\",\"url\":\"https:\/\/interagere.com.br\/site\/\",\"name\":\"INTERAGERE\",\"description\":\"Seu Parceiro Premium de Excel\u00eancia - +55 (12) 4141.0123 - Assessoria e Treinamento em: Gest\u00e3o, Competitividade, Qualidade, Projetos, Lean, 6 Sigma, Inova\u00e7\u00e3o\",\"potentialAction\":[{\"@type\":\"SearchAction\",\"target\":{\"@type\":\"EntryPoint\",\"urlTemplate\":\"https:\/\/interagere.com.br\/site\/?s={search_term_string}\"},\"query-input\":{\"@type\":\"PropertyValueSpecification\",\"valueRequired\":true,\"valueName\":\"search_term_string\"}}],\"inLanguage\":\"pt-BR\"}]}<\/script>\n<!-- \/ Yoast SEO plugin. -->","yoast_head_json":{"title":"INTERAGERE ESPA\u00d1OL","description":"Interagere En Espa\u00f1ol: M\u00e9xico + Am\u00e9rica Latina + Europa","robots":{"index":"index","follow":"follow","max-snippet":"max-snippet:-1","max-image-preview":"max-image-preview:large","max-video-preview":"max-video-preview:-1"},"canonical":"https:\/\/interagere.com.br\/site\/spn\/","og_locale":"pt_BR","og_type":"article","og_title":"INTERAGERE ESPA\u00d1OL","og_description":"Interagere En Espa\u00f1ol: M\u00e9xico + Am\u00e9rica Latina + Europa","og_url":"https:\/\/interagere.com.br\/site\/spn\/","og_site_name":"INTERAGERE","article_modified_time":"2021-03-05T18:36:53+00:00","og_image":[{"width":750,"height":469,"url":"https:\/\/interagere.com.br\/site\/wp-content\/uploads\/2018\/11\/INTERAGERE_MX_11.jpg","type":"image\/jpeg"}],"twitter_card":"summary_large_image","schema":{"@context":"https:\/\/schema.org","@graph":[{"@type":"WebPage","@id":"https:\/\/interagere.com.br\/site\/spn\/","url":"https:\/\/interagere.com.br\/site\/spn\/","name":"INTERAGERE ESPA\u00d1OL","isPartOf":{"@id":"https:\/\/interagere.com.br\/site\/#website"},"primaryImageOfPage":{"@id":"https:\/\/interagere.com.br\/site\/spn\/#primaryimage"},"image":{"@id":"https:\/\/interagere.com.br\/site\/spn\/#primaryimage"},"thumbnailUrl":"https:\/\/interagere.com.br\/site\/wp-content\/uploads\/2018\/11\/INTERAGERE_MX_11.jpg","datePublished":"2018-11-12T22:19:35+00:00","dateModified":"2021-03-05T18:36:53+00:00","description":"Interagere En Espa\u00f1ol: M\u00e9xico + Am\u00e9rica Latina + Europa","breadcrumb":{"@id":"https:\/\/interagere.com.br\/site\/spn\/#breadcrumb"},"inLanguage":"pt-BR","potentialAction":[{"@type":"ReadAction","target":["https:\/\/interagere.com.br\/site\/spn\/"]}]},{"@type":"ImageObject","inLanguage":"pt-BR","@id":"https:\/\/interagere.com.br\/site\/spn\/#primaryimage","url":"https:\/\/interagere.com.br\/site\/wp-content\/uploads\/2018\/11\/INTERAGERE_MX_11.jpg","contentUrl":"https:\/\/interagere.com.br\/site\/wp-content\/uploads\/2018\/11\/INTERAGERE_MX_11.jpg","width":750,"height":469},{"@type":"BreadcrumbList","@id":"https:\/\/interagere.com.br\/site\/spn\/#breadcrumb","itemListElement":[{"@type":"ListItem","position":1,"name":"In\u00edcio","item":"https:\/\/interagere.com.br\/site\/"},{"@type":"ListItem","position":2,"name":"Interagere En Espa\u00f1ol: M\u00e9xico + Am\u00e9rica Latina + Europa"}]},{"@type":"WebSite","@id":"https:\/\/interagere.com.br\/site\/#website","url":"https:\/\/interagere.com.br\/site\/","name":"INTERAGERE","description":"Seu Parceiro Premium de Excel\u00eancia - +55 (12) 4141.0123 - Assessoria e Treinamento em: Gest\u00e3o, Competitividade, Qualidade, Projetos, Lean, 6 Sigma, Inova\u00e7\u00e3o","potentialAction":[{"@type":"SearchAction","target":{"@type":"EntryPoint","urlTemplate":"https:\/\/interagere.com.br\/site\/?s={search_term_string}"},"query-input":{"@type":"PropertyValueSpecification","valueRequired":true,"valueName":"search_term_string"}}],"inLanguage":"pt-BR"}]}},"_links":{"self":[{"href":"https:\/\/interagere.com.br\/site\/wp-json\/wp\/v2\/pages\/833","targetHints":{"allow":["GET"]}}],"collection":[{"href":"https:\/\/interagere.com.br\/site\/wp-json\/wp\/v2\/pages"}],"about":[{"href":"https:\/\/interagere.com.br\/site\/wp-json\/wp\/v2\/types\/page"}],"author":[{"embeddable":true,"href":"https:\/\/interagere.com.br\/site\/wp-json\/wp\/v2\/users\/2"}],"replies":[{"embeddable":true,"href":"https:\/\/interagere.com.br\/site\/wp-json\/wp\/v2\/comments?post=833"}],"version-history":[{"count":23,"href":"https:\/\/interagere.com.br\/site\/wp-json\/wp\/v2\/pages\/833\/revisions"}],"predecessor-version":[{"id":1115,"href":"https:\/\/interagere.com.br\/site\/wp-json\/wp\/v2\/pages\/833\/revisions\/1115"}],"wp:featuredmedia":[{"embeddable":true,"href":"https:\/\/interagere.com.br\/site\/wp-json\/wp\/v2\/media\/857"}],"wp:attachment":[{"href":"https:\/\/interagere.com.br\/site\/wp-json\/wp\/v2\/media?parent=833"}],"curies":[{"name":"wp","href":"https:\/\/api.w.org\/{rel}","templated":true}]}}