{"id":831,"date":"2018-11-12T20:11:51","date_gmt":"2018-11-12T23:11:51","guid":{"rendered":"http:\/\/interagere.com.br\/site\/?page_id=831"},"modified":"2021-03-05T15:36:16","modified_gmt":"2021-03-05T18:36:16","slug":"en","status":"publish","type":"page","link":"https:\/\/interagere.com.br\/site\/en\/","title":{"rendered":"Interagere: worldwide work"},"content":{"rendered":"<h2 style=\"text-align: center;\">PREMIUM SERVICE INTERAGERE: ADDING VALUE TO YOUR MAIN\u00a0ASSET!<\/h2>\n<h2 style=\"text-align: center;\">\u00a0TRAINING AND CONSULTANCY<\/h2>\n<h2 style=\"text-align: center;\">LEAN, 6 SIGMA AND EXCELLENCE<\/h2>\n<p style=\"text-align: center;\"><a href=\"http:\/\/interagere.com.br\/site\/wp-content\/uploads\/2018\/11\/Eng_INTERAGERE_11.jpg\"><img fetchpriority=\"high\" decoding=\"async\" class=\" wp-image-872 aligncenter\" src=\"http:\/\/interagere.com.br\/site\/wp-content\/uploads\/2018\/11\/Eng_INTERAGERE_11-300x188.jpg\" alt=\"Eng_INTERAGERE_1\" width=\"400\" height=\"250\" srcset=\"https:\/\/interagere.com.br\/site\/wp-content\/uploads\/2018\/11\/Eng_INTERAGERE_11-300x188.jpg 300w, https:\/\/interagere.com.br\/site\/wp-content\/uploads\/2018\/11\/Eng_INTERAGERE_11.jpg 750w\" sizes=\"(max-width: 400px) 100vw, 400px\" \/><\/a><a href=\"http:\/\/interagere.com.br\/site\/wp-content\/uploads\/2018\/11\/Eng_INTERAGERE_1.jpg\"><br \/>\n<\/a> <a href=\"http:\/\/interagere.com.br\/site\/wp-content\/uploads\/2018\/11\/Eng_INTERAGERE_2.jpg\"><img decoding=\"async\" class=\" wp-image-861 aligncenter\" src=\"http:\/\/interagere.com.br\/site\/wp-content\/uploads\/2018\/11\/Eng_INTERAGERE_2-300x188.jpg\" alt=\"Eng_INTERAGERE_2\" width=\"400\" height=\"250\" srcset=\"https:\/\/interagere.com.br\/site\/wp-content\/uploads\/2018\/11\/Eng_INTERAGERE_2-300x188.jpg 300w, https:\/\/interagere.com.br\/site\/wp-content\/uploads\/2018\/11\/Eng_INTERAGERE_2.jpg 750w\" sizes=\"(max-width: 400px) 100vw, 400px\" \/><\/a> <a href=\"http:\/\/interagere.com.br\/site\/wp-content\/uploads\/2018\/11\/Eng_INTERAGERE_3.jpg\"><img decoding=\"async\" class=\" wp-image-862 aligncenter\" src=\"http:\/\/interagere.com.br\/site\/wp-content\/uploads\/2018\/11\/Eng_INTERAGERE_3-300x188.jpg\" alt=\"Eng_INTERAGERE_3\" width=\"400\" height=\"250\" srcset=\"https:\/\/interagere.com.br\/site\/wp-content\/uploads\/2018\/11\/Eng_INTERAGERE_3-300x188.jpg 300w, https:\/\/interagere.com.br\/site\/wp-content\/uploads\/2018\/11\/Eng_INTERAGERE_3.jpg 750w\" sizes=\"(max-width: 400px) 100vw, 400px\" \/><\/a><\/p>\n<h4 style=\"text-align: center;\"><strong><a href=\"https:\/\/interagere.com.br\/site\/fale-conosco\/\">Discover our services by clicking here<\/a><\/strong><\/h4>\n","protected":false},"excerpt":{"rendered":"<p>PREMIUM SERVICE INTERAGERE: ADDING VALUE TO YOUR MAIN\u00a0ASSET! \u00a0TRAINING AND CONSULTANCY LEAN, 6 SIGMA AND EXCELLENCE Discover our services by clicking here<\/p>\n","protected":false},"author":2,"featured_media":872,"parent":0,"menu_order":0,"comment_status":"open","ping_status":"open","template":"","meta":{"_mo_disable_npp":"","footnotes":""},"class_list":["post-831","page","type-page","status-publish","has-post-thumbnail","hentry"],"yoast_head":"<!-- This site is optimized with the Yoast SEO plugin v27.2 - https:\/\/yoast.com\/product\/yoast-seo-wordpress\/ -->\n<title>Interagere: worldwide work - INTERAGERE<\/title>\n<meta name=\"robots\" content=\"index, follow, max-snippet:-1, max-image-preview:large, max-video-preview:-1\" \/>\n<link rel=\"canonical\" href=\"https:\/\/interagere.com.br\/site\/en\/\" \/>\n<meta property=\"og:locale\" content=\"pt_BR\" \/>\n<meta property=\"og:type\" content=\"article\" \/>\n<meta property=\"og:title\" content=\"Interagere: worldwide work - INTERAGERE\" \/>\n<meta property=\"og:description\" content=\"PREMIUM SERVICE INTERAGERE: ADDING VALUE TO YOUR MAIN\u00a0ASSET! \u00a0TRAINING AND CONSULTANCY LEAN, 6 SIGMA AND EXCELLENCE Discover our services by clicking here\" \/>\n<meta property=\"og:url\" content=\"https:\/\/interagere.com.br\/site\/en\/\" \/>\n<meta property=\"og:site_name\" content=\"INTERAGERE\" \/>\n<meta property=\"article:modified_time\" content=\"2021-03-05T18:36:16+00:00\" \/>\n<meta property=\"og:image\" content=\"https:\/\/interagere.com.br\/site\/wp-content\/uploads\/2018\/11\/Eng_INTERAGERE_11.jpg\" \/>\n\t<meta property=\"og:image:width\" content=\"750\" \/>\n\t<meta property=\"og:image:height\" content=\"469\" \/>\n\t<meta property=\"og:image:type\" content=\"image\/jpeg\" \/>\n<meta name=\"twitter:card\" content=\"summary_large_image\" \/>\n<script type=\"application\/ld+json\" class=\"yoast-schema-graph\">{\"@context\":\"https:\/\/schema.org\",\"@graph\":[{\"@type\":\"WebPage\",\"@id\":\"https:\/\/interagere.com.br\/site\/en\/\",\"url\":\"https:\/\/interagere.com.br\/site\/en\/\",\"name\":\"Interagere: worldwide work - INTERAGERE\",\"isPartOf\":{\"@id\":\"https:\/\/interagere.com.br\/site\/#website\"},\"primaryImageOfPage\":{\"@id\":\"https:\/\/interagere.com.br\/site\/en\/#primaryimage\"},\"image\":{\"@id\":\"https:\/\/interagere.com.br\/site\/en\/#primaryimage\"},\"thumbnailUrl\":\"https:\/\/interagere.com.br\/site\/wp-content\/uploads\/2018\/11\/Eng_INTERAGERE_11.jpg\",\"datePublished\":\"2018-11-12T23:11:51+00:00\",\"dateModified\":\"2021-03-05T18:36:16+00:00\",\"breadcrumb\":{\"@id\":\"https:\/\/interagere.com.br\/site\/en\/#breadcrumb\"},\"inLanguage\":\"pt-BR\",\"potentialAction\":[{\"@type\":\"ReadAction\",\"target\":[\"https:\/\/interagere.com.br\/site\/en\/\"]}]},{\"@type\":\"ImageObject\",\"inLanguage\":\"pt-BR\",\"@id\":\"https:\/\/interagere.com.br\/site\/en\/#primaryimage\",\"url\":\"https:\/\/interagere.com.br\/site\/wp-content\/uploads\/2018\/11\/Eng_INTERAGERE_11.jpg\",\"contentUrl\":\"https:\/\/interagere.com.br\/site\/wp-content\/uploads\/2018\/11\/Eng_INTERAGERE_11.jpg\",\"width\":750,\"height\":469},{\"@type\":\"BreadcrumbList\",\"@id\":\"https:\/\/interagere.com.br\/site\/en\/#breadcrumb\",\"itemListElement\":[{\"@type\":\"ListItem\",\"position\":1,\"name\":\"In\u00edcio\",\"item\":\"https:\/\/interagere.com.br\/site\/\"},{\"@type\":\"ListItem\",\"position\":2,\"name\":\"Interagere: worldwide work\"}]},{\"@type\":\"WebSite\",\"@id\":\"https:\/\/interagere.com.br\/site\/#website\",\"url\":\"https:\/\/interagere.com.br\/site\/\",\"name\":\"INTERAGERE\",\"description\":\"Seu Parceiro Premium de Excel\u00eancia - +55 (12) 4141.0123 - Assessoria e Treinamento em: Gest\u00e3o, Competitividade, Qualidade, Projetos, Lean, 6 Sigma, Inova\u00e7\u00e3o\",\"potentialAction\":[{\"@type\":\"SearchAction\",\"target\":{\"@type\":\"EntryPoint\",\"urlTemplate\":\"https:\/\/interagere.com.br\/site\/?s={search_term_string}\"},\"query-input\":{\"@type\":\"PropertyValueSpecification\",\"valueRequired\":true,\"valueName\":\"search_term_string\"}}],\"inLanguage\":\"pt-BR\"}]}<\/script>\n<!-- \/ Yoast SEO plugin. -->","yoast_head_json":{"title":"Interagere: worldwide work - INTERAGERE","robots":{"index":"index","follow":"follow","max-snippet":"max-snippet:-1","max-image-preview":"max-image-preview:large","max-video-preview":"max-video-preview:-1"},"canonical":"https:\/\/interagere.com.br\/site\/en\/","og_locale":"pt_BR","og_type":"article","og_title":"Interagere: worldwide work - INTERAGERE","og_description":"PREMIUM SERVICE INTERAGERE: ADDING VALUE TO YOUR MAIN\u00a0ASSET! \u00a0TRAINING AND CONSULTANCY LEAN, 6 SIGMA AND EXCELLENCE Discover our services by clicking here","og_url":"https:\/\/interagere.com.br\/site\/en\/","og_site_name":"INTERAGERE","article_modified_time":"2021-03-05T18:36:16+00:00","og_image":[{"width":750,"height":469,"url":"https:\/\/interagere.com.br\/site\/wp-content\/uploads\/2018\/11\/Eng_INTERAGERE_11.jpg","type":"image\/jpeg"}],"twitter_card":"summary_large_image","schema":{"@context":"https:\/\/schema.org","@graph":[{"@type":"WebPage","@id":"https:\/\/interagere.com.br\/site\/en\/","url":"https:\/\/interagere.com.br\/site\/en\/","name":"Interagere: worldwide work - INTERAGERE","isPartOf":{"@id":"https:\/\/interagere.com.br\/site\/#website"},"primaryImageOfPage":{"@id":"https:\/\/interagere.com.br\/site\/en\/#primaryimage"},"image":{"@id":"https:\/\/interagere.com.br\/site\/en\/#primaryimage"},"thumbnailUrl":"https:\/\/interagere.com.br\/site\/wp-content\/uploads\/2018\/11\/Eng_INTERAGERE_11.jpg","datePublished":"2018-11-12T23:11:51+00:00","dateModified":"2021-03-05T18:36:16+00:00","breadcrumb":{"@id":"https:\/\/interagere.com.br\/site\/en\/#breadcrumb"},"inLanguage":"pt-BR","potentialAction":[{"@type":"ReadAction","target":["https:\/\/interagere.com.br\/site\/en\/"]}]},{"@type":"ImageObject","inLanguage":"pt-BR","@id":"https:\/\/interagere.com.br\/site\/en\/#primaryimage","url":"https:\/\/interagere.com.br\/site\/wp-content\/uploads\/2018\/11\/Eng_INTERAGERE_11.jpg","contentUrl":"https:\/\/interagere.com.br\/site\/wp-content\/uploads\/2018\/11\/Eng_INTERAGERE_11.jpg","width":750,"height":469},{"@type":"BreadcrumbList","@id":"https:\/\/interagere.com.br\/site\/en\/#breadcrumb","itemListElement":[{"@type":"ListItem","position":1,"name":"In\u00edcio","item":"https:\/\/interagere.com.br\/site\/"},{"@type":"ListItem","position":2,"name":"Interagere: worldwide work"}]},{"@type":"WebSite","@id":"https:\/\/interagere.com.br\/site\/#website","url":"https:\/\/interagere.com.br\/site\/","name":"INTERAGERE","description":"Seu Parceiro Premium de Excel\u00eancia - +55 (12) 4141.0123 - Assessoria e Treinamento em: Gest\u00e3o, Competitividade, Qualidade, Projetos, Lean, 6 Sigma, Inova\u00e7\u00e3o","potentialAction":[{"@type":"SearchAction","target":{"@type":"EntryPoint","urlTemplate":"https:\/\/interagere.com.br\/site\/?s={search_term_string}"},"query-input":{"@type":"PropertyValueSpecification","valueRequired":true,"valueName":"search_term_string"}}],"inLanguage":"pt-BR"}]}},"_links":{"self":[{"href":"https:\/\/interagere.com.br\/site\/wp-json\/wp\/v2\/pages\/831","targetHints":{"allow":["GET"]}}],"collection":[{"href":"https:\/\/interagere.com.br\/site\/wp-json\/wp\/v2\/pages"}],"about":[{"href":"https:\/\/interagere.com.br\/site\/wp-json\/wp\/v2\/types\/page"}],"author":[{"embeddable":true,"href":"https:\/\/interagere.com.br\/site\/wp-json\/wp\/v2\/users\/2"}],"replies":[{"embeddable":true,"href":"https:\/\/interagere.com.br\/site\/wp-json\/wp\/v2\/comments?post=831"}],"version-history":[{"count":13,"href":"https:\/\/interagere.com.br\/site\/wp-json\/wp\/v2\/pages\/831\/revisions"}],"predecessor-version":[{"id":1141,"href":"https:\/\/interagere.com.br\/site\/wp-json\/wp\/v2\/pages\/831\/revisions\/1141"}],"wp:featuredmedia":[{"embeddable":true,"href":"https:\/\/interagere.com.br\/site\/wp-json\/wp\/v2\/media\/872"}],"wp:attachment":[{"href":"https:\/\/interagere.com.br\/site\/wp-json\/wp\/v2\/media?parent=831"}],"curies":[{"name":"wp","href":"https:\/\/api.w.org\/{rel}","templated":true}]}}