{"id":433,"date":"2015-08-17T18:06:49","date_gmt":"2015-08-17T18:06:49","guid":{"rendered":"http:\/\/interagere.com.br\/site\/?page_id=433"},"modified":"2025-01-11T13:43:28","modified_gmt":"2025-01-11T16:43:28","slug":"para-sua-empresa-2","status":"publish","type":"page","link":"https:\/\/interagere.com.br\/site\/para-sua-empresa-2\/","title":{"rendered":"Para sua Empresa"},"content":{"rendered":"<h2 style=\"text-align: center;\">Solu\u00e7\u00f5es Premium<br \/>\nInteragere<sup>\u00ae<\/sup><\/h2>\n<p><a href=\"https:\/\/interagere.com.br\/site\/wp-content\/uploads\/2024\/10\/7-Produtos-e-Servicos-Interagere.jpg\"><img fetchpriority=\"high\" decoding=\"async\" class=\"alignleft size-full wp-image-1829\" src=\"https:\/\/interagere.com.br\/site\/wp-content\/uploads\/2024\/10\/7-Produtos-e-Servicos-Interagere.jpg\" alt=\"\" width=\"1280\" height=\"720\" srcset=\"https:\/\/interagere.com.br\/site\/wp-content\/uploads\/2024\/10\/7-Produtos-e-Servicos-Interagere.jpg 1280w, https:\/\/interagere.com.br\/site\/wp-content\/uploads\/2024\/10\/7-Produtos-e-Servicos-Interagere-300x169.jpg 300w, https:\/\/interagere.com.br\/site\/wp-content\/uploads\/2024\/10\/7-Produtos-e-Servicos-Interagere-1024x576.jpg 1024w, https:\/\/interagere.com.br\/site\/wp-content\/uploads\/2024\/10\/7-Produtos-e-Servicos-Interagere-768x432.jpg 768w\" sizes=\"(max-width: 1280px) 100vw, 1280px\" \/><\/a><\/p>\n<hr \/>\n<p>&nbsp;<\/p>\n<h3 style=\"text-align: center;\">A Interagere promove <i>m<\/i><i>elhores resultados e ganhos diferenciados, com a <\/i><i>transforma\u00e7\u00e3o e desenvolvimento de excel\u00eancia em sua empresa, processos e equipes, <\/i><i>no Brasil e no exterior,<br \/>\nvia Internet e presencial.<\/i><\/h3>\n<h5 style=\"text-align: center;\"><em>Com mais de 25 anos de experi\u00eancia em uma diversidade de setores, empresas, pa\u00edses e processos, podemos contribuir com conhecimento amplo de casos, alternativas e melhores pr\u00e1ticas globais.<\/em><\/h5>\n<h5><strong><img decoding=\"async\" class=\"wp-image-1690 size-full aligncenter\" src=\"https:\/\/interagere.com.br\/site\/wp-content\/uploads\/2024\/04\/Slide8.jpg\" alt=\"\" width=\"1280\" height=\"720\" srcset=\"https:\/\/interagere.com.br\/site\/wp-content\/uploads\/2024\/04\/Slide8.jpg 1280w, https:\/\/interagere.com.br\/site\/wp-content\/uploads\/2024\/04\/Slide8-300x169.jpg 300w, https:\/\/interagere.com.br\/site\/wp-content\/uploads\/2024\/04\/Slide8-1024x576.jpg 1024w, https:\/\/interagere.com.br\/site\/wp-content\/uploads\/2024\/04\/Slide8-768x432.jpg 768w\" sizes=\"(max-width: 1280px) 100vw, 1280px\" \/><\/strong><\/h5>\n<blockquote>\n<h5 style=\"text-align: center;\">Contribuindo em diferentes necessidades e profundidade em sua empresa, com solu\u00e7\u00f5es para empresas que desejem ser l\u00edderes ou seguidores.<\/h5>\n<\/blockquote>\n<p><img decoding=\"async\" class=\"size-full wp-image-1697 aligncenter\" src=\"https:\/\/interagere.com.br\/site\/wp-content\/uploads\/2024\/04\/Slide15.jpg\" alt=\"\" width=\"1280\" height=\"720\" srcset=\"https:\/\/interagere.com.br\/site\/wp-content\/uploads\/2024\/04\/Slide15.jpg 1280w, https:\/\/interagere.com.br\/site\/wp-content\/uploads\/2024\/04\/Slide15-300x169.jpg 300w, https:\/\/interagere.com.br\/site\/wp-content\/uploads\/2024\/04\/Slide15-1024x576.jpg 1024w, https:\/\/interagere.com.br\/site\/wp-content\/uploads\/2024\/04\/Slide15-768x432.jpg 768w\" sizes=\"(max-width: 1280px) 100vw, 1280px\" \/><\/p>\n<blockquote>\n<h5 style=\"text-align: center;\">Com metodologia e contribui\u00e7\u00f5es de sucesso junto a clientes, organiza\u00e7\u00f5es e empresas, desde startups, micro, m\u00e9dia at\u00e9 l\u00edderes como refer\u00eancia global em seus setores.<\/h5>\n<p><img loading=\"lazy\" decoding=\"async\" class=\"alignleft size-full wp-image-1736\" src=\"https:\/\/interagere.com.br\/site\/wp-content\/uploads\/2024\/04\/MarcascomInteragere.png\" alt=\"\" width=\"2958\" height=\"236\" srcset=\"https:\/\/interagere.com.br\/site\/wp-content\/uploads\/2024\/04\/MarcascomInteragere.png 2958w, https:\/\/interagere.com.br\/site\/wp-content\/uploads\/2024\/04\/MarcascomInteragere-300x24.png 300w, https:\/\/interagere.com.br\/site\/wp-content\/uploads\/2024\/04\/MarcascomInteragere-1024x82.png 1024w, https:\/\/interagere.com.br\/site\/wp-content\/uploads\/2024\/04\/MarcascomInteragere-768x61.png 768w, https:\/\/interagere.com.br\/site\/wp-content\/uploads\/2024\/04\/MarcascomInteragere-1536x123.png 1536w, https:\/\/interagere.com.br\/site\/wp-content\/uploads\/2024\/04\/MarcascomInteragere-2048x163.png 2048w\" sizes=\"(max-width: 2958px) 100vw, 2958px\" \/><\/p><\/blockquote>\n<p><img loading=\"lazy\" decoding=\"async\" class=\"aligncenter wp-image-1694 size-large\" src=\"https:\/\/interagere.com.br\/site\/wp-content\/uploads\/2024\/04\/Slide12-1024x576.jpg\" alt=\"\" width=\"604\" height=\"340\" srcset=\"https:\/\/interagere.com.br\/site\/wp-content\/uploads\/2024\/04\/Slide12-1024x576.jpg 1024w, https:\/\/interagere.com.br\/site\/wp-content\/uploads\/2024\/04\/Slide12-300x169.jpg 300w, https:\/\/interagere.com.br\/site\/wp-content\/uploads\/2024\/04\/Slide12-768x432.jpg 768w, https:\/\/interagere.com.br\/site\/wp-content\/uploads\/2024\/04\/Slide12.jpg 1280w\" sizes=\"(max-width: 604px) 100vw, 604px\" \/><\/p>\n<h4><\/h4>\n<h4 style=\"text-align: center;\"><span style=\"color: #008000;\"><strong><a style=\"color: #008000;\" href=\"https:\/\/interagere.com.br\/site\/fale-conosco\/\">Conhe\u00e7a nossos servi\u00e7os clicando aqui<\/a><\/strong><\/span><\/h4>\n<p style=\"text-align: center;\"><span style=\"color: #008000;\">Ou clique abaixo e fale conosco pelo whatsapp:<\/span><\/p>\n<blockquote>\n<p style=\"text-align: center;\"><a href=\"https:\/\/api.whatsapp.com\/send?phone=5535984359484\"><span style=\"color: #008000;\">+55 12 9 9740 0310<\/span><br \/>\n<\/a><\/p>\n<\/blockquote>\n<p>&nbsp;<\/p>\n<p><a href=\"https:\/\/api.whatsapp.com\/send?phone=5512997400310\"><img loading=\"lazy\" decoding=\"async\" class=\"aligncenter wp-image-1706 size-large\" src=\"https:\/\/interagere.com.br\/site\/wp-content\/uploads\/2024\/04\/Slide24-1024x576.jpg\" alt=\"\" width=\"604\" height=\"340\" srcset=\"https:\/\/interagere.com.br\/site\/wp-content\/uploads\/2024\/04\/Slide24-1024x576.jpg 1024w, https:\/\/interagere.com.br\/site\/wp-content\/uploads\/2024\/04\/Slide24-300x169.jpg 300w, https:\/\/interagere.com.br\/site\/wp-content\/uploads\/2024\/04\/Slide24-768x432.jpg 768w, https:\/\/interagere.com.br\/site\/wp-content\/uploads\/2024\/04\/Slide24.jpg 1280w\" sizes=\"(max-width: 604px) 100vw, 604px\" \/><\/a><\/p>\n","protected":false},"excerpt":{"rendered":"<p>Solu\u00e7\u00f5es Premium Interagere\u00ae &nbsp; A Interagere promove melhores resultados e ganhos diferenciados, com a transforma\u00e7\u00e3o e desenvolvimento de excel\u00eancia em sua empresa, processos e equipes, no Brasil e no exterior, via Internet<a class=\"moretag\" href=\"https:\/\/interagere.com.br\/site\/para-sua-empresa-2\/\">Read More&#8230;<\/a><\/p>\n","protected":false},"author":1,"featured_media":0,"parent":0,"menu_order":0,"comment_status":"closed","ping_status":"closed","template":"","meta":{"_mo_disable_npp":"","footnotes":""},"class_list":["post-433","page","type-page","status-publish","hentry"],"yoast_head":"<!-- This site is optimized with the Yoast SEO plugin v27.2 - https:\/\/yoast.com\/product\/yoast-seo-wordpress\/ -->\n<title>Para sua Empresa - INTERAGERE<\/title>\n<meta name=\"robots\" content=\"index, follow, max-snippet:-1, max-image-preview:large, max-video-preview:-1\" \/>\n<link rel=\"canonical\" href=\"https:\/\/interagere.com.br\/site\/para-sua-empresa-2\/\" \/>\n<meta property=\"og:locale\" content=\"pt_BR\" \/>\n<meta property=\"og:type\" content=\"article\" \/>\n<meta property=\"og:title\" content=\"Para sua Empresa - INTERAGERE\" \/>\n<meta property=\"og:description\" content=\"Solu\u00e7\u00f5es Premium Interagere\u00ae &nbsp; A Interagere promove melhores resultados e ganhos diferenciados, com a transforma\u00e7\u00e3o e desenvolvimento de excel\u00eancia em sua empresa, processos e equipes, no Brasil e no exterior, via InternetRead More...\" \/>\n<meta property=\"og:url\" content=\"https:\/\/interagere.com.br\/site\/para-sua-empresa-2\/\" \/>\n<meta property=\"og:site_name\" content=\"INTERAGERE\" \/>\n<meta property=\"article:modified_time\" content=\"2025-01-11T16:43:28+00:00\" \/>\n<meta property=\"og:image\" content=\"https:\/\/interagere.com.br\/site\/wp-content\/uploads\/2024\/10\/7-Produtos-e-Servicos-Interagere.jpg\" \/>\n\t<meta property=\"og:image:width\" content=\"1280\" \/>\n\t<meta property=\"og:image:height\" content=\"720\" \/>\n\t<meta property=\"og:image:type\" content=\"image\/jpeg\" \/>\n<meta name=\"twitter:card\" content=\"summary_large_image\" \/>\n<meta name=\"twitter:label1\" content=\"Est. tempo de leitura\" \/>\n\t<meta name=\"twitter:data1\" content=\"2 minutos\" \/>\n<script type=\"application\/ld+json\" class=\"yoast-schema-graph\">{\"@context\":\"https:\/\/schema.org\",\"@graph\":[{\"@type\":\"WebPage\",\"@id\":\"https:\/\/interagere.com.br\/site\/para-sua-empresa-2\/\",\"url\":\"https:\/\/interagere.com.br\/site\/para-sua-empresa-2\/\",\"name\":\"Para sua Empresa - INTERAGERE\",\"isPartOf\":{\"@id\":\"https:\/\/interagere.com.br\/site\/#website\"},\"primaryImageOfPage\":{\"@id\":\"https:\/\/interagere.com.br\/site\/para-sua-empresa-2\/#primaryimage\"},\"image\":{\"@id\":\"https:\/\/interagere.com.br\/site\/para-sua-empresa-2\/#primaryimage\"},\"thumbnailUrl\":\"https:\/\/interagere.com.br\/site\/wp-content\/uploads\/2024\/10\/7-Produtos-e-Servicos-Interagere.jpg\",\"datePublished\":\"2015-08-17T18:06:49+00:00\",\"dateModified\":\"2025-01-11T16:43:28+00:00\",\"breadcrumb\":{\"@id\":\"https:\/\/interagere.com.br\/site\/para-sua-empresa-2\/#breadcrumb\"},\"inLanguage\":\"pt-BR\",\"potentialAction\":[{\"@type\":\"ReadAction\",\"target\":[\"https:\/\/interagere.com.br\/site\/para-sua-empresa-2\/\"]}]},{\"@type\":\"ImageObject\",\"inLanguage\":\"pt-BR\",\"@id\":\"https:\/\/interagere.com.br\/site\/para-sua-empresa-2\/#primaryimage\",\"url\":\"https:\/\/interagere.com.br\/site\/wp-content\/uploads\/2024\/10\/7-Produtos-e-Servicos-Interagere.jpg\",\"contentUrl\":\"https:\/\/interagere.com.br\/site\/wp-content\/uploads\/2024\/10\/7-Produtos-e-Servicos-Interagere.jpg\"},{\"@type\":\"BreadcrumbList\",\"@id\":\"https:\/\/interagere.com.br\/site\/para-sua-empresa-2\/#breadcrumb\",\"itemListElement\":[{\"@type\":\"ListItem\",\"position\":1,\"name\":\"In\u00edcio\",\"item\":\"https:\/\/interagere.com.br\/site\/\"},{\"@type\":\"ListItem\",\"position\":2,\"name\":\"Para sua Empresa\"}]},{\"@type\":\"WebSite\",\"@id\":\"https:\/\/interagere.com.br\/site\/#website\",\"url\":\"https:\/\/interagere.com.br\/site\/\",\"name\":\"INTERAGERE\",\"description\":\"Seu Parceiro Premium de Excel\u00eancia - +55 (12) 4141.0123 - Assessoria e Treinamento em: Gest\u00e3o, Competitividade, Qualidade, Projetos, Lean, 6 Sigma, Inova\u00e7\u00e3o\",\"potentialAction\":[{\"@type\":\"SearchAction\",\"target\":{\"@type\":\"EntryPoint\",\"urlTemplate\":\"https:\/\/interagere.com.br\/site\/?s={search_term_string}\"},\"query-input\":{\"@type\":\"PropertyValueSpecification\",\"valueRequired\":true,\"valueName\":\"search_term_string\"}}],\"inLanguage\":\"pt-BR\"}]}<\/script>\n<!-- \/ Yoast SEO plugin. -->","yoast_head_json":{"title":"Para sua Empresa - INTERAGERE","robots":{"index":"index","follow":"follow","max-snippet":"max-snippet:-1","max-image-preview":"max-image-preview:large","max-video-preview":"max-video-preview:-1"},"canonical":"https:\/\/interagere.com.br\/site\/para-sua-empresa-2\/","og_locale":"pt_BR","og_type":"article","og_title":"Para sua Empresa - INTERAGERE","og_description":"Solu\u00e7\u00f5es Premium Interagere\u00ae &nbsp; A Interagere promove melhores resultados e ganhos diferenciados, com a transforma\u00e7\u00e3o e desenvolvimento de excel\u00eancia em sua empresa, processos e equipes, no Brasil e no exterior, via InternetRead More...","og_url":"https:\/\/interagere.com.br\/site\/para-sua-empresa-2\/","og_site_name":"INTERAGERE","article_modified_time":"2025-01-11T16:43:28+00:00","og_image":[{"width":1280,"height":720,"url":"https:\/\/interagere.com.br\/site\/wp-content\/uploads\/2024\/10\/7-Produtos-e-Servicos-Interagere.jpg","type":"image\/jpeg"}],"twitter_card":"summary_large_image","twitter_misc":{"Est. tempo de leitura":"2 minutos"},"schema":{"@context":"https:\/\/schema.org","@graph":[{"@type":"WebPage","@id":"https:\/\/interagere.com.br\/site\/para-sua-empresa-2\/","url":"https:\/\/interagere.com.br\/site\/para-sua-empresa-2\/","name":"Para sua Empresa - INTERAGERE","isPartOf":{"@id":"https:\/\/interagere.com.br\/site\/#website"},"primaryImageOfPage":{"@id":"https:\/\/interagere.com.br\/site\/para-sua-empresa-2\/#primaryimage"},"image":{"@id":"https:\/\/interagere.com.br\/site\/para-sua-empresa-2\/#primaryimage"},"thumbnailUrl":"https:\/\/interagere.com.br\/site\/wp-content\/uploads\/2024\/10\/7-Produtos-e-Servicos-Interagere.jpg","datePublished":"2015-08-17T18:06:49+00:00","dateModified":"2025-01-11T16:43:28+00:00","breadcrumb":{"@id":"https:\/\/interagere.com.br\/site\/para-sua-empresa-2\/#breadcrumb"},"inLanguage":"pt-BR","potentialAction":[{"@type":"ReadAction","target":["https:\/\/interagere.com.br\/site\/para-sua-empresa-2\/"]}]},{"@type":"ImageObject","inLanguage":"pt-BR","@id":"https:\/\/interagere.com.br\/site\/para-sua-empresa-2\/#primaryimage","url":"https:\/\/interagere.com.br\/site\/wp-content\/uploads\/2024\/10\/7-Produtos-e-Servicos-Interagere.jpg","contentUrl":"https:\/\/interagere.com.br\/site\/wp-content\/uploads\/2024\/10\/7-Produtos-e-Servicos-Interagere.jpg"},{"@type":"BreadcrumbList","@id":"https:\/\/interagere.com.br\/site\/para-sua-empresa-2\/#breadcrumb","itemListElement":[{"@type":"ListItem","position":1,"name":"In\u00edcio","item":"https:\/\/interagere.com.br\/site\/"},{"@type":"ListItem","position":2,"name":"Para sua Empresa"}]},{"@type":"WebSite","@id":"https:\/\/interagere.com.br\/site\/#website","url":"https:\/\/interagere.com.br\/site\/","name":"INTERAGERE","description":"Seu Parceiro Premium de Excel\u00eancia - +55 (12) 4141.0123 - Assessoria e Treinamento em: Gest\u00e3o, Competitividade, Qualidade, Projetos, Lean, 6 Sigma, Inova\u00e7\u00e3o","potentialAction":[{"@type":"SearchAction","target":{"@type":"EntryPoint","urlTemplate":"https:\/\/interagere.com.br\/site\/?s={search_term_string}"},"query-input":{"@type":"PropertyValueSpecification","valueRequired":true,"valueName":"search_term_string"}}],"inLanguage":"pt-BR"}]}},"_links":{"self":[{"href":"https:\/\/interagere.com.br\/site\/wp-json\/wp\/v2\/pages\/433","targetHints":{"allow":["GET"]}}],"collection":[{"href":"https:\/\/interagere.com.br\/site\/wp-json\/wp\/v2\/pages"}],"about":[{"href":"https:\/\/interagere.com.br\/site\/wp-json\/wp\/v2\/types\/page"}],"author":[{"embeddable":true,"href":"https:\/\/interagere.com.br\/site\/wp-json\/wp\/v2\/users\/1"}],"replies":[{"embeddable":true,"href":"https:\/\/interagere.com.br\/site\/wp-json\/wp\/v2\/comments?post=433"}],"version-history":[{"count":39,"href":"https:\/\/interagere.com.br\/site\/wp-json\/wp\/v2\/pages\/433\/revisions"}],"predecessor-version":[{"id":1735,"href":"https:\/\/interagere.com.br\/site\/wp-json\/wp\/v2\/pages\/433\/revisions\/1735"}],"wp:attachment":[{"href":"https:\/\/interagere.com.br\/site\/wp-json\/wp\/v2\/media?parent=433"}],"curies":[{"name":"wp","href":"https:\/\/api.w.org\/{rel}","templated":true}]}}