{"id":347,"date":"2015-08-11T22:42:12","date_gmt":"2015-08-11T22:42:12","guid":{"rendered":"http:\/\/interagere.com.br\/site\/?page_id=347"},"modified":"2024-11-10T17:55:55","modified_gmt":"2024-11-10T20:55:55","slug":"fale-conosco","status":"publish","type":"page","link":"https:\/\/interagere.com.br\/site\/fale-conosco\/","title":{"rendered":"Fale Conosco"},"content":{"rendered":"<div role=\"main\">\n<h1 style=\"text-align: center;\"><\/h1>\n<h1 style=\"text-align: center;\"><span style=\"color: #000000;\"><a style=\"color: #000000;\" href=\"https:\/\/api.whatsapp.com\/send?phone=5535984359484\"><strong><span style=\"text-decoration: underline;\">Interagere &#8211; <\/span><\/strong><\/a><\/span><span style=\"color: #000000;\"><a style=\"color: #000000;\" href=\"https:\/\/api.whatsapp.com\/send?phone=5535984359484\"><strong><span style=\"text-decoration: underline;\">Parceria de Excel\u00eancia<\/span><\/strong><\/a><\/span><\/h1>\n<p>&nbsp;<\/p>\n<h1 style=\"text-align: center;\"><a href=\"https:\/\/interagere.com.br\/site\/wp-content\/uploads\/2024\/10\/7-Produtos-e-Servicos-Interagere.jpg\"><img fetchpriority=\"high\" decoding=\"async\" class=\"size-full wp-image-1829 aligncenter\" src=\"https:\/\/interagere.com.br\/site\/wp-content\/uploads\/2024\/10\/7-Produtos-e-Servicos-Interagere.jpg\" alt=\"\" width=\"1280\" height=\"720\" srcset=\"https:\/\/interagere.com.br\/site\/wp-content\/uploads\/2024\/10\/7-Produtos-e-Servicos-Interagere.jpg 1280w, https:\/\/interagere.com.br\/site\/wp-content\/uploads\/2024\/10\/7-Produtos-e-Servicos-Interagere-300x169.jpg 300w, https:\/\/interagere.com.br\/site\/wp-content\/uploads\/2024\/10\/7-Produtos-e-Servicos-Interagere-1024x576.jpg 1024w, https:\/\/interagere.com.br\/site\/wp-content\/uploads\/2024\/10\/7-Produtos-e-Servicos-Interagere-768x432.jpg 768w\" sizes=\"(max-width: 1280px) 100vw, 1280px\" \/><\/a><a href=\"https:\/\/interagere.com.br\/site\/wp-content\/uploads\/2024\/11\/Slide4.jpg\"><img decoding=\"async\" class=\"alignleft size-full wp-image-1854\" src=\"https:\/\/interagere.com.br\/site\/wp-content\/uploads\/2024\/11\/Slide4.jpg\" alt=\"\" width=\"1280\" height=\"720\" srcset=\"https:\/\/interagere.com.br\/site\/wp-content\/uploads\/2024\/11\/Slide4.jpg 1280w, https:\/\/interagere.com.br\/site\/wp-content\/uploads\/2024\/11\/Slide4-300x169.jpg 300w, https:\/\/interagere.com.br\/site\/wp-content\/uploads\/2024\/11\/Slide4-1024x576.jpg 1024w, https:\/\/interagere.com.br\/site\/wp-content\/uploads\/2024\/11\/Slide4-768x432.jpg 768w\" sizes=\"(max-width: 1280px) 100vw, 1280px\" \/><\/a><a href=\"https:\/\/interagere.com.br\/site\/wp-content\/uploads\/2024\/11\/Slide16.jpg\"><img decoding=\"async\" class=\"alignleft size-full wp-image-1855\" src=\"https:\/\/interagere.com.br\/site\/wp-content\/uploads\/2024\/11\/Slide16.jpg\" alt=\"\" width=\"1280\" height=\"720\" srcset=\"https:\/\/interagere.com.br\/site\/wp-content\/uploads\/2024\/11\/Slide16.jpg 1280w, https:\/\/interagere.com.br\/site\/wp-content\/uploads\/2024\/11\/Slide16-300x169.jpg 300w, https:\/\/interagere.com.br\/site\/wp-content\/uploads\/2024\/11\/Slide16-1024x576.jpg 1024w, https:\/\/interagere.com.br\/site\/wp-content\/uploads\/2024\/11\/Slide16-768x432.jpg 768w\" sizes=\"(max-width: 1280px) 100vw, 1280px\" \/><\/a><\/h1>\n<h3><\/h3>\n<\/div>\n<h1 style=\"text-align: center;\">Interagere Treinamentos &amp; Consultoria<\/h1>\n<p style=\"text-align: center;\">CEP 12.245-310, Nr. 110 \/ Un. 67 &#8211; S\u00e3o Jos\u00e9 dos Campos\/SP<\/p>\n<h4 style=\"text-align: center;\"><span style=\"color: #000000;\"><a style=\"color: #000000;\" href=\"https:\/\/api.whatsapp.com\/send?phone=5535984359484\">Cel\/Whatsapp:\u00a0<\/a> <a style=\"color: #000000;\" href=\"https:\/\/api.whatsapp.com\/send?phone=5535984359484\">+55 (35) 9 8435-9484<\/a><\/span><\/h4>\n<h4 style=\"text-align: center;\"><span style=\"color: #000000;\"><a style=\"color: #000000;\" href=\"https:\/\/api.whatsapp.com\/send?phone=5535984359484\">Tel: +55 (12) 4141.0123\u00a0<\/a> <a style=\"font-family: Bitter, Georgia, serif; font-size: 22px; color: #000000;\" href=\"mailto:contato@interagere.com\">e-mail <\/a><a style=\"color: #000000;\" href=\"mailto:contato@interagere.com\">contato@interagere.com<\/a><\/span><\/h4>\n<div role=\"main\"><\/div>\n<p><img loading=\"lazy\" decoding=\"async\" class=\"aligncenter wp-image-1188 size-full\" src=\"https:\/\/interagere.com.br\/site\/wp-content\/uploads\/2020\/07\/AgregarNaoOpcao.jpg\" alt=\"\" width=\"604\" height=\"607\" srcset=\"https:\/\/interagere.com.br\/site\/wp-content\/uploads\/2020\/07\/AgregarNaoOpcao.jpg 604w, https:\/\/interagere.com.br\/site\/wp-content\/uploads\/2020\/07\/AgregarNaoOpcao-300x300.jpg 300w, https:\/\/interagere.com.br\/site\/wp-content\/uploads\/2020\/07\/AgregarNaoOpcao-150x150.jpg 150w\" sizes=\"(max-width: 604px) 100vw, 604px\" \/><\/p>\n<p>&nbsp;<\/p>\n<blockquote>\n<h5 style=\"text-align: center;\">SE PREFERIR, INFORME SEUS DADOS ABAIXO E ENTRAREMOS EM CONTATO:<\/h5>\n<\/blockquote>\n<p style=\"text-align: center;\">\nAo preencher o cadastro, voc\u00ea estar\u00e1 nos concedendo autoriza\u00e7\u00e3o conforme LGPD para lhe enviarmos informa\u00e7\u00f5es e entrarmos em contato:.<\/p>\n<hr \/>\n\n<div class=\"wpcf7 no-js\" id=\"wpcf7-f576-o1\" lang=\"pt-BR\" dir=\"ltr\" data-wpcf7-id=\"576\">\n<div class=\"screen-reader-response\"><p role=\"status\" aria-live=\"polite\" aria-atomic=\"true\"><\/p> <ul><\/ul><\/div>\n<form action=\"\/site\/wp-json\/wp\/v2\/pages\/347#wpcf7-f576-o1\" method=\"post\" class=\"wpcf7-form init\" aria-label=\"Formul\u00e1rios de contato\" novalidate=\"novalidate\" data-status=\"init\">\n<fieldset class=\"hidden-fields-container\"><input type=\"hidden\" name=\"_wpcf7\" value=\"576\" \/><input type=\"hidden\" name=\"_wpcf7_version\" value=\"6.1.5\" \/><input type=\"hidden\" name=\"_wpcf7_locale\" value=\"pt_BR\" \/><input type=\"hidden\" name=\"_wpcf7_unit_tag\" value=\"wpcf7-f576-o1\" \/><input type=\"hidden\" name=\"_wpcf7_container_post\" value=\"0\" \/><input type=\"hidden\" name=\"_wpcf7_posted_data_hash\" value=\"\" \/>\n<\/fieldset>\n<p><i class=\"fa fa-user fa-lg\"><\/i>&nbsp;&nbsp;<span class=\"wpcf7-form-control-wrap\" data-name=\"nomeempresa\"><input size=\"40\" maxlength=\"400\" class=\"wpcf7-form-control wpcf7-text wpcf7-validates-as-required\" aria-required=\"true\" aria-invalid=\"false\" placeholder=\"Insira seu nome\" value=\"\" type=\"text\" name=\"nomeempresa\" \/><\/span><br \/>\n<i class=\"fa fa-wrench fa-lg\"><\/i>&nbsp;&nbsp;<span class=\"wpcf7-form-control-wrap\" data-name=\"Seunome\"><input size=\"40\" maxlength=\"400\" class=\"wpcf7-form-control wpcf7-text wpcf7-validates-as-required\" aria-required=\"true\" aria-invalid=\"false\" placeholder=\"Insira seu cargo\" value=\"\" type=\"text\" name=\"Seunome\" \/><\/span><br \/>\n<i class=\"fa fa-home fa-lg\"><\/i>&nbsp;&nbsp;<span class=\"wpcf7-form-control-wrap\" data-name=\"seucargo\"><input size=\"40\" maxlength=\"400\" class=\"wpcf7-form-control wpcf7-text wpcf7-validates-as-required\" aria-required=\"true\" aria-invalid=\"false\" placeholder=\"Nome da empresa\" value=\"\" type=\"text\" name=\"seucargo\" \/><\/span><br \/>\n<i class=\"fa fa-fax fa-lg\"><\/i>&nbsp;&nbsp;<span class=\"wpcf7-form-control-wrap\" data-name=\"seutelefone\"><input size=\"40\" maxlength=\"400\" class=\"wpcf7-form-control wpcf7-text wpcf7-validates-as-required\" aria-required=\"true\" aria-invalid=\"false\" placeholder=\"Insira seu telefone\" value=\"\" type=\"text\" name=\"seutelefone\" \/><\/span><br \/>\n<i class=\"fa fa-envelope fa-lg\"><\/i>&nbsp; <span class=\"wpcf7-form-control-wrap\" data-name=\"seuemail\"><input size=\"40\" maxlength=\"400\" class=\"wpcf7-form-control wpcf7-text wpcf7-validates-as-required\" aria-required=\"true\" aria-invalid=\"false\" placeholder=\"Insira seu e-mail\" value=\"\" type=\"text\" name=\"seuemail\" \/><\/span><br \/>\n<span class=\"wpcf7-form-control-wrap\" data-name=\"mensagem\"><textarea cols=\"40\" rows=\"10\" maxlength=\"2000\" class=\"wpcf7-form-control wpcf7-textarea\" aria-invalid=\"false\" placeholder=\"Iremos entrar em contato. \nE se desejar, conte um pouco sobre a experi\u00eancia e expectativas para sua Empresa ou para Voc\u00ea...\" name=\"mensagem\"><\/textarea><\/span>\n<\/p>\n<p><input class=\"wpcf7-form-control wpcf7-submit has-spinner\" type=\"submit\" value=\"Enviar cadastro\" \/>\n<\/p><div class=\"wpcf7-response-output\" aria-hidden=\"true\"><\/div>\n<\/form>\n<\/div>\n\n","protected":false},"excerpt":{"rendered":"<p>Interagere &#8211; Parceria de Excel\u00eancia &nbsp; Interagere Treinamentos &amp; Consultoria CEP 12.245-310, Nr. 110 \/ Un. 67 &#8211; S\u00e3o Jos\u00e9 dos Campos\/SP Cel\/Whatsapp:\u00a0 +55 (35) 9 8435-9484 Tel: +55 (12) 4141.0123\u00a0 e-mail<a class=\"moretag\" href=\"https:\/\/interagere.com.br\/site\/fale-conosco\/\">Read More&#8230;<\/a><\/p>\n","protected":false},"author":1,"featured_media":0,"parent":0,"menu_order":0,"comment_status":"closed","ping_status":"closed","template":"","meta":{"_mo_disable_npp":"","footnotes":""},"class_list":["post-347","page","type-page","status-publish","hentry"],"yoast_head":"<!-- This site is optimized with the Yoast SEO plugin v27.2 - https:\/\/yoast.com\/product\/yoast-seo-wordpress\/ -->\n<title>Fale Conosco - INTERAGERE<\/title>\n<meta name=\"description\" content=\"Fale Conosco e tenha acesso aos nossos servi\u00e7os e solu\u00e7\u00f5es.\" \/>\n<meta name=\"robots\" content=\"index, follow, max-snippet:-1, max-image-preview:large, max-video-preview:-1\" \/>\n<link rel=\"canonical\" href=\"https:\/\/interagere.com.br\/site\/fale-conosco\/\" \/>\n<meta property=\"og:locale\" content=\"pt_BR\" \/>\n<meta property=\"og:type\" content=\"article\" \/>\n<meta property=\"og:title\" content=\"Fale Conosco - INTERAGERE\" \/>\n<meta property=\"og:description\" content=\"Fale Conosco e tenha acesso aos nossos servi\u00e7os e solu\u00e7\u00f5es.\" \/>\n<meta property=\"og:url\" content=\"https:\/\/interagere.com.br\/site\/fale-conosco\/\" \/>\n<meta property=\"og:site_name\" content=\"INTERAGERE\" \/>\n<meta property=\"article:modified_time\" content=\"2024-11-10T20:55:55+00:00\" \/>\n<meta property=\"og:image\" content=\"https:\/\/interagere.com.br\/site\/wp-content\/uploads\/2024\/10\/7-Produtos-e-Servicos-Interagere.jpg\" \/>\n\t<meta property=\"og:image:width\" content=\"1280\" \/>\n\t<meta property=\"og:image:height\" content=\"720\" \/>\n\t<meta property=\"og:image:type\" content=\"image\/jpeg\" \/>\n<meta name=\"twitter:card\" content=\"summary_large_image\" \/>\n<meta name=\"twitter:label1\" content=\"Est. tempo de leitura\" \/>\n\t<meta name=\"twitter:data1\" content=\"2 minutos\" \/>\n<script type=\"application\/ld+json\" class=\"yoast-schema-graph\">{\"@context\":\"https:\/\/schema.org\",\"@graph\":[{\"@type\":\"WebPage\",\"@id\":\"https:\/\/interagere.com.br\/site\/fale-conosco\/\",\"url\":\"https:\/\/interagere.com.br\/site\/fale-conosco\/\",\"name\":\"Fale Conosco - INTERAGERE\",\"isPartOf\":{\"@id\":\"https:\/\/interagere.com.br\/site\/#website\"},\"primaryImageOfPage\":{\"@id\":\"https:\/\/interagere.com.br\/site\/fale-conosco\/#primaryimage\"},\"image\":{\"@id\":\"https:\/\/interagere.com.br\/site\/fale-conosco\/#primaryimage\"},\"thumbnailUrl\":\"https:\/\/interagere.com.br\/site\/wp-content\/uploads\/2024\/10\/7-Produtos-e-Servicos-Interagere.jpg\",\"datePublished\":\"2015-08-11T22:42:12+00:00\",\"dateModified\":\"2024-11-10T20:55:55+00:00\",\"description\":\"Fale Conosco e tenha acesso aos nossos servi\u00e7os e solu\u00e7\u00f5es.\",\"breadcrumb\":{\"@id\":\"https:\/\/interagere.com.br\/site\/fale-conosco\/#breadcrumb\"},\"inLanguage\":\"pt-BR\",\"potentialAction\":[{\"@type\":\"ReadAction\",\"target\":[\"https:\/\/interagere.com.br\/site\/fale-conosco\/\"]}]},{\"@type\":\"ImageObject\",\"inLanguage\":\"pt-BR\",\"@id\":\"https:\/\/interagere.com.br\/site\/fale-conosco\/#primaryimage\",\"url\":\"https:\/\/interagere.com.br\/site\/wp-content\/uploads\/2024\/10\/7-Produtos-e-Servicos-Interagere.jpg\",\"contentUrl\":\"https:\/\/interagere.com.br\/site\/wp-content\/uploads\/2024\/10\/7-Produtos-e-Servicos-Interagere.jpg\"},{\"@type\":\"BreadcrumbList\",\"@id\":\"https:\/\/interagere.com.br\/site\/fale-conosco\/#breadcrumb\",\"itemListElement\":[{\"@type\":\"ListItem\",\"position\":1,\"name\":\"In\u00edcio\",\"item\":\"https:\/\/interagere.com.br\/site\/\"},{\"@type\":\"ListItem\",\"position\":2,\"name\":\"Fale Conosco\"}]},{\"@type\":\"WebSite\",\"@id\":\"https:\/\/interagere.com.br\/site\/#website\",\"url\":\"https:\/\/interagere.com.br\/site\/\",\"name\":\"INTERAGERE\",\"description\":\"Seu Parceiro Premium de Excel\u00eancia - +55 (12) 4141.0123 - Assessoria e Treinamento em: Gest\u00e3o, Competitividade, Qualidade, Projetos, Lean, 6 Sigma, Inova\u00e7\u00e3o\",\"potentialAction\":[{\"@type\":\"SearchAction\",\"target\":{\"@type\":\"EntryPoint\",\"urlTemplate\":\"https:\/\/interagere.com.br\/site\/?s={search_term_string}\"},\"query-input\":{\"@type\":\"PropertyValueSpecification\",\"valueRequired\":true,\"valueName\":\"search_term_string\"}}],\"inLanguage\":\"pt-BR\"}]}<\/script>\n<!-- \/ Yoast SEO plugin. -->","yoast_head_json":{"title":"Fale Conosco - INTERAGERE","description":"Fale Conosco e tenha acesso aos nossos servi\u00e7os e solu\u00e7\u00f5es.","robots":{"index":"index","follow":"follow","max-snippet":"max-snippet:-1","max-image-preview":"max-image-preview:large","max-video-preview":"max-video-preview:-1"},"canonical":"https:\/\/interagere.com.br\/site\/fale-conosco\/","og_locale":"pt_BR","og_type":"article","og_title":"Fale Conosco - INTERAGERE","og_description":"Fale Conosco e tenha acesso aos nossos servi\u00e7os e solu\u00e7\u00f5es.","og_url":"https:\/\/interagere.com.br\/site\/fale-conosco\/","og_site_name":"INTERAGERE","article_modified_time":"2024-11-10T20:55:55+00:00","og_image":[{"width":1280,"height":720,"url":"https:\/\/interagere.com.br\/site\/wp-content\/uploads\/2024\/10\/7-Produtos-e-Servicos-Interagere.jpg","type":"image\/jpeg"}],"twitter_card":"summary_large_image","twitter_misc":{"Est. tempo de leitura":"2 minutos"},"schema":{"@context":"https:\/\/schema.org","@graph":[{"@type":"WebPage","@id":"https:\/\/interagere.com.br\/site\/fale-conosco\/","url":"https:\/\/interagere.com.br\/site\/fale-conosco\/","name":"Fale Conosco - INTERAGERE","isPartOf":{"@id":"https:\/\/interagere.com.br\/site\/#website"},"primaryImageOfPage":{"@id":"https:\/\/interagere.com.br\/site\/fale-conosco\/#primaryimage"},"image":{"@id":"https:\/\/interagere.com.br\/site\/fale-conosco\/#primaryimage"},"thumbnailUrl":"https:\/\/interagere.com.br\/site\/wp-content\/uploads\/2024\/10\/7-Produtos-e-Servicos-Interagere.jpg","datePublished":"2015-08-11T22:42:12+00:00","dateModified":"2024-11-10T20:55:55+00:00","description":"Fale Conosco e tenha acesso aos nossos servi\u00e7os e solu\u00e7\u00f5es.","breadcrumb":{"@id":"https:\/\/interagere.com.br\/site\/fale-conosco\/#breadcrumb"},"inLanguage":"pt-BR","potentialAction":[{"@type":"ReadAction","target":["https:\/\/interagere.com.br\/site\/fale-conosco\/"]}]},{"@type":"ImageObject","inLanguage":"pt-BR","@id":"https:\/\/interagere.com.br\/site\/fale-conosco\/#primaryimage","url":"https:\/\/interagere.com.br\/site\/wp-content\/uploads\/2024\/10\/7-Produtos-e-Servicos-Interagere.jpg","contentUrl":"https:\/\/interagere.com.br\/site\/wp-content\/uploads\/2024\/10\/7-Produtos-e-Servicos-Interagere.jpg"},{"@type":"BreadcrumbList","@id":"https:\/\/interagere.com.br\/site\/fale-conosco\/#breadcrumb","itemListElement":[{"@type":"ListItem","position":1,"name":"In\u00edcio","item":"https:\/\/interagere.com.br\/site\/"},{"@type":"ListItem","position":2,"name":"Fale Conosco"}]},{"@type":"WebSite","@id":"https:\/\/interagere.com.br\/site\/#website","url":"https:\/\/interagere.com.br\/site\/","name":"INTERAGERE","description":"Seu Parceiro Premium de Excel\u00eancia - +55 (12) 4141.0123 - Assessoria e Treinamento em: Gest\u00e3o, Competitividade, Qualidade, Projetos, Lean, 6 Sigma, Inova\u00e7\u00e3o","potentialAction":[{"@type":"SearchAction","target":{"@type":"EntryPoint","urlTemplate":"https:\/\/interagere.com.br\/site\/?s={search_term_string}"},"query-input":{"@type":"PropertyValueSpecification","valueRequired":true,"valueName":"search_term_string"}}],"inLanguage":"pt-BR"}]}},"_links":{"self":[{"href":"https:\/\/interagere.com.br\/site\/wp-json\/wp\/v2\/pages\/347","targetHints":{"allow":["GET"]}}],"collection":[{"href":"https:\/\/interagere.com.br\/site\/wp-json\/wp\/v2\/pages"}],"about":[{"href":"https:\/\/interagere.com.br\/site\/wp-json\/wp\/v2\/types\/page"}],"author":[{"embeddable":true,"href":"https:\/\/interagere.com.br\/site\/wp-json\/wp\/v2\/users\/1"}],"replies":[{"embeddable":true,"href":"https:\/\/interagere.com.br\/site\/wp-json\/wp\/v2\/comments?post=347"}],"version-history":[{"count":92,"href":"https:\/\/interagere.com.br\/site\/wp-json\/wp\/v2\/pages\/347\/revisions"}],"predecessor-version":[{"id":1857,"href":"https:\/\/interagere.com.br\/site\/wp-json\/wp\/v2\/pages\/347\/revisions\/1857"}],"wp:attachment":[{"href":"https:\/\/interagere.com.br\/site\/wp-json\/wp\/v2\/media?parent=347"}],"curies":[{"name":"wp","href":"https:\/\/api.w.org\/{rel}","templated":true}]}}