{"id":244,"date":"2015-08-06T18:02:35","date_gmt":"2015-08-06T18:02:35","guid":{"rendered":"http:\/\/interagere.com.br\/site\/?page_id=244"},"modified":"2024-12-18T22:37:12","modified_gmt":"2024-12-19T01:37:12","slug":"treinamentos","status":"publish","type":"page","link":"https:\/\/interagere.com.br\/site\/treinamentos\/","title":{"rendered":"Treinamentos"},"content":{"rendered":"<h2 style=\"text-align: center;\">Treinamentos Premium Interagere \u00ae<\/h2>\n<hr \/>\n<blockquote>\n<h4 style=\"text-align: center;\">Nossa solu\u00e7\u00e3o em Treinamentos e Mentoria em Excel\u00eancia e Gest\u00e3o Empresarial, tem avalia\u00e7\u00e3o excelente de clientes e participantes, com metodologia diferenciada em padr\u00e3o e qualidade que trouxemos em 2015 para o Brasil.<\/h4>\n<h4 style=\"text-align: center;\">Tendo como um dos principais destaques, o resultado em ganhos de competitividade, produtividade, redu\u00e7\u00e3o de custos, atrav\u00e9s da qualifica\u00e7\u00e3o de sua equipe, melhorando times e processos, mas respeitando a Cultura e o &#8220;DNA&#8221; da sua Empresa.<\/h4>\n<\/blockquote>\n<p><a href=\"https:\/\/interagere.com.br\/site\/wp-content\/uploads\/2024\/12\/Treinos1.jpg\"><img fetchpriority=\"high\" decoding=\"async\" class=\"alignleft size-full wp-image-1937\" src=\"https:\/\/interagere.com.br\/site\/wp-content\/uploads\/2024\/12\/Treinos1.jpg\" alt=\"\" width=\"1280\" height=\"720\" srcset=\"https:\/\/interagere.com.br\/site\/wp-content\/uploads\/2024\/12\/Treinos1.jpg 1280w, https:\/\/interagere.com.br\/site\/wp-content\/uploads\/2024\/12\/Treinos1-300x169.jpg 300w, https:\/\/interagere.com.br\/site\/wp-content\/uploads\/2024\/12\/Treinos1-1024x576.jpg 1024w, https:\/\/interagere.com.br\/site\/wp-content\/uploads\/2024\/12\/Treinos1-768x432.jpg 768w\" sizes=\"(max-width: 1280px) 100vw, 1280px\" \/><\/a> <a href=\"https:\/\/interagere.com.br\/site\/wp-content\/uploads\/2024\/12\/Treinos2.jpg\"><img decoding=\"async\" class=\"alignleft size-full wp-image-1938\" src=\"https:\/\/interagere.com.br\/site\/wp-content\/uploads\/2024\/12\/Treinos2.jpg\" alt=\"\" width=\"1280\" height=\"720\" srcset=\"https:\/\/interagere.com.br\/site\/wp-content\/uploads\/2024\/12\/Treinos2.jpg 1280w, https:\/\/interagere.com.br\/site\/wp-content\/uploads\/2024\/12\/Treinos2-300x169.jpg 300w, https:\/\/interagere.com.br\/site\/wp-content\/uploads\/2024\/12\/Treinos2-1024x576.jpg 1024w, https:\/\/interagere.com.br\/site\/wp-content\/uploads\/2024\/12\/Treinos2-768x432.jpg 768w\" sizes=\"(max-width: 1280px) 100vw, 1280px\" \/><\/a> <img decoding=\"async\" class=\"alignleft size-full wp-image-1940\" src=\"https:\/\/interagere.com.br\/site\/wp-content\/uploads\/2024\/12\/Treinos4.jpg\" alt=\"\" width=\"1280\" height=\"720\" srcset=\"https:\/\/interagere.com.br\/site\/wp-content\/uploads\/2024\/12\/Treinos4.jpg 1280w, https:\/\/interagere.com.br\/site\/wp-content\/uploads\/2024\/12\/Treinos4-300x169.jpg 300w, https:\/\/interagere.com.br\/site\/wp-content\/uploads\/2024\/12\/Treinos4-1024x576.jpg 1024w, https:\/\/interagere.com.br\/site\/wp-content\/uploads\/2024\/12\/Treinos4-768x432.jpg 768w\" sizes=\"(max-width: 1280px) 100vw, 1280px\" \/> <a style=\"color: #ea9629; text-decoration-line: underline; outline: 0px;\" href=\"https:\/\/interagere.com.br\/site\/wp-content\/uploads\/2024\/12\/Treinos5.jpg\"><img loading=\"lazy\" decoding=\"async\" class=\"alignleft size-full wp-image-1941\" src=\"https:\/\/interagere.com.br\/site\/wp-content\/uploads\/2024\/12\/Treinos5.jpg\" alt=\"\" width=\"1280\" height=\"720\" srcset=\"https:\/\/interagere.com.br\/site\/wp-content\/uploads\/2024\/12\/Treinos5.jpg 1280w, https:\/\/interagere.com.br\/site\/wp-content\/uploads\/2024\/12\/Treinos5-300x169.jpg 300w, https:\/\/interagere.com.br\/site\/wp-content\/uploads\/2024\/12\/Treinos5-1024x576.jpg 1024w, https:\/\/interagere.com.br\/site\/wp-content\/uploads\/2024\/12\/Treinos5-768x432.jpg 768w\" sizes=\"(max-width: 1280px) 100vw, 1280px\" \/><\/a><img loading=\"lazy\" decoding=\"async\" class=\"alignleft size-full wp-image-1942\" style=\"color: #ea9629;\" src=\"https:\/\/interagere.com.br\/site\/wp-content\/uploads\/2024\/12\/Treinos6.jpg\" alt=\"\" width=\"1280\" height=\"720\" srcset=\"https:\/\/interagere.com.br\/site\/wp-content\/uploads\/2024\/12\/Treinos6.jpg 1280w, https:\/\/interagere.com.br\/site\/wp-content\/uploads\/2024\/12\/Treinos6-300x169.jpg 300w, https:\/\/interagere.com.br\/site\/wp-content\/uploads\/2024\/12\/Treinos6-1024x576.jpg 1024w, https:\/\/interagere.com.br\/site\/wp-content\/uploads\/2024\/12\/Treinos6-768x432.jpg 768w\" sizes=\"(max-width: 1280px) 100vw, 1280px\" \/><img loading=\"lazy\" decoding=\"async\" class=\"alignleft size-full wp-image-1943\" style=\"color: #ea9629;\" src=\"https:\/\/interagere.com.br\/site\/wp-content\/uploads\/2024\/12\/Treinos7.jpg\" alt=\"\" width=\"1280\" height=\"720\" srcset=\"https:\/\/interagere.com.br\/site\/wp-content\/uploads\/2024\/12\/Treinos7.jpg 1280w, https:\/\/interagere.com.br\/site\/wp-content\/uploads\/2024\/12\/Treinos7-300x169.jpg 300w, https:\/\/interagere.com.br\/site\/wp-content\/uploads\/2024\/12\/Treinos7-1024x576.jpg 1024w, https:\/\/interagere.com.br\/site\/wp-content\/uploads\/2024\/12\/Treinos7-768x432.jpg 768w\" sizes=\"(max-width: 1280px) 100vw, 1280px\" \/><img loading=\"lazy\" decoding=\"async\" class=\"alignleft size-full wp-image-1946\" src=\"https:\/\/interagere.com.br\/site\/wp-content\/uploads\/2024\/12\/Treinos10.jpg\" alt=\"\" width=\"1280\" height=\"720\" srcset=\"https:\/\/interagere.com.br\/site\/wp-content\/uploads\/2024\/12\/Treinos10.jpg 1280w, https:\/\/interagere.com.br\/site\/wp-content\/uploads\/2024\/12\/Treinos10-300x169.jpg 300w, https:\/\/interagere.com.br\/site\/wp-content\/uploads\/2024\/12\/Treinos10-1024x576.jpg 1024w, https:\/\/interagere.com.br\/site\/wp-content\/uploads\/2024\/12\/Treinos10-768x432.jpg 768w\" sizes=\"(max-width: 1280px) 100vw, 1280px\" \/><img loading=\"lazy\" decoding=\"async\" class=\"alignleft size-full wp-image-1944\" src=\"https:\/\/interagere.com.br\/site\/wp-content\/uploads\/2024\/12\/Treinos8.jpg\" alt=\"\" width=\"1280\" height=\"720\" srcset=\"https:\/\/interagere.com.br\/site\/wp-content\/uploads\/2024\/12\/Treinos8.jpg 1280w, https:\/\/interagere.com.br\/site\/wp-content\/uploads\/2024\/12\/Treinos8-300x169.jpg 300w, https:\/\/interagere.com.br\/site\/wp-content\/uploads\/2024\/12\/Treinos8-1024x576.jpg 1024w, https:\/\/interagere.com.br\/site\/wp-content\/uploads\/2024\/12\/Treinos8-768x432.jpg 768w\" sizes=\"(max-width: 1280px) 100vw, 1280px\" \/><img loading=\"lazy\" decoding=\"async\" class=\"alignleft size-full wp-image-1945\" src=\"https:\/\/interagere.com.br\/site\/wp-content\/uploads\/2024\/12\/Treinos9.jpg\" alt=\"\" width=\"1280\" height=\"720\" srcset=\"https:\/\/interagere.com.br\/site\/wp-content\/uploads\/2024\/12\/Treinos9.jpg 1280w, https:\/\/interagere.com.br\/site\/wp-content\/uploads\/2024\/12\/Treinos9-300x169.jpg 300w, https:\/\/interagere.com.br\/site\/wp-content\/uploads\/2024\/12\/Treinos9-1024x576.jpg 1024w, https:\/\/interagere.com.br\/site\/wp-content\/uploads\/2024\/12\/Treinos9-768x432.jpg 768w\" sizes=\"(max-width: 1280px) 100vw, 1280px\" \/><img loading=\"lazy\" decoding=\"async\" class=\"alignleft size-full wp-image-1947\" src=\"https:\/\/interagere.com.br\/site\/wp-content\/uploads\/2024\/12\/Treinos11.jpg\" alt=\"\" width=\"1280\" height=\"720\" srcset=\"https:\/\/interagere.com.br\/site\/wp-content\/uploads\/2024\/12\/Treinos11.jpg 1280w, https:\/\/interagere.com.br\/site\/wp-content\/uploads\/2024\/12\/Treinos11-300x169.jpg 300w, https:\/\/interagere.com.br\/site\/wp-content\/uploads\/2024\/12\/Treinos11-1024x576.jpg 1024w, https:\/\/interagere.com.br\/site\/wp-content\/uploads\/2024\/12\/Treinos11-768x432.jpg 768w\" sizes=\"(max-width: 1280px) 100vw, 1280px\" \/> <a href=\"https:\/\/interagere.com.br\/site\/wp-content\/uploads\/2024\/12\/Treinos12.jpg\"><img loading=\"lazy\" decoding=\"async\" class=\"alignleft size-full wp-image-1948\" src=\"https:\/\/interagere.com.br\/site\/wp-content\/uploads\/2024\/12\/Treinos12.jpg\" alt=\"\" width=\"1280\" height=\"720\" srcset=\"https:\/\/interagere.com.br\/site\/wp-content\/uploads\/2024\/12\/Treinos12.jpg 1280w, https:\/\/interagere.com.br\/site\/wp-content\/uploads\/2024\/12\/Treinos12-300x169.jpg 300w, https:\/\/interagere.com.br\/site\/wp-content\/uploads\/2024\/12\/Treinos12-1024x576.jpg 1024w, https:\/\/interagere.com.br\/site\/wp-content\/uploads\/2024\/12\/Treinos12-768x432.jpg 768w\" sizes=\"(max-width: 1280px) 100vw, 1280px\" \/><\/a><\/p>\n<hr \/>\n<h4 style=\"text-align: center;\"><strong><br \/>\nFale conosco:<br \/>\n<\/strong><a href=\"https:\/\/api.whatsapp.com\/send?phone=5512997400310\"><i>+55 (12) 9 9740-0310<\/i><\/a><strong><a href=\"https:\/\/interagere.com.br\/site\/wp-content\/uploads\/2024\/12\/QRCODE_WAPP_REGINA.png\"><img loading=\"lazy\" decoding=\"async\" class=\"wp-image-1949 aligncenter\" src=\"https:\/\/interagere.com.br\/site\/wp-content\/uploads\/2024\/12\/QRCODE_WAPP_REGINA.png\" alt=\"\" width=\"289\" height=\"291\" srcset=\"https:\/\/interagere.com.br\/site\/wp-content\/uploads\/2024\/12\/QRCODE_WAPP_REGINA.png 586w, https:\/\/interagere.com.br\/site\/wp-content\/uploads\/2024\/12\/QRCODE_WAPP_REGINA-298x300.png 298w, https:\/\/interagere.com.br\/site\/wp-content\/uploads\/2024\/12\/QRCODE_WAPP_REGINA-150x150.png 150w\" sizes=\"(max-width: 289px) 100vw, 289px\" \/><\/a><br \/>\n<a href=\"https:\/\/interagere.com.br\/site\/fale-conosco\/\">Ou click aqui<\/a><\/strong><\/h4>\n<p>&nbsp;<\/p>\n","protected":false},"excerpt":{"rendered":"<p>Treinamentos Premium Interagere \u00ae Nossa solu\u00e7\u00e3o em Treinamentos e Mentoria em Excel\u00eancia e Gest\u00e3o Empresarial, tem avalia\u00e7\u00e3o excelente de clientes e participantes, com metodologia diferenciada em padr\u00e3o e qualidade que trouxemos em<a class=\"moretag\" href=\"https:\/\/interagere.com.br\/site\/treinamentos\/\">Read More&#8230;<\/a><\/p>\n","protected":false},"author":1,"featured_media":0,"parent":0,"menu_order":0,"comment_status":"closed","ping_status":"closed","template":"","meta":{"_mo_disable_npp":"","footnotes":""},"class_list":["post-244","page","type-page","status-publish","hentry"],"yoast_head":"<!-- This site is optimized with the Yoast SEO plugin v27.2 - https:\/\/yoast.com\/product\/yoast-seo-wordpress\/ -->\n<title>Treinamentos - INTERAGERE<\/title>\n<meta name=\"description\" content=\"Treinamentos especiais em Lean, 6 Sigma, Excel\u00eancia, redu\u00e7\u00e3o de custos, supply chain, crescimento.\" \/>\n<meta name=\"robots\" content=\"index, follow, max-snippet:-1, max-image-preview:large, max-video-preview:-1\" \/>\n<link rel=\"canonical\" href=\"https:\/\/interagere.com.br\/site\/treinamentos\/\" \/>\n<meta property=\"og:locale\" content=\"pt_BR\" \/>\n<meta property=\"og:type\" content=\"article\" \/>\n<meta property=\"og:title\" content=\"Treinamentos - INTERAGERE\" \/>\n<meta property=\"og:description\" content=\"Treinamentos especiais em Lean, 6 Sigma, Excel\u00eancia, redu\u00e7\u00e3o de custos, supply chain, crescimento.\" \/>\n<meta property=\"og:url\" content=\"https:\/\/interagere.com.br\/site\/treinamentos\/\" \/>\n<meta property=\"og:site_name\" content=\"INTERAGERE\" \/>\n<meta property=\"article:modified_time\" content=\"2024-12-19T01:37:12+00:00\" \/>\n<meta property=\"og:image\" content=\"https:\/\/interagere.com.br\/site\/wp-content\/uploads\/2024\/12\/Treinos1.jpg\" \/>\n\t<meta property=\"og:image:width\" content=\"1280\" \/>\n\t<meta property=\"og:image:height\" content=\"720\" \/>\n\t<meta property=\"og:image:type\" content=\"image\/jpeg\" \/>\n<meta name=\"twitter:card\" content=\"summary_large_image\" \/>\n<meta name=\"twitter:label1\" content=\"Est. tempo de leitura\" \/>\n\t<meta name=\"twitter:data1\" content=\"3 minutos\" \/>\n<script type=\"application\/ld+json\" class=\"yoast-schema-graph\">{\"@context\":\"https:\/\/schema.org\",\"@graph\":[{\"@type\":\"WebPage\",\"@id\":\"https:\/\/interagere.com.br\/site\/treinamentos\/\",\"url\":\"https:\/\/interagere.com.br\/site\/treinamentos\/\",\"name\":\"Treinamentos - INTERAGERE\",\"isPartOf\":{\"@id\":\"https:\/\/interagere.com.br\/site\/#website\"},\"primaryImageOfPage\":{\"@id\":\"https:\/\/interagere.com.br\/site\/treinamentos\/#primaryimage\"},\"image\":{\"@id\":\"https:\/\/interagere.com.br\/site\/treinamentos\/#primaryimage\"},\"thumbnailUrl\":\"https:\/\/interagere.com.br\/site\/wp-content\/uploads\/2024\/12\/Treinos1.jpg\",\"datePublished\":\"2015-08-06T18:02:35+00:00\",\"dateModified\":\"2024-12-19T01:37:12+00:00\",\"description\":\"Treinamentos especiais em Lean, 6 Sigma, Excel\u00eancia, redu\u00e7\u00e3o de custos, supply chain, crescimento.\",\"breadcrumb\":{\"@id\":\"https:\/\/interagere.com.br\/site\/treinamentos\/#breadcrumb\"},\"inLanguage\":\"pt-BR\",\"potentialAction\":[{\"@type\":\"ReadAction\",\"target\":[\"https:\/\/interagere.com.br\/site\/treinamentos\/\"]}]},{\"@type\":\"ImageObject\",\"inLanguage\":\"pt-BR\",\"@id\":\"https:\/\/interagere.com.br\/site\/treinamentos\/#primaryimage\",\"url\":\"https:\/\/interagere.com.br\/site\/wp-content\/uploads\/2024\/12\/Treinos1.jpg\",\"contentUrl\":\"https:\/\/interagere.com.br\/site\/wp-content\/uploads\/2024\/12\/Treinos1.jpg\"},{\"@type\":\"BreadcrumbList\",\"@id\":\"https:\/\/interagere.com.br\/site\/treinamentos\/#breadcrumb\",\"itemListElement\":[{\"@type\":\"ListItem\",\"position\":1,\"name\":\"In\u00edcio\",\"item\":\"https:\/\/interagere.com.br\/site\/\"},{\"@type\":\"ListItem\",\"position\":2,\"name\":\"Treinamentos\"}]},{\"@type\":\"WebSite\",\"@id\":\"https:\/\/interagere.com.br\/site\/#website\",\"url\":\"https:\/\/interagere.com.br\/site\/\",\"name\":\"INTERAGERE\",\"description\":\"Seu Parceiro Premium de Excel\u00eancia - +55 (12) 4141.0123 - Assessoria e Treinamento em: Gest\u00e3o, Competitividade, Qualidade, Projetos, Lean, 6 Sigma, Inova\u00e7\u00e3o\",\"potentialAction\":[{\"@type\":\"SearchAction\",\"target\":{\"@type\":\"EntryPoint\",\"urlTemplate\":\"https:\/\/interagere.com.br\/site\/?s={search_term_string}\"},\"query-input\":{\"@type\":\"PropertyValueSpecification\",\"valueRequired\":true,\"valueName\":\"search_term_string\"}}],\"inLanguage\":\"pt-BR\"}]}<\/script>\n<!-- \/ Yoast SEO plugin. -->","yoast_head_json":{"title":"Treinamentos - INTERAGERE","description":"Treinamentos especiais em Lean, 6 Sigma, Excel\u00eancia, redu\u00e7\u00e3o de custos, supply chain, crescimento.","robots":{"index":"index","follow":"follow","max-snippet":"max-snippet:-1","max-image-preview":"max-image-preview:large","max-video-preview":"max-video-preview:-1"},"canonical":"https:\/\/interagere.com.br\/site\/treinamentos\/","og_locale":"pt_BR","og_type":"article","og_title":"Treinamentos - INTERAGERE","og_description":"Treinamentos especiais em Lean, 6 Sigma, Excel\u00eancia, redu\u00e7\u00e3o de custos, supply chain, crescimento.","og_url":"https:\/\/interagere.com.br\/site\/treinamentos\/","og_site_name":"INTERAGERE","article_modified_time":"2024-12-19T01:37:12+00:00","og_image":[{"width":1280,"height":720,"url":"https:\/\/interagere.com.br\/site\/wp-content\/uploads\/2024\/12\/Treinos1.jpg","type":"image\/jpeg"}],"twitter_card":"summary_large_image","twitter_misc":{"Est. tempo de leitura":"3 minutos"},"schema":{"@context":"https:\/\/schema.org","@graph":[{"@type":"WebPage","@id":"https:\/\/interagere.com.br\/site\/treinamentos\/","url":"https:\/\/interagere.com.br\/site\/treinamentos\/","name":"Treinamentos - INTERAGERE","isPartOf":{"@id":"https:\/\/interagere.com.br\/site\/#website"},"primaryImageOfPage":{"@id":"https:\/\/interagere.com.br\/site\/treinamentos\/#primaryimage"},"image":{"@id":"https:\/\/interagere.com.br\/site\/treinamentos\/#primaryimage"},"thumbnailUrl":"https:\/\/interagere.com.br\/site\/wp-content\/uploads\/2024\/12\/Treinos1.jpg","datePublished":"2015-08-06T18:02:35+00:00","dateModified":"2024-12-19T01:37:12+00:00","description":"Treinamentos especiais em Lean, 6 Sigma, Excel\u00eancia, redu\u00e7\u00e3o de custos, supply chain, crescimento.","breadcrumb":{"@id":"https:\/\/interagere.com.br\/site\/treinamentos\/#breadcrumb"},"inLanguage":"pt-BR","potentialAction":[{"@type":"ReadAction","target":["https:\/\/interagere.com.br\/site\/treinamentos\/"]}]},{"@type":"ImageObject","inLanguage":"pt-BR","@id":"https:\/\/interagere.com.br\/site\/treinamentos\/#primaryimage","url":"https:\/\/interagere.com.br\/site\/wp-content\/uploads\/2024\/12\/Treinos1.jpg","contentUrl":"https:\/\/interagere.com.br\/site\/wp-content\/uploads\/2024\/12\/Treinos1.jpg"},{"@type":"BreadcrumbList","@id":"https:\/\/interagere.com.br\/site\/treinamentos\/#breadcrumb","itemListElement":[{"@type":"ListItem","position":1,"name":"In\u00edcio","item":"https:\/\/interagere.com.br\/site\/"},{"@type":"ListItem","position":2,"name":"Treinamentos"}]},{"@type":"WebSite","@id":"https:\/\/interagere.com.br\/site\/#website","url":"https:\/\/interagere.com.br\/site\/","name":"INTERAGERE","description":"Seu Parceiro Premium de Excel\u00eancia - +55 (12) 4141.0123 - Assessoria e Treinamento em: Gest\u00e3o, Competitividade, Qualidade, Projetos, Lean, 6 Sigma, Inova\u00e7\u00e3o","potentialAction":[{"@type":"SearchAction","target":{"@type":"EntryPoint","urlTemplate":"https:\/\/interagere.com.br\/site\/?s={search_term_string}"},"query-input":{"@type":"PropertyValueSpecification","valueRequired":true,"valueName":"search_term_string"}}],"inLanguage":"pt-BR"}]}},"_links":{"self":[{"href":"https:\/\/interagere.com.br\/site\/wp-json\/wp\/v2\/pages\/244","targetHints":{"allow":["GET"]}}],"collection":[{"href":"https:\/\/interagere.com.br\/site\/wp-json\/wp\/v2\/pages"}],"about":[{"href":"https:\/\/interagere.com.br\/site\/wp-json\/wp\/v2\/types\/page"}],"author":[{"embeddable":true,"href":"https:\/\/interagere.com.br\/site\/wp-json\/wp\/v2\/users\/1"}],"replies":[{"embeddable":true,"href":"https:\/\/interagere.com.br\/site\/wp-json\/wp\/v2\/comments?post=244"}],"version-history":[{"count":44,"href":"https:\/\/interagere.com.br\/site\/wp-json\/wp\/v2\/pages\/244\/revisions"}],"predecessor-version":[{"id":1958,"href":"https:\/\/interagere.com.br\/site\/wp-json\/wp\/v2\/pages\/244\/revisions\/1958"}],"wp:attachment":[{"href":"https:\/\/interagere.com.br\/site\/wp-json\/wp\/v2\/media?parent=244"}],"curies":[{"name":"wp","href":"https:\/\/api.w.org\/{rel}","templated":true}]}}