{"id":2131,"date":"2025-01-22T12:49:01","date_gmt":"2025-01-22T15:49:01","guid":{"rendered":"https:\/\/interagere.com.br\/site\/?page_id=2131"},"modified":"2026-04-30T15:08:22","modified_gmt":"2026-04-30T18:08:22","slug":"cadastro-trilhas","status":"publish","type":"page","link":"https:\/\/interagere.com.br\/site\/cadastro-trilhas\/","title":{"rendered":"TRILHAS DE EXCEL\u00caNCIA PARA RH &#8211; SAIBA MAIS!"},"content":{"rendered":"<h3><a href=\"https:\/\/interagere.com.br\/site\/wp-content\/uploads\/2026\/04\/Capa_Frame_Trilhas_RH.jpg\"><img fetchpriority=\"high\" decoding=\"async\" class=\"alignleft size-full wp-image-2338\" src=\"https:\/\/interagere.com.br\/site\/wp-content\/uploads\/2026\/04\/Capa_Frame_Trilhas_RH.jpg\" alt=\"\" width=\"1593\" height=\"892\" srcset=\"https:\/\/interagere.com.br\/site\/wp-content\/uploads\/2026\/04\/Capa_Frame_Trilhas_RH.jpg 1593w, https:\/\/interagere.com.br\/site\/wp-content\/uploads\/2026\/04\/Capa_Frame_Trilhas_RH-300x168.jpg 300w, https:\/\/interagere.com.br\/site\/wp-content\/uploads\/2026\/04\/Capa_Frame_Trilhas_RH-1024x573.jpg 1024w, https:\/\/interagere.com.br\/site\/wp-content\/uploads\/2026\/04\/Capa_Frame_Trilhas_RH-768x430.jpg 768w, https:\/\/interagere.com.br\/site\/wp-content\/uploads\/2026\/04\/Capa_Frame_Trilhas_RH-1536x860.jpg 1536w\" sizes=\"(max-width: 1593px) 100vw, 1593px\" \/><\/a><\/h3>\n<h3><a href=\"https:\/\/interagere.com.br\/site\/wp-content\/uploads\/2025\/02\/Captura1b.jpg\"><img decoding=\"async\" class=\"alignleft wp-image-2195 size-full\" src=\"https:\/\/interagere.com.br\/site\/wp-content\/uploads\/2025\/02\/Captura1b.jpg\" alt=\"\" width=\"1605\" height=\"685\" srcset=\"https:\/\/interagere.com.br\/site\/wp-content\/uploads\/2025\/02\/Captura1b.jpg 1605w, https:\/\/interagere.com.br\/site\/wp-content\/uploads\/2025\/02\/Captura1b-300x128.jpg 300w, https:\/\/interagere.com.br\/site\/wp-content\/uploads\/2025\/02\/Captura1b-1024x437.jpg 1024w, https:\/\/interagere.com.br\/site\/wp-content\/uploads\/2025\/02\/Captura1b-768x328.jpg 768w, https:\/\/interagere.com.br\/site\/wp-content\/uploads\/2025\/02\/Captura1b-1536x656.jpg 1536w\" sizes=\"(max-width: 1605px) 100vw, 1605px\" \/><\/a><\/h3>\n<h2 style=\"text-align: center;\"><span style=\"color: #ffffff;\">INSCREVA-SE NO HOTMART PELO LINK ABAIXO:<\/span><\/h2>\n<h2 style=\"text-align: center;\"><span style=\"color: #999999;\"><a style=\"color: #999999;\" href=\"https:\/\/interagere.hotmart.host\/excelencia-rh\">interagere.hotmart.host\/excelencia-rh<\/a><\/span><\/h2>\n<h2><\/h2>\n<h2 style=\"text-align: center;\"><span style=\"color: #ffffff;\">OU CADASTRE-SE ABAIXO E RECEBA INFORMA\u00c7\u00d5ES SOBRE NOSSAS TURMAS VIA INTERNET E PRESENCIAIS<\/span><\/h2>\n<p>&nbsp;<\/p>\n<h3><a href=\"https:\/\/interagere.com.br\/site\/wp-content\/uploads\/2025\/02\/Captura2b.jpg\"><img decoding=\"async\" class=\"alignleft wp-image-2196 size-full\" src=\"https:\/\/interagere.com.br\/site\/wp-content\/uploads\/2025\/02\/Captura2b.jpg\" alt=\"\" width=\"1573\" height=\"875\" srcset=\"https:\/\/interagere.com.br\/site\/wp-content\/uploads\/2025\/02\/Captura2b.jpg 1573w, https:\/\/interagere.com.br\/site\/wp-content\/uploads\/2025\/02\/Captura2b-300x167.jpg 300w, https:\/\/interagere.com.br\/site\/wp-content\/uploads\/2025\/02\/Captura2b-1024x570.jpg 1024w, https:\/\/interagere.com.br\/site\/wp-content\/uploads\/2025\/02\/Captura2b-768x427.jpg 768w, https:\/\/interagere.com.br\/site\/wp-content\/uploads\/2025\/02\/Captura2b-1536x854.jpg 1536w\" sizes=\"(max-width: 1573px) 100vw, 1573px\" \/><\/a><\/h3>\n<h3><a href=\"https:\/\/interagere.com.br\/site\/wp-content\/uploads\/2025\/02\/Captura3.jpg\"><img loading=\"lazy\" decoding=\"async\" class=\"alignleft wp-image-2193 size-full\" src=\"https:\/\/interagere.com.br\/site\/wp-content\/uploads\/2025\/02\/Captura3.jpg\" alt=\"\" width=\"1090\" height=\"612\" srcset=\"https:\/\/interagere.com.br\/site\/wp-content\/uploads\/2025\/02\/Captura3.jpg 1090w, https:\/\/interagere.com.br\/site\/wp-content\/uploads\/2025\/02\/Captura3-300x168.jpg 300w, https:\/\/interagere.com.br\/site\/wp-content\/uploads\/2025\/02\/Captura3-1024x575.jpg 1024w, https:\/\/interagere.com.br\/site\/wp-content\/uploads\/2025\/02\/Captura3-768x431.jpg 768w\" sizes=\"(max-width: 1090px) 100vw, 1090px\" \/><\/a><\/h3>\n<p><a href=\"https:\/\/interagere.com.br\/site\/wp-content\/uploads\/2025\/05\/Slide4.jpg\"><img loading=\"lazy\" decoding=\"async\" class=\"alignleft wp-image-2211 size-full\" src=\"https:\/\/interagere.com.br\/site\/wp-content\/uploads\/2025\/05\/Slide4.jpg\" alt=\"\" width=\"1280\" height=\"720\" srcset=\"https:\/\/interagere.com.br\/site\/wp-content\/uploads\/2025\/05\/Slide4.jpg 1280w, https:\/\/interagere.com.br\/site\/wp-content\/uploads\/2025\/05\/Slide4-300x169.jpg 300w, https:\/\/interagere.com.br\/site\/wp-content\/uploads\/2025\/05\/Slide4-1024x576.jpg 1024w, https:\/\/interagere.com.br\/site\/wp-content\/uploads\/2025\/05\/Slide4-768x432.jpg 768w\" sizes=\"(max-width: 1280px) 100vw, 1280px\" \/><\/a><a href=\"https:\/\/interagere.com.br\/site\/wp-content\/uploads\/2025\/05\/Slide5.jpg\"><img loading=\"lazy\" decoding=\"async\" class=\"alignleft wp-image-2212 size-full\" src=\"https:\/\/interagere.com.br\/site\/wp-content\/uploads\/2025\/05\/Slide5.jpg\" alt=\"\" width=\"1280\" height=\"720\" srcset=\"https:\/\/interagere.com.br\/site\/wp-content\/uploads\/2025\/05\/Slide5.jpg 1280w, https:\/\/interagere.com.br\/site\/wp-content\/uploads\/2025\/05\/Slide5-300x169.jpg 300w, https:\/\/interagere.com.br\/site\/wp-content\/uploads\/2025\/05\/Slide5-1024x576.jpg 1024w, https:\/\/interagere.com.br\/site\/wp-content\/uploads\/2025\/05\/Slide5-768x432.jpg 768w\" sizes=\"(max-width: 1280px) 100vw, 1280px\" \/><\/a><\/p>\n<h3><a href=\"https:\/\/interagere.com.br\/site\/wp-content\/uploads\/2025\/05\/Slide7-1.jpg\"><img loading=\"lazy\" decoding=\"async\" class=\"alignleft wp-image-2223 size-full\" src=\"https:\/\/interagere.com.br\/site\/wp-content\/uploads\/2025\/05\/Slide7-1.jpg\" alt=\"\" width=\"1280\" height=\"720\" srcset=\"https:\/\/interagere.com.br\/site\/wp-content\/uploads\/2025\/05\/Slide7-1.jpg 1280w, https:\/\/interagere.com.br\/site\/wp-content\/uploads\/2025\/05\/Slide7-1-300x169.jpg 300w, https:\/\/interagere.com.br\/site\/wp-content\/uploads\/2025\/05\/Slide7-1-1024x576.jpg 1024w, https:\/\/interagere.com.br\/site\/wp-content\/uploads\/2025\/05\/Slide7-1-768x432.jpg 768w\" sizes=\"(max-width: 1280px) 100vw, 1280px\" \/><\/a><\/h3>\n<p>&nbsp;<\/p>\n<h3 style=\"text-align: center;\"><a href=\"https:\/\/interagere.com.br\/site\/wp-content\/uploads\/2025\/02\/Captura8.jpg\"><img loading=\"lazy\" decoding=\"async\" class=\"alignleft size-full wp-image-2199\" src=\"https:\/\/interagere.com.br\/site\/wp-content\/uploads\/2025\/02\/Captura8.jpg\" alt=\"\" width=\"1056\" height=\"591\" srcset=\"https:\/\/interagere.com.br\/site\/wp-content\/uploads\/2025\/02\/Captura8.jpg 1056w, https:\/\/interagere.com.br\/site\/wp-content\/uploads\/2025\/02\/Captura8-300x168.jpg 300w, https:\/\/interagere.com.br\/site\/wp-content\/uploads\/2025\/02\/Captura8-1024x573.jpg 1024w, https:\/\/interagere.com.br\/site\/wp-content\/uploads\/2025\/02\/Captura8-768x430.jpg 768w\" sizes=\"(max-width: 1056px) 100vw, 1056px\" \/><\/a> <a href=\"https:\/\/interagere.com.br\/site\/wp-content\/uploads\/2025\/01\/Land7.jpg\"><img loading=\"lazy\" decoding=\"async\" class=\"wp-image-2138 size-full aligncenter\" src=\"https:\/\/interagere.com.br\/site\/wp-content\/uploads\/2025\/01\/Land7.jpg\" alt=\"\" width=\"1635\" height=\"917\" srcset=\"https:\/\/interagere.com.br\/site\/wp-content\/uploads\/2025\/01\/Land7.jpg 1635w, https:\/\/interagere.com.br\/site\/wp-content\/uploads\/2025\/01\/Land7-300x168.jpg 300w, https:\/\/interagere.com.br\/site\/wp-content\/uploads\/2025\/01\/Land7-1024x574.jpg 1024w, https:\/\/interagere.com.br\/site\/wp-content\/uploads\/2025\/01\/Land7-768x431.jpg 768w, https:\/\/interagere.com.br\/site\/wp-content\/uploads\/2025\/01\/Land7-1536x861.jpg 1536w\" sizes=\"(max-width: 1635px) 100vw, 1635px\" \/><\/a><\/h3>\n<p>&nbsp;<\/p>\n<p style=\"text-align: center;\"><span style=\"color: #ffffff;\">QUER SABER MAIS PELO WHATSAPP, FALE CONOSCO:<\/span><\/p>\n<h4 style=\"text-align: center;\"><span style=\"color: #ffffff;\"><a style=\"color: #ffffff;\" href=\"https:\/\/api.whatsapp.com\/send?phone=5512997400310\">+55 12 9 9740-0310<\/a>.<\/span><\/h4>\n<h2 style=\"text-align: center;\"><span style=\"color: #ffffff;\">INSCREVA-SE NO HOTMART PELO LINK ABAIXO:<\/span><\/h2>\n<h2 style=\"text-align: center;\"><span style=\"color: #999999;\"><a style=\"color: #999999;\" href=\"https:\/\/interagere.hotmart.host\/excelencia-rh\">interagere.hotmart.host\/excelencia-rh<\/a><\/span><\/h2>\n<h2><\/h2>\n<h2 style=\"text-align: center;\"><span style=\"color: #ffffff;\">OU CADASTRE-SE E RECEBA MAIS INFORMA\u00c7\u00d5ES SOBRE NOSSAS TURMAS VIA INTERNET E PRESENCIAIS:<\/span><\/h2>\n<p style=\"text-align: center;\"><span style=\"color: #999999;\">Ao preencher o cadastro, voc\u00ea estar\u00e1 nos concedendo autoriza\u00e7\u00e3o conforme LGPD para lhe enviarmos informa\u00e7\u00f5es e entrarmos em contato:<\/span><\/p>\n<hr \/>\n\n<div class=\"wpcf7 no-js\" id=\"wpcf7-f1920-o1\" lang=\"pt-BR\" dir=\"ltr\" data-wpcf7-id=\"1920\">\n<div class=\"screen-reader-response\"><p role=\"status\" aria-live=\"polite\" aria-atomic=\"true\"><\/p> <ul><\/ul><\/div>\n<form action=\"\/site\/wp-json\/wp\/v2\/pages\/2131#wpcf7-f1920-o1\" method=\"post\" class=\"wpcf7-form init\" aria-label=\"Formul\u00e1rios de contato\" novalidate=\"novalidate\" data-status=\"init\">\n<fieldset class=\"hidden-fields-container\"><input type=\"hidden\" name=\"_wpcf7\" value=\"1920\" \/><input type=\"hidden\" name=\"_wpcf7_version\" value=\"6.1.5\" \/><input type=\"hidden\" name=\"_wpcf7_locale\" value=\"pt_BR\" \/><input type=\"hidden\" name=\"_wpcf7_unit_tag\" value=\"wpcf7-f1920-o1\" \/><input type=\"hidden\" name=\"_wpcf7_container_post\" value=\"0\" \/><input type=\"hidden\" name=\"_wpcf7_posted_data_hash\" value=\"\" \/>\n<\/fieldset>\n<p><i class=\"fa fa-user fa-lg\"><\/i>&nbsp;&nbsp;<span class=\"wpcf7-form-control-wrap\" data-name=\"nomeempresa\"><input size=\"40\" maxlength=\"400\" class=\"wpcf7-form-control wpcf7-text wpcf7-validates-as-required\" aria-required=\"true\" aria-invalid=\"false\" placeholder=\"Insira seu nome\" value=\"\" type=\"text\" name=\"nomeempresa\" \/><\/span><br \/>\n<i class=\"fa fa-wrench fa-lg\"><\/i>&nbsp;&nbsp;<span class=\"wpcf7-form-control-wrap\" data-name=\"Seunome\"><input size=\"40\" maxlength=\"400\" class=\"wpcf7-form-control wpcf7-text wpcf7-validates-as-required\" aria-required=\"true\" aria-invalid=\"false\" placeholder=\"Insira seu cargo\" value=\"\" type=\"text\" name=\"Seunome\" \/><\/span><br \/>\n<i class=\"fa fa-home fa-lg\"><\/i>&nbsp;&nbsp;<span class=\"wpcf7-form-control-wrap\" data-name=\"seucargo\"><input size=\"40\" maxlength=\"400\" class=\"wpcf7-form-control wpcf7-text wpcf7-validates-as-required\" aria-required=\"true\" aria-invalid=\"false\" placeholder=\"Nome da empresa\" value=\"\" type=\"text\" name=\"seucargo\" \/><\/span><br \/>\n<i class=\"fa fa-fax fa-lg\"><\/i>&nbsp;&nbsp;<span class=\"wpcf7-form-control-wrap\" data-name=\"seutelefone\"><input size=\"40\" maxlength=\"400\" class=\"wpcf7-form-control wpcf7-text wpcf7-validates-as-required\" aria-required=\"true\" aria-invalid=\"false\" placeholder=\"Insira seu telefone\" value=\"\" type=\"text\" name=\"seutelefone\" \/><\/span><br \/>\n<i class=\"fa fa-envelope fa-lg\"><\/i>&nbsp; <span class=\"wpcf7-form-control-wrap\" data-name=\"seuemail\"><input size=\"40\" maxlength=\"400\" class=\"wpcf7-form-control wpcf7-text wpcf7-validates-as-required\" aria-required=\"true\" aria-invalid=\"false\" placeholder=\"Insira seu e-mail\" value=\"\" type=\"text\" name=\"seuemail\" \/><\/span><br \/>\n<span class=\"wpcf7-form-control-wrap\" data-name=\"mensagem\"><textarea cols=\"40\" rows=\"10\" maxlength=\"2000\" class=\"wpcf7-form-control wpcf7-textarea\" aria-invalid=\"false\" placeholder=\"Por favor, informe qual Consultoria deseja participar: 1, 2, 3, 4 ou 5 ? \n1. Planejamento Estrat\u00e9gico\n2. Cultura Enxuta Lean\n3. Champion 6 Sigma\n4. Projetos de Excel\u00eancia\n5. Trilhas de Excel\u00eancia\nE, se desejar, conte um pouco sobre a experi\u00eancia e expectativas para sua Empresa ou para Voc\u00ea...\" name=\"mensagem\"><\/textarea><\/span>\n<\/p>\n<p><input class=\"wpcf7-form-control wpcf7-submit has-spinner\" type=\"submit\" value=\"Enviar cadastro\" \/>\n<\/p><div class=\"wpcf7-response-output\" aria-hidden=\"true\"><\/div>\n<\/form>\n<\/div>\n\n","protected":false},"excerpt":{"rendered":"<p>INSCREVA-SE NO HOTMART PELO LINK ABAIXO: interagere.hotmart.host\/excelencia-rh OU CADASTRE-SE ABAIXO E RECEBA INFORMA\u00c7\u00d5ES SOBRE NOSSAS TURMAS VIA INTERNET E PRESENCIAIS &nbsp; &nbsp; &nbsp; QUER SABER MAIS PELO WHATSAPP, FALE CONOSCO: +55 12<a class=\"moretag\" href=\"https:\/\/interagere.com.br\/site\/cadastro-trilhas\/\">Read More&#8230;<\/a><\/p>\n","protected":false},"author":2,"featured_media":0,"parent":0,"menu_order":0,"comment_status":"closed","ping_status":"closed","template":"","meta":{"_mo_disable_npp":"","footnotes":""},"class_list":["post-2131","page","type-page","status-publish","hentry"],"yoast_head":"<!-- This site is optimized with the Yoast SEO plugin v27.2 - https:\/\/yoast.com\/product\/yoast-seo-wordpress\/ -->\n<title>TRILHAS DE EXCEL\u00caNCIA PARA RH - SAIBA MAIS! - INTERAGERE<\/title>\n<meta name=\"robots\" content=\"index, follow, max-snippet:-1, max-image-preview:large, max-video-preview:-1\" \/>\n<link rel=\"canonical\" href=\"https:\/\/interagere.com.br\/site\/cadastro-trilhas\/\" \/>\n<meta property=\"og:locale\" content=\"pt_BR\" \/>\n<meta property=\"og:type\" content=\"article\" \/>\n<meta property=\"og:title\" content=\"TRILHAS DE EXCEL\u00caNCIA PARA RH - SAIBA MAIS! - INTERAGERE\" \/>\n<meta property=\"og:description\" content=\"INSCREVA-SE NO HOTMART PELO LINK ABAIXO: interagere.hotmart.host\/excelencia-rh OU CADASTRE-SE ABAIXO E RECEBA INFORMA\u00c7\u00d5ES SOBRE NOSSAS TURMAS VIA INTERNET E PRESENCIAIS &nbsp; &nbsp; &nbsp; QUER SABER MAIS PELO WHATSAPP, FALE CONOSCO: +55 12Read More...\" \/>\n<meta property=\"og:url\" content=\"https:\/\/interagere.com.br\/site\/cadastro-trilhas\/\" \/>\n<meta property=\"og:site_name\" content=\"INTERAGERE\" \/>\n<meta property=\"article:modified_time\" content=\"2026-04-30T18:08:22+00:00\" \/>\n<meta property=\"og:image\" content=\"https:\/\/interagere.com.br\/site\/wp-content\/uploads\/2026\/04\/Capa_Frame_Trilhas_RH.jpg\" \/>\n\t<meta property=\"og:image:width\" content=\"1593\" \/>\n\t<meta property=\"og:image:height\" content=\"892\" \/>\n\t<meta property=\"og:image:type\" content=\"image\/jpeg\" \/>\n<meta name=\"twitter:card\" content=\"summary_large_image\" \/>\n<meta name=\"twitter:label1\" content=\"Est. tempo de leitura\" \/>\n\t<meta name=\"twitter:data1\" content=\"3 minutos\" \/>\n<script type=\"application\/ld+json\" class=\"yoast-schema-graph\">{\"@context\":\"https:\/\/schema.org\",\"@graph\":[{\"@type\":\"WebPage\",\"@id\":\"https:\/\/interagere.com.br\/site\/cadastro-trilhas\/\",\"url\":\"https:\/\/interagere.com.br\/site\/cadastro-trilhas\/\",\"name\":\"TRILHAS DE EXCEL\u00caNCIA PARA RH - SAIBA MAIS! - INTERAGERE\",\"isPartOf\":{\"@id\":\"https:\/\/interagere.com.br\/site\/#website\"},\"primaryImageOfPage\":{\"@id\":\"https:\/\/interagere.com.br\/site\/cadastro-trilhas\/#primaryimage\"},\"image\":{\"@id\":\"https:\/\/interagere.com.br\/site\/cadastro-trilhas\/#primaryimage\"},\"thumbnailUrl\":\"https:\/\/interagere.com.br\/site\/wp-content\/uploads\/2026\/04\/Capa_Frame_Trilhas_RH.jpg\",\"datePublished\":\"2025-01-22T15:49:01+00:00\",\"dateModified\":\"2026-04-30T18:08:22+00:00\",\"breadcrumb\":{\"@id\":\"https:\/\/interagere.com.br\/site\/cadastro-trilhas\/#breadcrumb\"},\"inLanguage\":\"pt-BR\",\"potentialAction\":[{\"@type\":\"ReadAction\",\"target\":[\"https:\/\/interagere.com.br\/site\/cadastro-trilhas\/\"]}]},{\"@type\":\"ImageObject\",\"inLanguage\":\"pt-BR\",\"@id\":\"https:\/\/interagere.com.br\/site\/cadastro-trilhas\/#primaryimage\",\"url\":\"https:\/\/interagere.com.br\/site\/wp-content\/uploads\/2026\/04\/Capa_Frame_Trilhas_RH.jpg\",\"contentUrl\":\"https:\/\/interagere.com.br\/site\/wp-content\/uploads\/2026\/04\/Capa_Frame_Trilhas_RH.jpg\"},{\"@type\":\"BreadcrumbList\",\"@id\":\"https:\/\/interagere.com.br\/site\/cadastro-trilhas\/#breadcrumb\",\"itemListElement\":[{\"@type\":\"ListItem\",\"position\":1,\"name\":\"In\u00edcio\",\"item\":\"https:\/\/interagere.com.br\/site\/\"},{\"@type\":\"ListItem\",\"position\":2,\"name\":\"TRILHAS DE EXCEL\u00caNCIA PARA RH &#8211; SAIBA MAIS!\"}]},{\"@type\":\"WebSite\",\"@id\":\"https:\/\/interagere.com.br\/site\/#website\",\"url\":\"https:\/\/interagere.com.br\/site\/\",\"name\":\"INTERAGERE\",\"description\":\"Seu Parceiro Premium de Excel\u00eancia - +55 (12) 4141.0123 - Assessoria e Treinamento em: Gest\u00e3o, Competitividade, Qualidade, Projetos, Lean, 6 Sigma, Inova\u00e7\u00e3o\",\"potentialAction\":[{\"@type\":\"SearchAction\",\"target\":{\"@type\":\"EntryPoint\",\"urlTemplate\":\"https:\/\/interagere.com.br\/site\/?s={search_term_string}\"},\"query-input\":{\"@type\":\"PropertyValueSpecification\",\"valueRequired\":true,\"valueName\":\"search_term_string\"}}],\"inLanguage\":\"pt-BR\"}]}<\/script>\n<!-- \/ Yoast SEO plugin. -->","yoast_head_json":{"title":"TRILHAS DE EXCEL\u00caNCIA PARA RH - SAIBA MAIS! - INTERAGERE","robots":{"index":"index","follow":"follow","max-snippet":"max-snippet:-1","max-image-preview":"max-image-preview:large","max-video-preview":"max-video-preview:-1"},"canonical":"https:\/\/interagere.com.br\/site\/cadastro-trilhas\/","og_locale":"pt_BR","og_type":"article","og_title":"TRILHAS DE EXCEL\u00caNCIA PARA RH - SAIBA MAIS! - INTERAGERE","og_description":"INSCREVA-SE NO HOTMART PELO LINK ABAIXO: interagere.hotmart.host\/excelencia-rh OU CADASTRE-SE ABAIXO E RECEBA INFORMA\u00c7\u00d5ES SOBRE NOSSAS TURMAS VIA INTERNET E PRESENCIAIS &nbsp; &nbsp; &nbsp; QUER SABER MAIS PELO WHATSAPP, FALE CONOSCO: +55 12Read More...","og_url":"https:\/\/interagere.com.br\/site\/cadastro-trilhas\/","og_site_name":"INTERAGERE","article_modified_time":"2026-04-30T18:08:22+00:00","og_image":[{"width":1593,"height":892,"url":"https:\/\/interagere.com.br\/site\/wp-content\/uploads\/2026\/04\/Capa_Frame_Trilhas_RH.jpg","type":"image\/jpeg"}],"twitter_card":"summary_large_image","twitter_misc":{"Est. tempo de leitura":"3 minutos"},"schema":{"@context":"https:\/\/schema.org","@graph":[{"@type":"WebPage","@id":"https:\/\/interagere.com.br\/site\/cadastro-trilhas\/","url":"https:\/\/interagere.com.br\/site\/cadastro-trilhas\/","name":"TRILHAS DE EXCEL\u00caNCIA PARA RH - SAIBA MAIS! - INTERAGERE","isPartOf":{"@id":"https:\/\/interagere.com.br\/site\/#website"},"primaryImageOfPage":{"@id":"https:\/\/interagere.com.br\/site\/cadastro-trilhas\/#primaryimage"},"image":{"@id":"https:\/\/interagere.com.br\/site\/cadastro-trilhas\/#primaryimage"},"thumbnailUrl":"https:\/\/interagere.com.br\/site\/wp-content\/uploads\/2026\/04\/Capa_Frame_Trilhas_RH.jpg","datePublished":"2025-01-22T15:49:01+00:00","dateModified":"2026-04-30T18:08:22+00:00","breadcrumb":{"@id":"https:\/\/interagere.com.br\/site\/cadastro-trilhas\/#breadcrumb"},"inLanguage":"pt-BR","potentialAction":[{"@type":"ReadAction","target":["https:\/\/interagere.com.br\/site\/cadastro-trilhas\/"]}]},{"@type":"ImageObject","inLanguage":"pt-BR","@id":"https:\/\/interagere.com.br\/site\/cadastro-trilhas\/#primaryimage","url":"https:\/\/interagere.com.br\/site\/wp-content\/uploads\/2026\/04\/Capa_Frame_Trilhas_RH.jpg","contentUrl":"https:\/\/interagere.com.br\/site\/wp-content\/uploads\/2026\/04\/Capa_Frame_Trilhas_RH.jpg"},{"@type":"BreadcrumbList","@id":"https:\/\/interagere.com.br\/site\/cadastro-trilhas\/#breadcrumb","itemListElement":[{"@type":"ListItem","position":1,"name":"In\u00edcio","item":"https:\/\/interagere.com.br\/site\/"},{"@type":"ListItem","position":2,"name":"TRILHAS DE EXCEL\u00caNCIA PARA RH &#8211; SAIBA MAIS!"}]},{"@type":"WebSite","@id":"https:\/\/interagere.com.br\/site\/#website","url":"https:\/\/interagere.com.br\/site\/","name":"INTERAGERE","description":"Seu Parceiro Premium de Excel\u00eancia - +55 (12) 4141.0123 - Assessoria e Treinamento em: Gest\u00e3o, Competitividade, Qualidade, Projetos, Lean, 6 Sigma, Inova\u00e7\u00e3o","potentialAction":[{"@type":"SearchAction","target":{"@type":"EntryPoint","urlTemplate":"https:\/\/interagere.com.br\/site\/?s={search_term_string}"},"query-input":{"@type":"PropertyValueSpecification","valueRequired":true,"valueName":"search_term_string"}}],"inLanguage":"pt-BR"}]}},"_links":{"self":[{"href":"https:\/\/interagere.com.br\/site\/wp-json\/wp\/v2\/pages\/2131","targetHints":{"allow":["GET"]}}],"collection":[{"href":"https:\/\/interagere.com.br\/site\/wp-json\/wp\/v2\/pages"}],"about":[{"href":"https:\/\/interagere.com.br\/site\/wp-json\/wp\/v2\/types\/page"}],"author":[{"embeddable":true,"href":"https:\/\/interagere.com.br\/site\/wp-json\/wp\/v2\/users\/2"}],"replies":[{"embeddable":true,"href":"https:\/\/interagere.com.br\/site\/wp-json\/wp\/v2\/comments?post=2131"}],"version-history":[{"count":23,"href":"https:\/\/interagere.com.br\/site\/wp-json\/wp\/v2\/pages\/2131\/revisions"}],"predecessor-version":[{"id":2339,"href":"https:\/\/interagere.com.br\/site\/wp-json\/wp\/v2\/pages\/2131\/revisions\/2339"}],"wp:attachment":[{"href":"https:\/\/interagere.com.br\/site\/wp-json\/wp\/v2\/media?parent=2131"}],"curies":[{"name":"wp","href":"https:\/\/api.w.org\/{rel}","templated":true}]}}