{"id":2,"date":"2016-06-01T23:35:48","date_gmt":"2016-06-02T02:35:48","guid":{"rendered":"http:\/\/interagere.com.br\/site\/?page_id=2"},"modified":"2025-05-14T17:28:47","modified_gmt":"2025-05-14T20:28:47","slug":"home","status":"publish","type":"page","link":"https:\/\/interagere.com.br\/site\/","title":{"rendered":"Home"},"content":{"rendered":"<p><!-- Google tag (gtag.js) --><br \/>\n<script async src=\"https:\/\/www.googletagmanager.com\/gtag\/js?id=G-T47F28Z0BF\"><\/script><br \/>\n<script>\n  window.dataLayer = window.dataLayer || [];\n  function gtag(){dataLayer.push(arguments);}\n  gtag('js', new Date());<\/p>\n<p>  gtag('config', 'G-T47F28Z0BF');\n<\/script><\/p>\n<h2><img fetchpriority=\"high\" decoding=\"async\" src=\"https:\/\/interagere.com.br\/site\/wp-content\/uploads\/2024\/04\/BannerTransfDiamante.png\" alt=\"\" width=\"2849\" height=\"1235\" \/><\/h2>\n<h2 style=\"text-align: center;\">Com Treinamento e<br \/>\nConsultoria premium<br \/>\nem:<\/h2>\n<h2 style=\"text-align: center;\"><span style=\"color: #000000;\">Excel\u00eancia, Estrat\u00e9gia, Gest\u00e3o, Inova\u00e7\u00e3o, Melhoria e Lideran\u00e7a.<\/span><\/h2>\n<p style=\"text-align: center;\"><div class=\"tx-row \">\n<div class=\"tx-column tx-column-size-1-3\"><a href=\"https:\/\/interagere.com.br\/site\/excelencia-empresarial-operacional-opex\/\"><div class=\"tx-service default\" style=\"\"><div class=\"tx-service-icon\"><span><i class=\"fa fa-check-circle\"><\/i><\/span><\/div><div class=\"tx-service-title\">Excel\u00eancia<\/div><div class=\"tx-service-text\">Foco em tornar-se o melhor em seu ramo de atua\u00e7\u00e3o atrav\u00e9s das melhores pr\u00e1ticas, estrat\u00e9gias e indicadores de excel\u00eancia.<\/div><\/div><\/div><\/a><a style=\"color: #ea9629\" href=\"https:\/\/interagere.com.br\/site\/conhecendo-o-6-sigma\/\"><div class=\"tx-column tx-column-size-1-3\"><\/a><a href=\"https:\/\/interagere.com.br\/site\/o-que-e-o-lean\/\"><div class=\"tx-service default\" style=\"\"><div class=\"tx-service-icon\"><span><i class=\"fa fa-cogs\"><\/i><\/span><\/div><div class=\"tx-service-title\">Lean<\/div><div class=\"tx-service-text\">Produto ou servi\u00e7o certo, no momento certo, na quantidade certa, e ainda, a\u00e7\u00e3o imediata sobre dist\u00farbios do processo.<\/div><\/div><\/div><\/a><a href=\"https:\/\/interagere.com.br\/site\/conhecendo-o-6-sigma\/\"> <div class=\"tx-column tx-column-size-1-3\"><div class=\"tx-service default\" style=\"\"><div class=\"tx-service-icon\"><span><i class=\"fa fa-retweet\"><\/i><\/span><\/div><div class=\"tx-service-title\">6 Sigma<\/div><div class=\"tx-service-text\">Foco no controle e combate a varia\u00e7\u00e3o no que agrega valor. Saiba desenvolver seus produtos ou servi\u00e7os isentos de defeitos.<\/div><\/div><\/div>\n<\/a><a href=\"http:\/\/interagere.com.br\/site\/2016\/01\/06\/excelencia-empresarial-operacional-opex\/\"><\/div><\/a><\/p>\n<p style=\"text-align: center;\"><div class=\"tx-divider clearfix\" style=\"margin-top: 24px;margin-bottom: 24px\"><\/div>\n<p><a href=\"https:\/\/interagere.com.br\/site\/cadastro-trilhas\/\"><img decoding=\"async\" class=\"alignleft size-full wp-image-2221\" src=\"https:\/\/interagere.com.br\/site\/wp-content\/uploads\/2025\/05\/INTERAGERE-CAPA-E-MAIL-COMPLETO.jpg\" alt=\"\" width=\"1980\" height=\"500\" srcset=\"https:\/\/interagere.com.br\/site\/wp-content\/uploads\/2025\/05\/INTERAGERE-CAPA-E-MAIL-COMPLETO.jpg 1980w, https:\/\/interagere.com.br\/site\/wp-content\/uploads\/2025\/05\/INTERAGERE-CAPA-E-MAIL-COMPLETO-300x76.jpg 300w, https:\/\/interagere.com.br\/site\/wp-content\/uploads\/2025\/05\/INTERAGERE-CAPA-E-MAIL-COMPLETO-1024x259.jpg 1024w, https:\/\/interagere.com.br\/site\/wp-content\/uploads\/2025\/05\/INTERAGERE-CAPA-E-MAIL-COMPLETO-768x194.jpg 768w, https:\/\/interagere.com.br\/site\/wp-content\/uploads\/2025\/05\/INTERAGERE-CAPA-E-MAIL-COMPLETO-1536x388.jpg 1536w\" sizes=\"(max-width: 1980px) 100vw, 1980px\" \/><\/a><\/p>\n<p style=\"text-align: center;\"><div class=\"tx-cta\" style=\"\"><div class=\"tx-cta-text\"> NA ERA DA INFORMA\u00c7\u00c3O, CONHECIMENTO, COMPETI\u00c7\u00c3O GLOBAL, INTELIG\u00caNCIA ARTIFICIAL E DA EXCEL\u00caNCIA: VOC\u00ca, SUA LIDERAN\u00c7A E RH EST\u00c3O DE FATO PRONTOS PARA OS DESAFIOS? <\/div><a href=\"https:\/\/interagere.com.br\/site\/cadastro-trilhas\/%20\" class=\"cta-button\">Clique e Conhe\u00e7a essa Inova\u00e7\u00e3o: TRILHAS DE EXCEL\u00caNCIA PARA RH!<\/a><div class=\"clear\"><\/div><\/div>\n<p style=\"text-align: center;\"><div class=\"tx-divider clearfix\" style=\"margin-top: 24px;margin-bottom: 24px\"><\/div>\n<h2><\/h2>\n<h2><img decoding=\"async\" class=\"aligncenter\" src=\"https:\/\/interagere.com.br\/site\/wp-content\/uploads\/2024\/04\/Slide12-1024x576.jpg\" alt=\"\" width=\"604\" height=\"340\" \/><\/h2>\n<h2 style=\"text-align: center;\">Solu\u00e7\u00f5es e Treinamentos Interagere<sup>\u00ae<\/sup>:<\/h2>\n<p style=\"text-align: center;\"><div class=\"tx-portfolio tx-post-row tx-masonry \"><div class=\"tx-portfolio-item tx-post-col-4\"><div class=\"tx-border-box\"><div class=\"tx-folio-img\"><div class=\"tx-folio-img-wrap\"><img decoding=\"async\" src=\"https:\/\/interagere.com.br\/site\/wp-content\/uploads\/2023\/09\/artboard-4-1-e1694549361685-600x480.webp\" alt=\"\" class=\"folio-img\" \/><\/div><div class=\"folio-links\"><span><a href=\"https:\/\/interagere.com.br\/site\/?portfolio=palestras-de-excelencia\" class=\"folio-linkico\"><i class=\"fa fa-link\"><\/i><\/a><a href=\"https:\/\/interagere.com.br\/site\/wp-content\/uploads\/2023\/09\/artboard-4-1-e1694549361685-1024x607.webp\" class=\"tx-colorbox folio-zoomico\"><i class=\"fa fa-search-plus\"><\/i><\/a><\/span><\/div><\/div><span class=\"folio-head\"><h3 class=\"tx-folio-title\"><a href=\"https:\/\/interagere.com.br\/site\/?portfolio=palestras-de-excelencia\">PALESTRAS: Um caminho para multiplicar a Excel\u00eancia em sua Organiza\u00e7\u00e3o<\/a><\/h3><div style=\"display: block; clear: both; height: 16px;\"><\/div><\/span><\/div><\/div><div class=\"tx-portfolio-item tx-post-col-4\"><div class=\"tx-border-box\"><div class=\"tx-folio-img\"><div class=\"tx-folio-img-wrap\"><img decoding=\"async\" src=\"https:\/\/interagere.com.br\/site\/wp-content\/uploads\/2015\/07\/Assessoria-Lean-600x480.jpg\" alt=\"\" class=\"folio-img\" \/><\/div><div class=\"folio-links\"><span><a href=\"https:\/\/interagere.com.br\/site\/?portfolio=assessoria-para-empresarios\" class=\"folio-linkico\"><i class=\"fa fa-link\"><\/i><\/a><a href=\"https:\/\/interagere.com.br\/site\/wp-content\/uploads\/2015\/07\/Assessoria-Lean.jpg\" class=\"tx-colorbox folio-zoomico\"><i class=\"fa fa-search-plus\"><\/i><\/a><\/span><\/div><\/div><span class=\"folio-head\"><h3 class=\"tx-folio-title\"><a href=\"https:\/\/interagere.com.br\/site\/?portfolio=assessoria-para-empresarios\">ASSESSORIA: Velocidade e A\u00e7\u00e3o Imediata<\/a><\/h3><div style=\"display: block; clear: both; height: 16px;\"><\/div><\/span><\/div><\/div><div class=\"tx-portfolio-item tx-post-col-4\"><div class=\"tx-border-box\"><div class=\"tx-folio-img\"><div class=\"tx-folio-img-wrap\"><img decoding=\"async\" src=\"https:\/\/interagere.com.br\/site\/wp-content\/uploads\/2015\/07\/Consultoria-para-Grupos-600x480.jpg\" alt=\"\" class=\"folio-img\" \/><\/div><div class=\"folio-links\"><span><a href=\"https:\/\/interagere.com.br\/site\/?portfolio=treinamento\" class=\"folio-linkico\"><i class=\"fa fa-link\"><\/i><\/a><a href=\"https:\/\/interagere.com.br\/site\/wp-content\/uploads\/2015\/07\/Consultoria-para-Grupos.jpg\" class=\"tx-colorbox folio-zoomico\"><i class=\"fa fa-search-plus\"><\/i><\/a><\/span><\/div><\/div><span class=\"folio-head\"><h3 class=\"tx-folio-title\"><a href=\"https:\/\/interagere.com.br\/site\/?portfolio=treinamento\">TREINAMENTO: Multiplicar, Perenizar e r\u00e1pido Payback<\/a><\/h3><div style=\"display: block; clear: both; height: 16px;\"><\/div><\/span><\/div><\/div><div class=\"tx-portfolio-item tx-post-col-4\"><div class=\"tx-border-box\"><div class=\"tx-folio-img\"><div class=\"tx-folio-img-wrap\"><img decoding=\"async\" src=\"https:\/\/interagere.com.br\/site\/wp-content\/uploads\/2015\/07\/page1_pic1-600x480.jpg\" alt=\"\" class=\"folio-img\" \/><\/div><div class=\"folio-links\"><span><a href=\"https:\/\/interagere.com.br\/site\/?portfolio=consultoria\" class=\"folio-linkico\"><i class=\"fa fa-link\"><\/i><\/a><a href=\"https:\/\/interagere.com.br\/site\/wp-content\/uploads\/2015\/07\/page1_pic1.jpg\" class=\"tx-colorbox folio-zoomico\"><i class=\"fa fa-search-plus\"><\/i><\/a><\/span><\/div><\/div><span class=\"folio-head\"><h3 class=\"tx-folio-title\"><a href=\"https:\/\/interagere.com.br\/site\/?portfolio=consultoria\">CONSULTORIA: Orienta\u00e7\u00e3o e Planejamento Estrat\u00e9gico<\/a><\/h3><div style=\"display: block; clear: both; height: 16px;\"><\/div><\/span><\/div><\/div><\/div>\n<p style=\"text-align: center;\"><div class=\"tx-divider clearfix\" style=\"margin-top: 24px;margin-bottom: 24px\"><\/div>\n<h2 style=\"text-align: center;\"><\/h2>\n<h2 style=\"text-align: center;\">\u00daltimas informa\u00e7\u00f5es:<\/h2>\n<p style=\"text-align: center;\"><div class=\"tx-blog tx-post-row tx-masonry\"><div class=\"tx-blog-item tx-post-col-4\"><div class=\"tx-border-box\"><div class=\"tx-blog-img\"><a href=\"https:\/\/interagere.com.br\/site\/wp-content\/uploads\/2025\/07\/CapaConscientizacaoExcelenciaInteragere-709x1024.jpg\" class=\"tx-colorbox\"><img decoding=\"async\" src=\"https:\/\/interagere.com.br\/site\/wp-content\/uploads\/2025\/07\/CapaConscientizacaoExcelenciaInteragere-600x360.jpg\" alt=\"\" class=\"blog-image\" \/><\/a><span class=\"tx-post-comm\"><span>0<\/span><\/span><\/div><div class=\"tx-post-content\"><h3 class=\"tx-post-title\"><a href=\"https:\/\/interagere.com.br\/site\/conscientizacao-em-excelencia-novo-ebook-curso-online\/\">CONSCIENTIZA\u00c7\u00c3O EM EXCEL\u00caNCIA: Novo eBook &#038; Curso Online<\/a><\/h3><div class=\"tx-category\"><a href=\"https:\/\/interagere.com.br\/site\/category\/excelencia\/\" rel=\"category tag\">Excel\u00eancia<\/a><\/div><div class=\"tx-blog-content\">Acelere a Excel\u00eancia e Sucesso na Organiza\u00e7\u00e3o Em um mercado cada vez mais din\u00e2mico e competitivo, a excel\u00eancia deixou de ser um diferencial e se tornou uma necessidade vital para a sobreviv\u00eancia&lt;a class=&quot;moretag&quot; href=&quot;https:\/\/interagere.com.br\/site\/conscientizacao-em-excelencia-novo-ebook-curso-online\/&quot;&gt;Read More...&lt;\/a&gt;<\/div><div class=\"tx-meta\"><span class=\"tx-author\">By : <a href=\"https:\/\/interagere.com.br\/site\/author\/anderson\/\">Anderson Sa<\/a><\/span><span class=\"tx-date\"> | jul 23, 2025<\/span><\/div><\/div><\/div><\/div><div class=\"tx-blog-item tx-post-col-4\"><div class=\"tx-border-box\"><div class=\"tx-blog-img\"><a href=\"https:\/\/interagere.com.br\/site\/wp-content\/uploads\/2025\/01\/TrilhasRH_Interagere1-1024x576.jpg\" class=\"tx-colorbox\"><img decoding=\"async\" src=\"https:\/\/interagere.com.br\/site\/wp-content\/uploads\/2025\/01\/TrilhasRH_Interagere1-600x360.jpg\" alt=\"\" class=\"blog-image\" \/><\/a><span class=\"tx-post-comm\"><span>0<\/span><\/span><\/div><div class=\"tx-post-content\"><h3 class=\"tx-post-title\"><a href=\"https:\/\/interagere.com.br\/site\/a-importancia-do-rh-para-a-excelencia\/\">A Import\u00e2ncia do RH para a Excel\u00eancia<\/a><\/h3><div class=\"tx-category\"><a href=\"https:\/\/interagere.com.br\/site\/category\/6-sigma\/\" rel=\"category tag\">6 Sigma<\/a>, <a href=\"https:\/\/interagere.com.br\/site\/category\/excelencia\/\" rel=\"category tag\">Excel\u00eancia<\/a>, <a href=\"https:\/\/interagere.com.br\/site\/category\/lean\/\" rel=\"category tag\">Lean<\/a><\/div><div class=\"tx-blog-content\">A Import\u00e2ncia do RH na implanta\u00e7\u00e3o e alavancagem de Jornadas de Excel\u00eancia e Inova\u00e7\u00e3o nas empresas A \u00e1rea de Recursos Humanos, RH, desempenha um papel crucial na implanta\u00e7\u00e3o, alavancagem e sucesso de&lt;a class=&quot;moretag&quot; href=&quot;https:\/\/interagere.com.br\/site\/a-importancia-do-rh-para-a-excelencia\/&quot;&gt;Read More...&lt;\/a&gt;<\/div><div class=\"tx-meta\"><span class=\"tx-author\">By : <a href=\"https:\/\/interagere.com.br\/site\/author\/anderson\/\">Anderson Sa<\/a><\/span><span class=\"tx-date\"> | jan 13, 2025<\/span><\/div><\/div><\/div><\/div><div class=\"tx-blog-item tx-post-col-4\"><div class=\"tx-border-box\"><div class=\"tx-blog-img\"><a href=\"https:\/\/interagere.com.br\/site\/wp-content\/uploads\/2025\/01\/1734433286013-1024x1024.jpg\" class=\"tx-colorbox\"><img decoding=\"async\" src=\"https:\/\/interagere.com.br\/site\/wp-content\/uploads\/2025\/01\/1734433286013-600x360.jpg\" alt=\"\" class=\"blog-image\" \/><\/a><span class=\"tx-post-comm\"><span>0<\/span><\/span><\/div><div class=\"tx-post-content\"><h3 class=\"tx-post-title\"><a href=\"https:\/\/interagere.com.br\/site\/janeiro-de-2025-treinamento-planejamento-estrategico-com-o-sindipecas\/\">Treinamento PLANEJAMENTO ESTRAT\u00c9GICO com o Sindipe\u00e7as &#8211; 20 de Janeiro de 2025<\/a><\/h3><div class=\"tx-category\"><a href=\"https:\/\/interagere.com.br\/site\/category\/excelencia\/\" rel=\"category tag\">Excel\u00eancia<\/a><\/div><div class=\"tx-blog-content\">Iniciando 2025 ministrando o treinamento PLANEJAMENTO ESTRAT\u00c9GICO na parceria da Interagere com o Instituto Sindipe\u00e7as. Dias 20 e 21\/Janeiro online Objetivo do curso: Aplicar ferramentas-chave de planejamento para a excel\u00eancia em processos&lt;a class=&quot;moretag&quot; href=&quot;https:\/\/interagere.com.br\/site\/janeiro-de-2025-treinamento-planejamento-estrategico-com-o-sindipecas\/&quot;&gt;Read More...&lt;\/a&gt;<\/div><div class=\"tx-meta\"><span class=\"tx-author\">By : <a href=\"https:\/\/interagere.com.br\/site\/author\/anderson\/\">Anderson Sa<\/a><\/span><span class=\"tx-date\"> | jan 3, 2025<\/span><\/div><\/div><\/div><\/div><div class=\"tx-blog-item tx-post-col-4\"><div class=\"tx-border-box\"><div class=\"tx-blog-img\"><a href=\"https:\/\/interagere.com.br\/site\/wp-content\/uploads\/2021\/06\/LennonglassCnz.jpg\" class=\"tx-colorbox\"><img decoding=\"async\" src=\"https:\/\/interagere.com.br\/site\/wp-content\/uploads\/2021\/06\/LennonglassCnz-600x360.jpg\" alt=\"\" class=\"blog-image\" \/><\/a><span class=\"tx-post-comm\"><span>0<\/span><\/span><\/div><div class=\"tx-post-content\"><h3 class=\"tx-post-title\"><a href=\"https:\/\/interagere.com.br\/site\/imagine-consideracoes-para\/\">Imagine o sucesso de sua Gest\u00e3o esse Novo Ano!<\/a><\/h3><div class=\"tx-category\"><a href=\"https:\/\/interagere.com.br\/site\/category\/6-sigma\/\" rel=\"category tag\">6 Sigma<\/a>, <a href=\"https:\/\/interagere.com.br\/site\/category\/excelencia\/\" rel=\"category tag\">Excel\u00eancia<\/a>, <a href=\"https:\/\/interagere.com.br\/site\/category\/lean\/\" rel=\"category tag\">Lean<\/a><\/div><div class=\"tx-blog-content\">&#8220;Imagine seu papel no Novo Ano&#8221; Sempre ao final de cada ciclo, h\u00e1 a possibilidade de um tempo de reflex\u00e3o, de an\u00e1lise com as li\u00e7\u00f5es aprendidas: as considera\u00e7\u00f5es para o seu sucesso!&lt;a class=&quot;moretag&quot; href=&quot;https:\/\/interagere.com.br\/site\/imagine-consideracoes-para\/&quot;&gt;Read More...&lt;\/a&gt;<\/div><div class=\"tx-meta\"><span class=\"tx-author\">By : <a href=\"https:\/\/interagere.com.br\/site\/author\/anderson\/\">Anderson Sa<\/a><\/span><span class=\"tx-date\"> | dez 30, 2024<\/span><\/div><\/div><\/div><\/div><\/div>\n","protected":false},"excerpt":{"rendered":"<p>Com Treinamento e Consultoria premium em: Excel\u00eancia, Estrat\u00e9gia, Gest\u00e3o, Inova\u00e7\u00e3o, Melhoria e Lideran\u00e7a. Solu\u00e7\u00f5es e Treinamentos Interagere\u00ae: \u00daltimas informa\u00e7\u00f5es:<\/p>\n","protected":false},"author":1,"featured_media":0,"parent":0,"menu_order":0,"comment_status":"closed","ping_status":"closed","template":"","meta":{"_mo_disable_npp":"","footnotes":""},"class_list":["post-2","page","type-page","status-publish","hentry"],"yoast_head":"<!-- This site is optimized with the Yoast SEO plugin v27.2 - https:\/\/yoast.com\/product\/yoast-seo-wordpress\/ -->\n<title>Home - INTERAGERE<\/title>\n<meta name=\"description\" content=\"Bem-vindo a Interagere. Seu parceiro em conte\u00fado premium em Lean, 6 Sigma, Excel\u00eancia, Redu\u00e7\u00e3o de Custos, Melhoria, Produtividade e Competitividade.\" \/>\n<meta name=\"robots\" content=\"index, follow, max-snippet:-1, max-image-preview:large, max-video-preview:-1\" \/>\n<link rel=\"canonical\" href=\"https:\/\/interagere.com.br\/site\/\" \/>\n<meta property=\"og:locale\" content=\"pt_BR\" \/>\n<meta property=\"og:type\" content=\"article\" \/>\n<meta property=\"og:title\" content=\"Home - INTERAGERE\" \/>\n<meta property=\"og:description\" content=\"Bem-vindo a Interagere. Seu parceiro em conte\u00fado premium em Lean, 6 Sigma, Excel\u00eancia, Redu\u00e7\u00e3o de Custos, Melhoria, Produtividade e Competitividade.\" \/>\n<meta property=\"og:url\" content=\"https:\/\/interagere.com.br\/site\/\" \/>\n<meta property=\"og:site_name\" content=\"INTERAGERE\" \/>\n<meta property=\"article:modified_time\" content=\"2025-05-14T20:28:47+00:00\" \/>\n<meta property=\"og:image\" content=\"https:\/\/interagere.com.br\/site\/wp-content\/uploads\/2024\/04\/BannerTransfDiamante.png\" \/>\n<meta name=\"twitter:card\" content=\"summary_large_image\" \/>\n<meta name=\"twitter:label1\" content=\"Est. tempo de leitura\" \/>\n\t<meta name=\"twitter:data1\" content=\"2 minutos\" \/>\n<script type=\"application\/ld+json\" class=\"yoast-schema-graph\">{\"@context\":\"https:\/\/schema.org\",\"@graph\":[{\"@type\":\"WebPage\",\"@id\":\"https:\/\/interagere.com.br\/site\/\",\"url\":\"https:\/\/interagere.com.br\/site\/\",\"name\":\"Home - INTERAGERE\",\"isPartOf\":{\"@id\":\"https:\/\/interagere.com.br\/site\/#website\"},\"primaryImageOfPage\":{\"@id\":\"https:\/\/interagere.com.br\/site\/#primaryimage\"},\"image\":{\"@id\":\"https:\/\/interagere.com.br\/site\/#primaryimage\"},\"thumbnailUrl\":\"https:\/\/interagere.com.br\/site\/wp-content\/uploads\/2024\/04\/BannerTransfDiamante.png\",\"datePublished\":\"2016-06-02T02:35:48+00:00\",\"dateModified\":\"2025-05-14T20:28:47+00:00\",\"description\":\"Bem-vindo a Interagere. Seu parceiro em conte\u00fado premium em Lean, 6 Sigma, Excel\u00eancia, Redu\u00e7\u00e3o de Custos, Melhoria, Produtividade e Competitividade.\",\"breadcrumb\":{\"@id\":\"https:\/\/interagere.com.br\/site\/#breadcrumb\"},\"inLanguage\":\"pt-BR\",\"potentialAction\":[{\"@type\":\"ReadAction\",\"target\":[\"https:\/\/interagere.com.br\/site\/\"]}]},{\"@type\":\"ImageObject\",\"inLanguage\":\"pt-BR\",\"@id\":\"https:\/\/interagere.com.br\/site\/#primaryimage\",\"url\":\"https:\/\/interagere.com.br\/site\/wp-content\/uploads\/2024\/04\/BannerTransfDiamante.png\",\"contentUrl\":\"https:\/\/interagere.com.br\/site\/wp-content\/uploads\/2024\/04\/BannerTransfDiamante.png\",\"width\":2849,\"height\":1235},{\"@type\":\"BreadcrumbList\",\"@id\":\"https:\/\/interagere.com.br\/site\/#breadcrumb\",\"itemListElement\":[{\"@type\":\"ListItem\",\"position\":1,\"name\":\"In\u00edcio\",\"item\":\"https:\/\/interagere.com.br\/site\/\"},{\"@type\":\"ListItem\",\"position\":2,\"name\":\"Home\"}]},{\"@type\":\"WebSite\",\"@id\":\"https:\/\/interagere.com.br\/site\/#website\",\"url\":\"https:\/\/interagere.com.br\/site\/\",\"name\":\"INTERAGERE\",\"description\":\"Seu Parceiro Premium de Excel\u00eancia - +55 (12) 4141.0123 - Assessoria e Treinamento em: Gest\u00e3o, Competitividade, Qualidade, Projetos, Lean, 6 Sigma, Inova\u00e7\u00e3o\",\"potentialAction\":[{\"@type\":\"SearchAction\",\"target\":{\"@type\":\"EntryPoint\",\"urlTemplate\":\"https:\/\/interagere.com.br\/site\/?s={search_term_string}\"},\"query-input\":{\"@type\":\"PropertyValueSpecification\",\"valueRequired\":true,\"valueName\":\"search_term_string\"}}],\"inLanguage\":\"pt-BR\"}]}<\/script>\n<!-- \/ Yoast SEO plugin. -->","yoast_head_json":{"title":"Home - INTERAGERE","description":"Bem-vindo a Interagere. Seu parceiro em conte\u00fado premium em Lean, 6 Sigma, Excel\u00eancia, Redu\u00e7\u00e3o de Custos, Melhoria, Produtividade e Competitividade.","robots":{"index":"index","follow":"follow","max-snippet":"max-snippet:-1","max-image-preview":"max-image-preview:large","max-video-preview":"max-video-preview:-1"},"canonical":"https:\/\/interagere.com.br\/site\/","og_locale":"pt_BR","og_type":"article","og_title":"Home - INTERAGERE","og_description":"Bem-vindo a Interagere. Seu parceiro em conte\u00fado premium em Lean, 6 Sigma, Excel\u00eancia, Redu\u00e7\u00e3o de Custos, Melhoria, Produtividade e Competitividade.","og_url":"https:\/\/interagere.com.br\/site\/","og_site_name":"INTERAGERE","article_modified_time":"2025-05-14T20:28:47+00:00","og_image":[{"url":"https:\/\/interagere.com.br\/site\/wp-content\/uploads\/2024\/04\/BannerTransfDiamante.png","type":"","width":"","height":""}],"twitter_card":"summary_large_image","twitter_misc":{"Est. tempo de leitura":"2 minutos"},"schema":{"@context":"https:\/\/schema.org","@graph":[{"@type":"WebPage","@id":"https:\/\/interagere.com.br\/site\/","url":"https:\/\/interagere.com.br\/site\/","name":"Home - INTERAGERE","isPartOf":{"@id":"https:\/\/interagere.com.br\/site\/#website"},"primaryImageOfPage":{"@id":"https:\/\/interagere.com.br\/site\/#primaryimage"},"image":{"@id":"https:\/\/interagere.com.br\/site\/#primaryimage"},"thumbnailUrl":"https:\/\/interagere.com.br\/site\/wp-content\/uploads\/2024\/04\/BannerTransfDiamante.png","datePublished":"2016-06-02T02:35:48+00:00","dateModified":"2025-05-14T20:28:47+00:00","description":"Bem-vindo a Interagere. Seu parceiro em conte\u00fado premium em Lean, 6 Sigma, Excel\u00eancia, Redu\u00e7\u00e3o de Custos, Melhoria, Produtividade e Competitividade.","breadcrumb":{"@id":"https:\/\/interagere.com.br\/site\/#breadcrumb"},"inLanguage":"pt-BR","potentialAction":[{"@type":"ReadAction","target":["https:\/\/interagere.com.br\/site\/"]}]},{"@type":"ImageObject","inLanguage":"pt-BR","@id":"https:\/\/interagere.com.br\/site\/#primaryimage","url":"https:\/\/interagere.com.br\/site\/wp-content\/uploads\/2024\/04\/BannerTransfDiamante.png","contentUrl":"https:\/\/interagere.com.br\/site\/wp-content\/uploads\/2024\/04\/BannerTransfDiamante.png","width":2849,"height":1235},{"@type":"BreadcrumbList","@id":"https:\/\/interagere.com.br\/site\/#breadcrumb","itemListElement":[{"@type":"ListItem","position":1,"name":"In\u00edcio","item":"https:\/\/interagere.com.br\/site\/"},{"@type":"ListItem","position":2,"name":"Home"}]},{"@type":"WebSite","@id":"https:\/\/interagere.com.br\/site\/#website","url":"https:\/\/interagere.com.br\/site\/","name":"INTERAGERE","description":"Seu Parceiro Premium de Excel\u00eancia - +55 (12) 4141.0123 - Assessoria e Treinamento em: Gest\u00e3o, Competitividade, Qualidade, Projetos, Lean, 6 Sigma, Inova\u00e7\u00e3o","potentialAction":[{"@type":"SearchAction","target":{"@type":"EntryPoint","urlTemplate":"https:\/\/interagere.com.br\/site\/?s={search_term_string}"},"query-input":{"@type":"PropertyValueSpecification","valueRequired":true,"valueName":"search_term_string"}}],"inLanguage":"pt-BR"}]}},"_links":{"self":[{"href":"https:\/\/interagere.com.br\/site\/wp-json\/wp\/v2\/pages\/2","targetHints":{"allow":["GET"]}}],"collection":[{"href":"https:\/\/interagere.com.br\/site\/wp-json\/wp\/v2\/pages"}],"about":[{"href":"https:\/\/interagere.com.br\/site\/wp-json\/wp\/v2\/types\/page"}],"author":[{"embeddable":true,"href":"https:\/\/interagere.com.br\/site\/wp-json\/wp\/v2\/users\/1"}],"replies":[{"embeddable":true,"href":"https:\/\/interagere.com.br\/site\/wp-json\/wp\/v2\/comments?post=2"}],"version-history":[{"count":151,"href":"https:\/\/interagere.com.br\/site\/wp-json\/wp\/v2\/pages\/2\/revisions"}],"predecessor-version":[{"id":2225,"href":"https:\/\/interagere.com.br\/site\/wp-json\/wp\/v2\/pages\/2\/revisions\/2225"}],"wp:attachment":[{"href":"https:\/\/interagere.com.br\/site\/wp-json\/wp\/v2\/media?parent=2"}],"curies":[{"name":"wp","href":"https:\/\/api.w.org\/{rel}","templated":true}]}}