{"id":189,"date":"2015-08-06T13:29:04","date_gmt":"2015-08-06T16:29:04","guid":{"rendered":"http:\/\/interagere.com.br\/site\/?page_id=189"},"modified":"2024-10-29T10:59:50","modified_gmt":"2024-10-29T13:59:50","slug":"assessoria-e-consultoria","status":"publish","type":"page","link":"https:\/\/interagere.com.br\/site\/assessoria-e-consultoria\/","title":{"rendered":"Assessoria e Consultoria"},"content":{"rendered":"<blockquote>\n<h1 style=\"text-align: center;\"><strong>Execu\u00e7\u00e3o de Projetos, Programas Corporativos e Planos de A\u00e7\u00e3o<\/strong><\/h1>\n<\/blockquote>\n<h3 style=\"text-align: center;\">Melhoria de resultados<br \/>\nRedu\u00e7\u00e3o de custos e perdas<br \/>\nAumento de qualidade, satisfa\u00e7\u00e3o e competitividade<\/h3>\n<blockquote>\n<h4 style=\"text-align: center;\">Com t\u00e9cnicas diferenciadas e equipe de profissionais de mais de 27 anos de experi\u00eancia no Brasil e no Exterior.<br \/>\nAjudamos com a melhor resposta \u00e0s demandas do cliente, em a\u00e7\u00f5es corretas para a inova\u00e7\u00e3o, sustentabilidade, resultados mais r\u00e1pidos, maximizados e perenes.<\/h4>\n<\/blockquote>\n<h5 style=\"text-align: left;\"><strong>Solu\u00e7\u00f5es para voc\u00ea e sua empresa:<\/strong><a href=\"https:\/\/interagere.com.br\/site\/wp-content\/uploads\/2024\/10\/7-Produtos-e-Servicos-Interagere.jpg\"><img fetchpriority=\"high\" decoding=\"async\" class=\"alignleft wp-image-1829 size-full\" src=\"https:\/\/interagere.com.br\/site\/wp-content\/uploads\/2024\/10\/7-Produtos-e-Servicos-Interagere.jpg\" alt=\"\" width=\"1280\" height=\"720\" srcset=\"https:\/\/interagere.com.br\/site\/wp-content\/uploads\/2024\/10\/7-Produtos-e-Servicos-Interagere.jpg 1280w, https:\/\/interagere.com.br\/site\/wp-content\/uploads\/2024\/10\/7-Produtos-e-Servicos-Interagere-300x169.jpg 300w, https:\/\/interagere.com.br\/site\/wp-content\/uploads\/2024\/10\/7-Produtos-e-Servicos-Interagere-1024x576.jpg 1024w, https:\/\/interagere.com.br\/site\/wp-content\/uploads\/2024\/10\/7-Produtos-e-Servicos-Interagere-768x432.jpg 768w\" sizes=\"(max-width: 1280px) 100vw, 1280px\" \/><\/a><\/h5>\n<h4><\/h4>\n<p>&nbsp;<\/p>\n<p>&nbsp;<\/p>\n<h2 style=\"text-align: center;\"><strong>Cadastre-se abaixo para mais informa\u00e7\u00f5es e participa\u00e7\u00e3o junto \u00e0 Interagere!<\/strong><\/h2>\n<h5 style=\"text-align: center;\"><strong>Receba conte\u00fado exclusivo Interagere !<br \/>\n<\/strong><strong>Saiba mais sobre como participar de nossos:<br \/>\nTreinamentos, Consultorias e Mentorias!<\/strong><\/h5>\n<p><a href=\"https:\/\/api.whatsapp.com\/send?phone=5512997400310\"><img decoding=\"async\" class=\"aligncenter wp-image-1808 size-large\" src=\"https:\/\/interagere.com.br\/site\/wp-content\/uploads\/2024\/10\/PlanEstr3-1024x575.jpeg\" alt=\"\" width=\"604\" height=\"339\" srcset=\"https:\/\/interagere.com.br\/site\/wp-content\/uploads\/2024\/10\/PlanEstr3-1024x575.jpeg 1024w, https:\/\/interagere.com.br\/site\/wp-content\/uploads\/2024\/10\/PlanEstr3-300x169.jpeg 300w, https:\/\/interagere.com.br\/site\/wp-content\/uploads\/2024\/10\/PlanEstr3-768x431.jpeg 768w, https:\/\/interagere.com.br\/site\/wp-content\/uploads\/2024\/10\/PlanEstr3.jpeg 1280w\" sizes=\"(max-width: 604px) 100vw, 604px\" \/><\/a><\/p>\n<p style=\"text-align: center;\">Ao preencher o cadastro, voc\u00ea estar\u00e1 nos concedendo autoriza\u00e7\u00e3o conforme LGPD para lhe enviarmos informa\u00e7\u00f5es e entrarmos em contato:.<\/p>\n<hr \/>\n\n<div class=\"wpcf7 no-js\" id=\"wpcf7-f576-o1\" lang=\"pt-BR\" dir=\"ltr\" data-wpcf7-id=\"576\">\n<div class=\"screen-reader-response\"><p role=\"status\" aria-live=\"polite\" aria-atomic=\"true\"><\/p> <ul><\/ul><\/div>\n<form action=\"\/site\/wp-json\/wp\/v2\/pages\/189#wpcf7-f576-o1\" method=\"post\" class=\"wpcf7-form init\" aria-label=\"Formul\u00e1rios de contato\" novalidate=\"novalidate\" data-status=\"init\">\n<fieldset class=\"hidden-fields-container\"><input type=\"hidden\" name=\"_wpcf7\" value=\"576\" \/><input type=\"hidden\" name=\"_wpcf7_version\" value=\"6.1.5\" \/><input type=\"hidden\" name=\"_wpcf7_locale\" value=\"pt_BR\" \/><input type=\"hidden\" name=\"_wpcf7_unit_tag\" value=\"wpcf7-f576-o1\" \/><input type=\"hidden\" name=\"_wpcf7_container_post\" value=\"0\" \/><input type=\"hidden\" name=\"_wpcf7_posted_data_hash\" value=\"\" \/>\n<\/fieldset>\n<p><i class=\"fa fa-user fa-lg\"><\/i>&nbsp;&nbsp;<span class=\"wpcf7-form-control-wrap\" data-name=\"nomeempresa\"><input size=\"40\" maxlength=\"400\" class=\"wpcf7-form-control wpcf7-text wpcf7-validates-as-required\" aria-required=\"true\" aria-invalid=\"false\" placeholder=\"Insira seu nome\" value=\"\" type=\"text\" name=\"nomeempresa\" \/><\/span><br \/>\n<i class=\"fa fa-wrench fa-lg\"><\/i>&nbsp;&nbsp;<span class=\"wpcf7-form-control-wrap\" data-name=\"Seunome\"><input size=\"40\" maxlength=\"400\" class=\"wpcf7-form-control wpcf7-text wpcf7-validates-as-required\" aria-required=\"true\" aria-invalid=\"false\" placeholder=\"Insira seu cargo\" value=\"\" type=\"text\" name=\"Seunome\" \/><\/span><br \/>\n<i class=\"fa fa-home fa-lg\"><\/i>&nbsp;&nbsp;<span class=\"wpcf7-form-control-wrap\" data-name=\"seucargo\"><input size=\"40\" maxlength=\"400\" class=\"wpcf7-form-control wpcf7-text wpcf7-validates-as-required\" aria-required=\"true\" aria-invalid=\"false\" placeholder=\"Nome da empresa\" value=\"\" type=\"text\" name=\"seucargo\" \/><\/span><br \/>\n<i class=\"fa fa-fax fa-lg\"><\/i>&nbsp;&nbsp;<span class=\"wpcf7-form-control-wrap\" data-name=\"seutelefone\"><input size=\"40\" maxlength=\"400\" class=\"wpcf7-form-control wpcf7-text wpcf7-validates-as-required\" aria-required=\"true\" aria-invalid=\"false\" placeholder=\"Insira seu telefone\" value=\"\" type=\"text\" name=\"seutelefone\" \/><\/span><br \/>\n<i class=\"fa fa-envelope fa-lg\"><\/i>&nbsp; <span class=\"wpcf7-form-control-wrap\" data-name=\"seuemail\"><input size=\"40\" maxlength=\"400\" class=\"wpcf7-form-control wpcf7-text wpcf7-validates-as-required\" aria-required=\"true\" aria-invalid=\"false\" placeholder=\"Insira seu e-mail\" value=\"\" type=\"text\" name=\"seuemail\" \/><\/span><br \/>\n<span class=\"wpcf7-form-control-wrap\" data-name=\"mensagem\"><textarea cols=\"40\" rows=\"10\" maxlength=\"2000\" class=\"wpcf7-form-control wpcf7-textarea\" aria-invalid=\"false\" placeholder=\"Iremos entrar em contato. \nE se desejar, conte um pouco sobre a experi\u00eancia e expectativas para sua Empresa ou para Voc\u00ea...\" name=\"mensagem\"><\/textarea><\/span>\n<\/p>\n<p><input class=\"wpcf7-form-control wpcf7-submit has-spinner\" type=\"submit\" value=\"Enviar cadastro\" \/>\n<\/p><div class=\"wpcf7-response-output\" aria-hidden=\"true\"><\/div>\n<\/form>\n<\/div>\n\n","protected":false},"excerpt":{"rendered":"<p>Execu\u00e7\u00e3o de Projetos, Programas Corporativos e Planos de A\u00e7\u00e3o Melhoria de resultados Redu\u00e7\u00e3o de custos e perdas Aumento de qualidade, satisfa\u00e7\u00e3o e competitividade Com t\u00e9cnicas diferenciadas e equipe de profissionais de mais<a class=\"moretag\" href=\"https:\/\/interagere.com.br\/site\/assessoria-e-consultoria\/\">Read More&#8230;<\/a><\/p>\n","protected":false},"author":1,"featured_media":0,"parent":0,"menu_order":0,"comment_status":"closed","ping_status":"closed","template":"","meta":{"_mo_disable_npp":"","footnotes":""},"class_list":["post-189","page","type-page","status-publish","hentry"],"yoast_head":"<!-- This site is optimized with the Yoast SEO plugin v27.2 - https:\/\/yoast.com\/product\/yoast-seo-wordpress\/ -->\n<title>Assessoria e Consultoria - INTERAGERE<\/title>\n<meta name=\"description\" content=\"Assessoria e consultoria completa em Lean, 6 Sigma, Excel\u00eancia operacional, redu\u00e7\u00e3o de custos\" \/>\n<meta name=\"robots\" content=\"index, follow, max-snippet:-1, max-image-preview:large, max-video-preview:-1\" \/>\n<link rel=\"canonical\" href=\"https:\/\/interagere.com.br\/site\/assessoria-e-consultoria\/\" \/>\n<meta property=\"og:locale\" content=\"pt_BR\" \/>\n<meta property=\"og:type\" content=\"article\" \/>\n<meta property=\"og:title\" content=\"Assessoria e Consultoria - INTERAGERE\" \/>\n<meta property=\"og:description\" content=\"Assessoria e consultoria completa em Lean, 6 Sigma, Excel\u00eancia operacional, redu\u00e7\u00e3o de custos\" \/>\n<meta property=\"og:url\" content=\"https:\/\/interagere.com.br\/site\/assessoria-e-consultoria\/\" \/>\n<meta property=\"og:site_name\" content=\"INTERAGERE\" \/>\n<meta property=\"article:modified_time\" content=\"2024-10-29T13:59:50+00:00\" \/>\n<meta property=\"og:image\" content=\"https:\/\/interagere.com.br\/site\/wp-content\/uploads\/2024\/10\/7-Produtos-e-Servicos-Interagere.jpg\" \/>\n\t<meta property=\"og:image:width\" content=\"1280\" \/>\n\t<meta property=\"og:image:height\" content=\"720\" \/>\n\t<meta property=\"og:image:type\" content=\"image\/jpeg\" \/>\n<meta name=\"twitter:card\" content=\"summary_large_image\" \/>\n<meta name=\"twitter:label1\" content=\"Est. tempo de leitura\" \/>\n\t<meta name=\"twitter:data1\" content=\"1 minuto\" \/>\n<script type=\"application\/ld+json\" class=\"yoast-schema-graph\">{\"@context\":\"https:\/\/schema.org\",\"@graph\":[{\"@type\":\"WebPage\",\"@id\":\"https:\/\/interagere.com.br\/site\/assessoria-e-consultoria\/\",\"url\":\"https:\/\/interagere.com.br\/site\/assessoria-e-consultoria\/\",\"name\":\"Assessoria e Consultoria - INTERAGERE\",\"isPartOf\":{\"@id\":\"https:\/\/interagere.com.br\/site\/#website\"},\"primaryImageOfPage\":{\"@id\":\"https:\/\/interagere.com.br\/site\/assessoria-e-consultoria\/#primaryimage\"},\"image\":{\"@id\":\"https:\/\/interagere.com.br\/site\/assessoria-e-consultoria\/#primaryimage\"},\"thumbnailUrl\":\"https:\/\/interagere.com.br\/site\/wp-content\/uploads\/2024\/10\/7-Produtos-e-Servicos-Interagere.jpg\",\"datePublished\":\"2015-08-06T16:29:04+00:00\",\"dateModified\":\"2024-10-29T13:59:50+00:00\",\"description\":\"Assessoria e consultoria completa em Lean, 6 Sigma, Excel\u00eancia operacional, redu\u00e7\u00e3o de custos\",\"breadcrumb\":{\"@id\":\"https:\/\/interagere.com.br\/site\/assessoria-e-consultoria\/#breadcrumb\"},\"inLanguage\":\"pt-BR\",\"potentialAction\":[{\"@type\":\"ReadAction\",\"target\":[\"https:\/\/interagere.com.br\/site\/assessoria-e-consultoria\/\"]}]},{\"@type\":\"ImageObject\",\"inLanguage\":\"pt-BR\",\"@id\":\"https:\/\/interagere.com.br\/site\/assessoria-e-consultoria\/#primaryimage\",\"url\":\"https:\/\/interagere.com.br\/site\/wp-content\/uploads\/2024\/10\/7-Produtos-e-Servicos-Interagere.jpg\",\"contentUrl\":\"https:\/\/interagere.com.br\/site\/wp-content\/uploads\/2024\/10\/7-Produtos-e-Servicos-Interagere.jpg\"},{\"@type\":\"BreadcrumbList\",\"@id\":\"https:\/\/interagere.com.br\/site\/assessoria-e-consultoria\/#breadcrumb\",\"itemListElement\":[{\"@type\":\"ListItem\",\"position\":1,\"name\":\"In\u00edcio\",\"item\":\"https:\/\/interagere.com.br\/site\/\"},{\"@type\":\"ListItem\",\"position\":2,\"name\":\"Assessoria e Consultoria\"}]},{\"@type\":\"WebSite\",\"@id\":\"https:\/\/interagere.com.br\/site\/#website\",\"url\":\"https:\/\/interagere.com.br\/site\/\",\"name\":\"INTERAGERE\",\"description\":\"Seu Parceiro Premium de Excel\u00eancia - +55 (12) 4141.0123 - Assessoria e Treinamento em: Gest\u00e3o, Competitividade, Qualidade, Projetos, Lean, 6 Sigma, Inova\u00e7\u00e3o\",\"potentialAction\":[{\"@type\":\"SearchAction\",\"target\":{\"@type\":\"EntryPoint\",\"urlTemplate\":\"https:\/\/interagere.com.br\/site\/?s={search_term_string}\"},\"query-input\":{\"@type\":\"PropertyValueSpecification\",\"valueRequired\":true,\"valueName\":\"search_term_string\"}}],\"inLanguage\":\"pt-BR\"}]}<\/script>\n<!-- \/ Yoast SEO plugin. -->","yoast_head_json":{"title":"Assessoria e Consultoria - INTERAGERE","description":"Assessoria e consultoria completa em Lean, 6 Sigma, Excel\u00eancia operacional, redu\u00e7\u00e3o de custos","robots":{"index":"index","follow":"follow","max-snippet":"max-snippet:-1","max-image-preview":"max-image-preview:large","max-video-preview":"max-video-preview:-1"},"canonical":"https:\/\/interagere.com.br\/site\/assessoria-e-consultoria\/","og_locale":"pt_BR","og_type":"article","og_title":"Assessoria e Consultoria - INTERAGERE","og_description":"Assessoria e consultoria completa em Lean, 6 Sigma, Excel\u00eancia operacional, redu\u00e7\u00e3o de custos","og_url":"https:\/\/interagere.com.br\/site\/assessoria-e-consultoria\/","og_site_name":"INTERAGERE","article_modified_time":"2024-10-29T13:59:50+00:00","og_image":[{"width":1280,"height":720,"url":"https:\/\/interagere.com.br\/site\/wp-content\/uploads\/2024\/10\/7-Produtos-e-Servicos-Interagere.jpg","type":"image\/jpeg"}],"twitter_card":"summary_large_image","twitter_misc":{"Est. tempo de leitura":"1 minuto"},"schema":{"@context":"https:\/\/schema.org","@graph":[{"@type":"WebPage","@id":"https:\/\/interagere.com.br\/site\/assessoria-e-consultoria\/","url":"https:\/\/interagere.com.br\/site\/assessoria-e-consultoria\/","name":"Assessoria e Consultoria - INTERAGERE","isPartOf":{"@id":"https:\/\/interagere.com.br\/site\/#website"},"primaryImageOfPage":{"@id":"https:\/\/interagere.com.br\/site\/assessoria-e-consultoria\/#primaryimage"},"image":{"@id":"https:\/\/interagere.com.br\/site\/assessoria-e-consultoria\/#primaryimage"},"thumbnailUrl":"https:\/\/interagere.com.br\/site\/wp-content\/uploads\/2024\/10\/7-Produtos-e-Servicos-Interagere.jpg","datePublished":"2015-08-06T16:29:04+00:00","dateModified":"2024-10-29T13:59:50+00:00","description":"Assessoria e consultoria completa em Lean, 6 Sigma, Excel\u00eancia operacional, redu\u00e7\u00e3o de custos","breadcrumb":{"@id":"https:\/\/interagere.com.br\/site\/assessoria-e-consultoria\/#breadcrumb"},"inLanguage":"pt-BR","potentialAction":[{"@type":"ReadAction","target":["https:\/\/interagere.com.br\/site\/assessoria-e-consultoria\/"]}]},{"@type":"ImageObject","inLanguage":"pt-BR","@id":"https:\/\/interagere.com.br\/site\/assessoria-e-consultoria\/#primaryimage","url":"https:\/\/interagere.com.br\/site\/wp-content\/uploads\/2024\/10\/7-Produtos-e-Servicos-Interagere.jpg","contentUrl":"https:\/\/interagere.com.br\/site\/wp-content\/uploads\/2024\/10\/7-Produtos-e-Servicos-Interagere.jpg"},{"@type":"BreadcrumbList","@id":"https:\/\/interagere.com.br\/site\/assessoria-e-consultoria\/#breadcrumb","itemListElement":[{"@type":"ListItem","position":1,"name":"In\u00edcio","item":"https:\/\/interagere.com.br\/site\/"},{"@type":"ListItem","position":2,"name":"Assessoria e Consultoria"}]},{"@type":"WebSite","@id":"https:\/\/interagere.com.br\/site\/#website","url":"https:\/\/interagere.com.br\/site\/","name":"INTERAGERE","description":"Seu Parceiro Premium de Excel\u00eancia - +55 (12) 4141.0123 - Assessoria e Treinamento em: Gest\u00e3o, Competitividade, Qualidade, Projetos, Lean, 6 Sigma, Inova\u00e7\u00e3o","potentialAction":[{"@type":"SearchAction","target":{"@type":"EntryPoint","urlTemplate":"https:\/\/interagere.com.br\/site\/?s={search_term_string}"},"query-input":{"@type":"PropertyValueSpecification","valueRequired":true,"valueName":"search_term_string"}}],"inLanguage":"pt-BR"}]}},"_links":{"self":[{"href":"https:\/\/interagere.com.br\/site\/wp-json\/wp\/v2\/pages\/189","targetHints":{"allow":["GET"]}}],"collection":[{"href":"https:\/\/interagere.com.br\/site\/wp-json\/wp\/v2\/pages"}],"about":[{"href":"https:\/\/interagere.com.br\/site\/wp-json\/wp\/v2\/types\/page"}],"author":[{"embeddable":true,"href":"https:\/\/interagere.com.br\/site\/wp-json\/wp\/v2\/users\/1"}],"replies":[{"embeddable":true,"href":"https:\/\/interagere.com.br\/site\/wp-json\/wp\/v2\/comments?post=189"}],"version-history":[{"count":127,"href":"https:\/\/interagere.com.br\/site\/wp-json\/wp\/v2\/pages\/189\/revisions"}],"predecessor-version":[{"id":1830,"href":"https:\/\/interagere.com.br\/site\/wp-json\/wp\/v2\/pages\/189\/revisions\/1830"}],"wp:attachment":[{"href":"https:\/\/interagere.com.br\/site\/wp-json\/wp\/v2\/media?parent=189"}],"curies":[{"name":"wp","href":"https:\/\/api.w.org\/{rel}","templated":true}]}}