{"id":131,"date":"2015-08-05T22:02:02","date_gmt":"2015-08-05T22:02:02","guid":{"rendered":"http:\/\/interagere.com.br\/site\/?page_id=131"},"modified":"2024-04-29T10:58:47","modified_gmt":"2024-04-29T13:58:47","slug":"missao-e-valores","status":"publish","type":"page","link":"https:\/\/interagere.com.br\/site\/missao-e-valores\/","title":{"rendered":"Miss\u00e3o e Valores"},"content":{"rendered":"<h2 style=\"text-align: center;\"><strong><em>Interagere<sup>\u00ae<\/sup>: resultados expressivos para clientes,<br \/>\n<\/em><\/strong><strong><em>valorizando o maior ativo: suas pessoas!<\/em><\/strong><\/h2>\n<h2><img fetchpriority=\"high\" decoding=\"async\" class=\"wp-image-1686 size-large aligncenter\" src=\"https:\/\/interagere.com.br\/site\/wp-content\/uploads\/2024\/04\/Slide4-1024x576.jpg\" alt=\"\" width=\"604\" height=\"340\" srcset=\"https:\/\/interagere.com.br\/site\/wp-content\/uploads\/2024\/04\/Slide4-1024x576.jpg 1024w, https:\/\/interagere.com.br\/site\/wp-content\/uploads\/2024\/04\/Slide4-300x169.jpg 300w, https:\/\/interagere.com.br\/site\/wp-content\/uploads\/2024\/04\/Slide4-768x432.jpg 768w, https:\/\/interagere.com.br\/site\/wp-content\/uploads\/2024\/04\/Slide4.jpg 1280w\" sizes=\"(max-width: 604px) 100vw, 604px\" \/><\/h2>\n<h2><img decoding=\"async\" class=\"aligncenter wp-image-1687 size-large\" src=\"https:\/\/interagere.com.br\/site\/wp-content\/uploads\/2024\/04\/Slide5-1024x576.jpg\" alt=\"\" width=\"604\" height=\"340\" srcset=\"https:\/\/interagere.com.br\/site\/wp-content\/uploads\/2024\/04\/Slide5-1024x576.jpg 1024w, https:\/\/interagere.com.br\/site\/wp-content\/uploads\/2024\/04\/Slide5-300x169.jpg 300w, https:\/\/interagere.com.br\/site\/wp-content\/uploads\/2024\/04\/Slide5-768x432.jpg 768w, https:\/\/interagere.com.br\/site\/wp-content\/uploads\/2024\/04\/Slide5.jpg 1280w\" sizes=\"(max-width: 604px) 100vw, 604px\" \/><\/h2>\n<p>&nbsp;<\/p>\n<h4 style=\"text-align: center;\">MISS\u00c3O<\/h4>\n<blockquote>\n<h5 style=\"text-align: center;\">Melhorar resultados ao promover a Excel\u00eancia nas organiza\u00e7\u00f5es e a forma\u00e7\u00e3o de Melhores Pessoas,\u00a0 com alto valor agregado, profundidade e pragmatismo, valorizando o maior ativo: as pessoas!<\/h5>\n<h4 style=\"text-align: center;\">VIS\u00c3O<\/h4>\n<blockquote>\n<ul>\n<li>\n<h5>Ser refer\u00eancia como parceiro-chave,<\/h5>\n<\/li>\n<li>\n<h5>na transforma\u00e7\u00e3o e sustenta\u00e7\u00e3o da excel\u00eancia empresarial e operacional<\/h5>\n<\/li>\n<li>\n<h5>em organiza\u00e7\u00f5es que s\u00e3o, ou buscam ser, l\u00edderes em seus setores.<\/h5>\n<\/li>\n<li>\n<h5>Por meio de nossas\u00a0solu\u00e7\u00f5es, estrat\u00e9gia, inova\u00e7\u00e3o e\u00a0servi\u00e7o premium,<\/h5>\n<\/li>\n<li>\n<h5>em melhoria, solu\u00e7\u00e3o de problemas, otimiza\u00e7\u00e3o, ganhos em processos,<\/h5>\n<\/li>\n<li>\n<h5>e na capacita\u00e7\u00e3o\u00a0e\u00a0desenvolvimento de talentos.<\/h5>\n<\/li>\n<li>\n<h5>At\u00e9 2030 teremos ampliado a presen\u00e7a para todas as regi\u00f5es do Brasil,<\/h5>\n<\/li>\n<li>\n<h5>retomando crescimento na Am\u00e9rica do Norte, Latina e Europa,<\/h5>\n<\/li>\n<li>\n<h5>com alto n\u00edvel de satisfa\u00e7\u00e3o de nossos clientes e parceiros.<\/h5>\n<\/li>\n<\/ul>\n<\/blockquote>\n<\/blockquote>\n<h5 style=\"text-align: center;\"><em>Melhorando resultados em nossos clientes, <\/em><br \/>\n<em>no Brasil e no exterior, presencialmente ou via internet.<\/em><\/h5>\n<blockquote>\n<h2 style=\"text-align: center;\">Com a Cultura Interagere<strong><em><sup>\u00ae<\/sup><\/em><\/strong>, formada por nossos:<\/h2>\n<\/blockquote>\n<h3 style=\"text-align: center;\"><img decoding=\"async\" class=\"wp-image-1721 size-thumbnail aligncenter\" src=\"https:\/\/interagere.com.br\/site\/wp-content\/uploads\/2024\/04\/ImagemValor-150x150.png\" alt=\"\" width=\"150\" height=\"150\" \/>Valores<\/h3>\n<p style=\"text-align: center;\">Deixar Legado de Excel\u00eancia<\/p>\n<p style=\"text-align: center;\">Em tudo: Agregar Valor<\/p>\n<p style=\"text-align: center;\">Fazer Certo, Bem-Feito e da 1\u00aa vez<\/p>\n<p style=\"text-align: center;\">Estar entre os melhores<\/p>\n<p style=\"text-align: center;\">Profundidade<\/p>\n<p style=\"text-align: center;\">Ser sustent\u00e1vel<\/p>\n<h3 style=\"text-align: center;\"><img loading=\"lazy\" decoding=\"async\" class=\"wp-image-1719 size-thumbnail aligncenter\" src=\"https:\/\/interagere.com.br\/site\/wp-content\/uploads\/2024\/04\/Imagem2-1-150x150.png\" alt=\"\" width=\"150\" height=\"150\" \/><\/h3>\n<h3 style=\"text-align: center;\">Cren\u00e7as<\/h3>\n<p style=\"text-align: center;\">Lean: Melhor uso do tempo<\/p>\n<p style=\"text-align: center;\">Processos:\u00a0 Y=F(x)<\/p>\n<p style=\"text-align: center;\">Pessoas: o maior ativo!<\/p>\n<p style=\"text-align: center;\">Integra\u00e7\u00e3o das a\u00e7\u00f5es<\/p>\n<p style=\"text-align: center;\">Profissionalismo<\/p>\n<h3 style=\"text-align: center;\"><img loading=\"lazy\" decoding=\"async\" class=\"wp-image-1720 size-thumbnail aligncenter\" src=\"https:\/\/interagere.com.br\/site\/wp-content\/uploads\/2024\/04\/Imagem3-150x150.png\" alt=\"\" width=\"150\" height=\"150\" \/><\/h3>\n<h3 style=\"text-align: center;\">Pr\u00e1ticas<\/h3>\n<p style=\"text-align: center;\">Trabalho Padronizado<\/p>\n<p style=\"text-align: center;\">Andragogia<\/p>\n<p style=\"text-align: center;\">\u00a0M\u00e9todo diferenciado<\/p>\n<p style=\"text-align: center;\">1\/3 (T + P + R)<\/p>\n<blockquote>\n<h2 style=\"text-align: center;\"><strong><em>Conte com a Interagere<\/em><\/strong><strong><em><sup>\u00ae<br \/>\n<\/sup><\/em><\/strong><strong><em>para a Transforma\u00e7\u00e3o de Excel\u00eancia,<br \/>\nmelhorando seus resultados, de sua equipe e empresa!<\/em><\/strong><\/h2>\n<\/blockquote>\n<h4 style=\"text-align: center;\"><strong><a href=\"https:\/\/interagere.com.br\/site\/fale-conosco\/\">Conhe\u00e7a nossos servi\u00e7os clicando aqui<\/a><\/strong><\/h4>\n<p style=\"text-align: center;\">Ou clique abaixo e fale conosco pelo whatsapp:<\/p>\n<blockquote>\n<h3 style=\"text-align: center;\"><a href=\"https:\/\/api.whatsapp.com\/send?phone=5535984359484\">+55 35 9 8435 9484<\/a><\/h3>\n<p><a href=\"https:\/\/api.whatsapp.com\/send?phone=5535984359484\"><img loading=\"lazy\" decoding=\"async\" class=\"size-full wp-image-1706 aligncenter\" src=\"https:\/\/interagere.com.br\/site\/wp-content\/uploads\/2024\/04\/Slide24.jpg\" alt=\"\" width=\"1280\" height=\"720\" srcset=\"https:\/\/interagere.com.br\/site\/wp-content\/uploads\/2024\/04\/Slide24.jpg 1280w, https:\/\/interagere.com.br\/site\/wp-content\/uploads\/2024\/04\/Slide24-300x169.jpg 300w, https:\/\/interagere.com.br\/site\/wp-content\/uploads\/2024\/04\/Slide24-1024x576.jpg 1024w, https:\/\/interagere.com.br\/site\/wp-content\/uploads\/2024\/04\/Slide24-768x432.jpg 768w\" sizes=\"(max-width: 1280px) 100vw, 1280px\" \/><\/a><\/p><\/blockquote>\n","protected":false},"excerpt":{"rendered":"<p>Interagere\u00ae: resultados expressivos para clientes, valorizando o maior ativo: suas pessoas! &nbsp; MISS\u00c3O Melhorar resultados ao promover a Excel\u00eancia nas organiza\u00e7\u00f5es e a forma\u00e7\u00e3o de Melhores Pessoas,\u00a0 com alto valor agregado, profundidade<a class=\"moretag\" href=\"https:\/\/interagere.com.br\/site\/missao-e-valores\/\">Read More&#8230;<\/a><\/p>\n","protected":false},"author":1,"featured_media":0,"parent":0,"menu_order":0,"comment_status":"closed","ping_status":"closed","template":"","meta":{"_mo_disable_npp":"","footnotes":""},"class_list":["post-131","page","type-page","status-publish","hentry"],"yoast_head":"<!-- This site is optimized with the Yoast SEO plugin v27.2 - https:\/\/yoast.com\/product\/yoast-seo-wordpress\/ -->\n<title>Miss\u00e3o e Valores - INTERAGERE<\/title>\n<meta name=\"robots\" content=\"index, follow, max-snippet:-1, max-image-preview:large, max-video-preview:-1\" \/>\n<link rel=\"canonical\" href=\"https:\/\/interagere.com.br\/site\/missao-e-valores\/\" \/>\n<meta property=\"og:locale\" content=\"pt_BR\" \/>\n<meta property=\"og:type\" content=\"article\" \/>\n<meta property=\"og:title\" content=\"Miss\u00e3o e Valores - INTERAGERE\" \/>\n<meta property=\"og:description\" content=\"Interagere\u00ae: resultados expressivos para clientes, valorizando o maior ativo: suas pessoas! &nbsp; MISS\u00c3O Melhorar resultados ao promover a Excel\u00eancia nas organiza\u00e7\u00f5es e a forma\u00e7\u00e3o de Melhores Pessoas,\u00a0 com alto valor agregado, profundidadeRead More...\" \/>\n<meta property=\"og:url\" content=\"https:\/\/interagere.com.br\/site\/missao-e-valores\/\" \/>\n<meta property=\"og:site_name\" content=\"INTERAGERE\" \/>\n<meta property=\"article:modified_time\" content=\"2024-04-29T13:58:47+00:00\" \/>\n<meta property=\"og:image\" content=\"https:\/\/interagere.com.br\/site\/wp-content\/uploads\/2024\/04\/Slide4-1024x576.jpg\" \/>\n<meta name=\"twitter:card\" content=\"summary_large_image\" \/>\n<meta name=\"twitter:label1\" content=\"Est. tempo de leitura\" \/>\n\t<meta name=\"twitter:data1\" content=\"2 minutos\" \/>\n<script type=\"application\/ld+json\" class=\"yoast-schema-graph\">{\"@context\":\"https:\/\/schema.org\",\"@graph\":[{\"@type\":\"WebPage\",\"@id\":\"https:\/\/interagere.com.br\/site\/missao-e-valores\/\",\"url\":\"https:\/\/interagere.com.br\/site\/missao-e-valores\/\",\"name\":\"Miss\u00e3o e Valores - INTERAGERE\",\"isPartOf\":{\"@id\":\"https:\/\/interagere.com.br\/site\/#website\"},\"primaryImageOfPage\":{\"@id\":\"https:\/\/interagere.com.br\/site\/missao-e-valores\/#primaryimage\"},\"image\":{\"@id\":\"https:\/\/interagere.com.br\/site\/missao-e-valores\/#primaryimage\"},\"thumbnailUrl\":\"https:\/\/interagere.com.br\/site\/wp-content\/uploads\/2024\/04\/Slide4-1024x576.jpg\",\"datePublished\":\"2015-08-05T22:02:02+00:00\",\"dateModified\":\"2024-04-29T13:58:47+00:00\",\"breadcrumb\":{\"@id\":\"https:\/\/interagere.com.br\/site\/missao-e-valores\/#breadcrumb\"},\"inLanguage\":\"pt-BR\",\"potentialAction\":[{\"@type\":\"ReadAction\",\"target\":[\"https:\/\/interagere.com.br\/site\/missao-e-valores\/\"]}]},{\"@type\":\"ImageObject\",\"inLanguage\":\"pt-BR\",\"@id\":\"https:\/\/interagere.com.br\/site\/missao-e-valores\/#primaryimage\",\"url\":\"https:\/\/interagere.com.br\/site\/wp-content\/uploads\/2024\/04\/Slide4.jpg\",\"contentUrl\":\"https:\/\/interagere.com.br\/site\/wp-content\/uploads\/2024\/04\/Slide4.jpg\",\"width\":1280,\"height\":720},{\"@type\":\"BreadcrumbList\",\"@id\":\"https:\/\/interagere.com.br\/site\/missao-e-valores\/#breadcrumb\",\"itemListElement\":[{\"@type\":\"ListItem\",\"position\":1,\"name\":\"In\u00edcio\",\"item\":\"https:\/\/interagere.com.br\/site\/\"},{\"@type\":\"ListItem\",\"position\":2,\"name\":\"Miss\u00e3o e Valores\"}]},{\"@type\":\"WebSite\",\"@id\":\"https:\/\/interagere.com.br\/site\/#website\",\"url\":\"https:\/\/interagere.com.br\/site\/\",\"name\":\"INTERAGERE\",\"description\":\"Seu Parceiro Premium de Excel\u00eancia - +55 (12) 4141.0123 - Assessoria e Treinamento em: Gest\u00e3o, Competitividade, Qualidade, Projetos, Lean, 6 Sigma, Inova\u00e7\u00e3o\",\"potentialAction\":[{\"@type\":\"SearchAction\",\"target\":{\"@type\":\"EntryPoint\",\"urlTemplate\":\"https:\/\/interagere.com.br\/site\/?s={search_term_string}\"},\"query-input\":{\"@type\":\"PropertyValueSpecification\",\"valueRequired\":true,\"valueName\":\"search_term_string\"}}],\"inLanguage\":\"pt-BR\"}]}<\/script>\n<!-- \/ Yoast SEO plugin. -->","yoast_head_json":{"title":"Miss\u00e3o e Valores - INTERAGERE","robots":{"index":"index","follow":"follow","max-snippet":"max-snippet:-1","max-image-preview":"max-image-preview:large","max-video-preview":"max-video-preview:-1"},"canonical":"https:\/\/interagere.com.br\/site\/missao-e-valores\/","og_locale":"pt_BR","og_type":"article","og_title":"Miss\u00e3o e Valores - INTERAGERE","og_description":"Interagere\u00ae: resultados expressivos para clientes, valorizando o maior ativo: suas pessoas! &nbsp; MISS\u00c3O Melhorar resultados ao promover a Excel\u00eancia nas organiza\u00e7\u00f5es e a forma\u00e7\u00e3o de Melhores Pessoas,\u00a0 com alto valor agregado, profundidadeRead More...","og_url":"https:\/\/interagere.com.br\/site\/missao-e-valores\/","og_site_name":"INTERAGERE","article_modified_time":"2024-04-29T13:58:47+00:00","og_image":[{"url":"https:\/\/interagere.com.br\/site\/wp-content\/uploads\/2024\/04\/Slide4-1024x576.jpg","type":"","width":"","height":""}],"twitter_card":"summary_large_image","twitter_misc":{"Est. tempo de leitura":"2 minutos"},"schema":{"@context":"https:\/\/schema.org","@graph":[{"@type":"WebPage","@id":"https:\/\/interagere.com.br\/site\/missao-e-valores\/","url":"https:\/\/interagere.com.br\/site\/missao-e-valores\/","name":"Miss\u00e3o e Valores - INTERAGERE","isPartOf":{"@id":"https:\/\/interagere.com.br\/site\/#website"},"primaryImageOfPage":{"@id":"https:\/\/interagere.com.br\/site\/missao-e-valores\/#primaryimage"},"image":{"@id":"https:\/\/interagere.com.br\/site\/missao-e-valores\/#primaryimage"},"thumbnailUrl":"https:\/\/interagere.com.br\/site\/wp-content\/uploads\/2024\/04\/Slide4-1024x576.jpg","datePublished":"2015-08-05T22:02:02+00:00","dateModified":"2024-04-29T13:58:47+00:00","breadcrumb":{"@id":"https:\/\/interagere.com.br\/site\/missao-e-valores\/#breadcrumb"},"inLanguage":"pt-BR","potentialAction":[{"@type":"ReadAction","target":["https:\/\/interagere.com.br\/site\/missao-e-valores\/"]}]},{"@type":"ImageObject","inLanguage":"pt-BR","@id":"https:\/\/interagere.com.br\/site\/missao-e-valores\/#primaryimage","url":"https:\/\/interagere.com.br\/site\/wp-content\/uploads\/2024\/04\/Slide4.jpg","contentUrl":"https:\/\/interagere.com.br\/site\/wp-content\/uploads\/2024\/04\/Slide4.jpg","width":1280,"height":720},{"@type":"BreadcrumbList","@id":"https:\/\/interagere.com.br\/site\/missao-e-valores\/#breadcrumb","itemListElement":[{"@type":"ListItem","position":1,"name":"In\u00edcio","item":"https:\/\/interagere.com.br\/site\/"},{"@type":"ListItem","position":2,"name":"Miss\u00e3o e Valores"}]},{"@type":"WebSite","@id":"https:\/\/interagere.com.br\/site\/#website","url":"https:\/\/interagere.com.br\/site\/","name":"INTERAGERE","description":"Seu Parceiro Premium de Excel\u00eancia - +55 (12) 4141.0123 - Assessoria e Treinamento em: Gest\u00e3o, Competitividade, Qualidade, Projetos, Lean, 6 Sigma, Inova\u00e7\u00e3o","potentialAction":[{"@type":"SearchAction","target":{"@type":"EntryPoint","urlTemplate":"https:\/\/interagere.com.br\/site\/?s={search_term_string}"},"query-input":{"@type":"PropertyValueSpecification","valueRequired":true,"valueName":"search_term_string"}}],"inLanguage":"pt-BR"}]}},"_links":{"self":[{"href":"https:\/\/interagere.com.br\/site\/wp-json\/wp\/v2\/pages\/131","targetHints":{"allow":["GET"]}}],"collection":[{"href":"https:\/\/interagere.com.br\/site\/wp-json\/wp\/v2\/pages"}],"about":[{"href":"https:\/\/interagere.com.br\/site\/wp-json\/wp\/v2\/types\/page"}],"author":[{"embeddable":true,"href":"https:\/\/interagere.com.br\/site\/wp-json\/wp\/v2\/users\/1"}],"replies":[{"embeddable":true,"href":"https:\/\/interagere.com.br\/site\/wp-json\/wp\/v2\/comments?post=131"}],"version-history":[{"count":58,"href":"https:\/\/interagere.com.br\/site\/wp-json\/wp\/v2\/pages\/131\/revisions"}],"predecessor-version":[{"id":1725,"href":"https:\/\/interagere.com.br\/site\/wp-json\/wp\/v2\/pages\/131\/revisions\/1725"}],"wp:attachment":[{"href":"https:\/\/interagere.com.br\/site\/wp-json\/wp\/v2\/media?parent=131"}],"curies":[{"name":"wp","href":"https:\/\/api.w.org\/{rel}","templated":true}]}}