{"id":116,"date":"2015-08-05T21:39:29","date_gmt":"2015-08-05T21:39:29","guid":{"rendered":"http:\/\/interagere.com.br\/site\/?page_id=116"},"modified":"2025-09-05T07:08:30","modified_gmt":"2025-09-05T10:08:30","slug":"quem-somos","status":"publish","type":"page","link":"https:\/\/interagere.com.br\/site\/quem-somos\/","title":{"rendered":"Quem somos"},"content":{"rendered":"<h2 style=\"text-align: center;\"><span style=\"color: #ffffff;\">Sobre a Interagere<sup>\u00ae<\/sup><\/span><\/h2>\n<p><a href=\"https:\/\/interagere.com.br\/site\/wp-content\/uploads\/2025\/09\/Slide1-Nossa-Proposta.jpg\"><img fetchpriority=\"high\" decoding=\"async\" class=\"alignleft wp-image-2255 size-full\" src=\"https:\/\/interagere.com.br\/site\/wp-content\/uploads\/2025\/09\/Slide1-Nossa-Proposta.jpg\" alt=\"\" width=\"1280\" height=\"720\" srcset=\"https:\/\/interagere.com.br\/site\/wp-content\/uploads\/2025\/09\/Slide1-Nossa-Proposta.jpg 1280w, https:\/\/interagere.com.br\/site\/wp-content\/uploads\/2025\/09\/Slide1-Nossa-Proposta-300x169.jpg 300w, https:\/\/interagere.com.br\/site\/wp-content\/uploads\/2025\/09\/Slide1-Nossa-Proposta-1024x576.jpg 1024w, https:\/\/interagere.com.br\/site\/wp-content\/uploads\/2025\/09\/Slide1-Nossa-Proposta-768x432.jpg 768w\" sizes=\"(max-width: 1280px) 100vw, 1280px\" \/><\/a><\/p>\n<blockquote>\n<h6><\/h6>\n<h2 style=\"text-align: center;\"><span style=\"color: #ffffff;\">E como podemos ajudar a &#8220;Melhorar o mundo atrav\u00e9s da Excel\u00eancia&#8221;?<\/span><\/h2>\n<\/blockquote>\n<blockquote>\n<p style=\"text-align: center;\"><span style=\"color: #ffffff;\">Leia abaixo um pouco mais sobre n\u00f3s:<\/span><\/p>\n<\/blockquote>\n<hr \/>\n<blockquote>\n<h3 style=\"text-align: center;\"><span style=\"color: #ffffff;\">A Interagere<sup>\u00ae <\/sup>promove Excel\u00eancia com Treinamento e Consultoria.<\/span><\/h3>\n<h6 style=\"text-align: center;\"><span style=\"color: #ffffff;\">Equipe de 27 anos de experi\u00eancia no Brasil e Exterior, nas melhores pr\u00e1ticas globais.<\/span><\/h6>\n<\/blockquote>\n<p style=\"text-align: center;\"><img decoding=\"async\" class=\"alignnone\" src=\"https:\/\/interagere.com.br\/site\/wp-content\/uploads\/2024\/04\/Slide2-1024x576.jpg\" alt=\"\" width=\"604\" height=\"340\" \/><\/p>\n<p><img decoding=\"async\" class=\"aligncenter\" src=\"https:\/\/interagere.com.br\/site\/wp-content\/uploads\/2024\/04\/Slide3-1024x576.jpg\" alt=\"\" width=\"604\" height=\"340\" \/><\/p>\n<blockquote>\n<h3 style=\"text-align: center;\"><span style=\"color: #999999;\">Atendemos de forma presencial e via internet.<\/span><\/h3>\n<\/blockquote>\n<h3 style=\"text-align: center;\"><img loading=\"lazy\" decoding=\"async\" class=\"aligncenter\" src=\"https:\/\/interagere.com.br\/site\/wp-content\/uploads\/2024\/04\/Slide8-1024x576.jpg\" alt=\"\" width=\"604\" height=\"340\" \/><\/h3>\n<p style=\"text-align: center;\"><img loading=\"lazy\" decoding=\"async\" class=\"aligncenter\" src=\"https:\/\/interagere.com.br\/site\/wp-content\/uploads\/2024\/04\/Slide9-1024x576.jpg\" alt=\"\" width=\"604\" height=\"340\" \/><\/p>\n<p style=\"text-align: center;\"><span style=\"color: #ffffff;\">\u00a0<span style=\"text-align: center; font-size: 24px; font-style: italic;\">Diferenciamos pelo conte\u00fado exclusivo, tratamento inovador em assessoria e ensino de adultos, qualidade e servi\u00e7o Premium, valorizando o ativo mais importante da empresa cliente: Suas Pessoas.<\/span><\/span><\/p>\n<blockquote>\n<h3 style=\"text-align: center;\"><img loading=\"lazy\" decoding=\"async\" class=\"aligncenter\" src=\"https:\/\/interagere.com.br\/site\/wp-content\/uploads\/2024\/04\/Slide12-1024x576.jpg\" alt=\"\" width=\"604\" height=\"340\" \/><br \/>\n<span style=\"color: #ffffff;\">Experi\u00eancia de implanta\u00e7\u00e3o dos Programas de Excel\u00eancia na Embraer, BMW, Hayes, Ericsson, Alstom e outras empresas, al\u00e9m de Parques Tecnol\u00f3gicos, Sebrae e outros, com avalia\u00e7\u00e3o excelente de nossos clientes:<\/span><\/h3>\n<\/blockquote>\n<p><img loading=\"lazy\" decoding=\"async\" class=\"aligncenter\" src=\"https:\/\/interagere.com.br\/site\/wp-content\/uploads\/2024\/04\/Slide21-1024x576.jpg\" alt=\"\" width=\"604\" height=\"340\" \/><\/p>\n<h4><\/h4>\n<h4 style=\"text-align: center;\"><strong><a href=\"https:\/\/interagere.com.br\/site\/fale-conosco\/\">Conhe\u00e7a nossos servi\u00e7os clicando aqui<\/a><\/strong><\/h4>\n<p style=\"text-align: center;\"><span style=\"color: #ffffff;\">Ou clique abaixo e fale conosco pelo whatsapp:<\/span><\/p>\n<blockquote>\n<h3 style=\"text-align: center;\"><span style=\"color: #ffffff;\"><a style=\"color: #ffffff;\" href=\"https:\/\/api.whatsapp.com\/send?phone=5535984359484\">+55 35 9 8435 9484<\/a><\/span><\/h3>\n<\/blockquote>\n<p><a href=\"https:\/\/api.whatsapp.com\/send?phone=5535984359484\"><img loading=\"lazy\" decoding=\"async\" class=\"aligncenter\" src=\"https:\/\/interagere.com.br\/site\/wp-content\/uploads\/2024\/04\/Slide24.jpg\" alt=\"\" width=\"1280\" height=\"720\" \/><\/a><br \/>\n<a href=\"https:\/\/interagere.com.br\/site\/wp-content\/uploads\/2015\/07\/divisoria.jpg\"><img loading=\"lazy\" decoding=\"async\" src=\"https:\/\/interagere.com.br\/site\/wp-content\/uploads\/2015\/07\/divisoria.jpg\" alt=\"divisoria\" width=\"1185\" height=\"9\" \/><\/a><\/p>\n","protected":false},"excerpt":{"rendered":"<p>Sobre a Interagere\u00ae E como podemos ajudar a &#8220;Melhorar o mundo atrav\u00e9s da Excel\u00eancia&#8221;? Leia abaixo um pouco mais sobre n\u00f3s: A Interagere\u00ae promove Excel\u00eancia com Treinamento e Consultoria. Equipe de 27<a class=\"moretag\" href=\"https:\/\/interagere.com.br\/site\/quem-somos\/\">Read More&#8230;<\/a><\/p>\n","protected":false},"author":1,"featured_media":0,"parent":0,"menu_order":0,"comment_status":"closed","ping_status":"closed","template":"","meta":{"_mo_disable_npp":"","footnotes":""},"class_list":["post-116","page","type-page","status-publish","hentry"],"yoast_head":"<!-- This site is optimized with the Yoast SEO plugin v27.2 - https:\/\/yoast.com\/product\/yoast-seo-wordpress\/ -->\n<title>Quem somos - INTERAGERE<\/title>\n<meta name=\"robots\" content=\"index, follow, max-snippet:-1, max-image-preview:large, max-video-preview:-1\" \/>\n<link rel=\"canonical\" href=\"https:\/\/interagere.com.br\/site\/quem-somos\/\" \/>\n<meta property=\"og:locale\" content=\"pt_BR\" \/>\n<meta property=\"og:type\" content=\"article\" \/>\n<meta property=\"og:title\" content=\"Quem somos - INTERAGERE\" \/>\n<meta property=\"og:description\" content=\"Sobre a Interagere\u00ae E como podemos ajudar a &#8220;Melhorar o mundo atrav\u00e9s da Excel\u00eancia&#8221;? Leia abaixo um pouco mais sobre n\u00f3s: A Interagere\u00ae promove Excel\u00eancia com Treinamento e Consultoria. Equipe de 27Read More...\" \/>\n<meta property=\"og:url\" content=\"https:\/\/interagere.com.br\/site\/quem-somos\/\" \/>\n<meta property=\"og:site_name\" content=\"INTERAGERE\" \/>\n<meta property=\"article:modified_time\" content=\"2025-09-05T10:08:30+00:00\" \/>\n<meta property=\"og:image\" content=\"https:\/\/interagere.com.br\/site\/wp-content\/uploads\/2025\/09\/Slide1-Nossa-Proposta.jpg\" \/>\n\t<meta property=\"og:image:width\" content=\"1280\" \/>\n\t<meta property=\"og:image:height\" content=\"720\" \/>\n\t<meta property=\"og:image:type\" content=\"image\/jpeg\" \/>\n<meta name=\"twitter:card\" content=\"summary_large_image\" \/>\n<meta name=\"twitter:label1\" content=\"Est. tempo de leitura\" \/>\n\t<meta name=\"twitter:data1\" content=\"2 minutos\" \/>\n<script type=\"application\/ld+json\" class=\"yoast-schema-graph\">{\"@context\":\"https:\/\/schema.org\",\"@graph\":[{\"@type\":\"WebPage\",\"@id\":\"https:\/\/interagere.com.br\/site\/quem-somos\/\",\"url\":\"https:\/\/interagere.com.br\/site\/quem-somos\/\",\"name\":\"Quem somos - INTERAGERE\",\"isPartOf\":{\"@id\":\"https:\/\/interagere.com.br\/site\/#website\"},\"primaryImageOfPage\":{\"@id\":\"https:\/\/interagere.com.br\/site\/quem-somos\/#primaryimage\"},\"image\":{\"@id\":\"https:\/\/interagere.com.br\/site\/quem-somos\/#primaryimage\"},\"thumbnailUrl\":\"https:\/\/interagere.com.br\/site\/wp-content\/uploads\/2025\/09\/Slide1-Nossa-Proposta.jpg\",\"datePublished\":\"2015-08-05T21:39:29+00:00\",\"dateModified\":\"2025-09-05T10:08:30+00:00\",\"breadcrumb\":{\"@id\":\"https:\/\/interagere.com.br\/site\/quem-somos\/#breadcrumb\"},\"inLanguage\":\"pt-BR\",\"potentialAction\":[{\"@type\":\"ReadAction\",\"target\":[\"https:\/\/interagere.com.br\/site\/quem-somos\/\"]}]},{\"@type\":\"ImageObject\",\"inLanguage\":\"pt-BR\",\"@id\":\"https:\/\/interagere.com.br\/site\/quem-somos\/#primaryimage\",\"url\":\"https:\/\/interagere.com.br\/site\/wp-content\/uploads\/2025\/09\/Slide1-Nossa-Proposta.jpg\",\"contentUrl\":\"https:\/\/interagere.com.br\/site\/wp-content\/uploads\/2025\/09\/Slide1-Nossa-Proposta.jpg\"},{\"@type\":\"BreadcrumbList\",\"@id\":\"https:\/\/interagere.com.br\/site\/quem-somos\/#breadcrumb\",\"itemListElement\":[{\"@type\":\"ListItem\",\"position\":1,\"name\":\"In\u00edcio\",\"item\":\"https:\/\/interagere.com.br\/site\/\"},{\"@type\":\"ListItem\",\"position\":2,\"name\":\"Quem somos\"}]},{\"@type\":\"WebSite\",\"@id\":\"https:\/\/interagere.com.br\/site\/#website\",\"url\":\"https:\/\/interagere.com.br\/site\/\",\"name\":\"INTERAGERE\",\"description\":\"Seu Parceiro Premium de Excel\u00eancia - +55 (12) 4141.0123 - Assessoria e Treinamento em: Gest\u00e3o, Competitividade, Qualidade, Projetos, Lean, 6 Sigma, Inova\u00e7\u00e3o\",\"potentialAction\":[{\"@type\":\"SearchAction\",\"target\":{\"@type\":\"EntryPoint\",\"urlTemplate\":\"https:\/\/interagere.com.br\/site\/?s={search_term_string}\"},\"query-input\":{\"@type\":\"PropertyValueSpecification\",\"valueRequired\":true,\"valueName\":\"search_term_string\"}}],\"inLanguage\":\"pt-BR\"}]}<\/script>\n<!-- \/ Yoast SEO plugin. -->","yoast_head_json":{"title":"Quem somos - INTERAGERE","robots":{"index":"index","follow":"follow","max-snippet":"max-snippet:-1","max-image-preview":"max-image-preview:large","max-video-preview":"max-video-preview:-1"},"canonical":"https:\/\/interagere.com.br\/site\/quem-somos\/","og_locale":"pt_BR","og_type":"article","og_title":"Quem somos - INTERAGERE","og_description":"Sobre a Interagere\u00ae E como podemos ajudar a &#8220;Melhorar o mundo atrav\u00e9s da Excel\u00eancia&#8221;? Leia abaixo um pouco mais sobre n\u00f3s: A Interagere\u00ae promove Excel\u00eancia com Treinamento e Consultoria. Equipe de 27Read More...","og_url":"https:\/\/interagere.com.br\/site\/quem-somos\/","og_site_name":"INTERAGERE","article_modified_time":"2025-09-05T10:08:30+00:00","og_image":[{"width":1280,"height":720,"url":"https:\/\/interagere.com.br\/site\/wp-content\/uploads\/2025\/09\/Slide1-Nossa-Proposta.jpg","type":"image\/jpeg"}],"twitter_card":"summary_large_image","twitter_misc":{"Est. tempo de leitura":"2 minutos"},"schema":{"@context":"https:\/\/schema.org","@graph":[{"@type":"WebPage","@id":"https:\/\/interagere.com.br\/site\/quem-somos\/","url":"https:\/\/interagere.com.br\/site\/quem-somos\/","name":"Quem somos - INTERAGERE","isPartOf":{"@id":"https:\/\/interagere.com.br\/site\/#website"},"primaryImageOfPage":{"@id":"https:\/\/interagere.com.br\/site\/quem-somos\/#primaryimage"},"image":{"@id":"https:\/\/interagere.com.br\/site\/quem-somos\/#primaryimage"},"thumbnailUrl":"https:\/\/interagere.com.br\/site\/wp-content\/uploads\/2025\/09\/Slide1-Nossa-Proposta.jpg","datePublished":"2015-08-05T21:39:29+00:00","dateModified":"2025-09-05T10:08:30+00:00","breadcrumb":{"@id":"https:\/\/interagere.com.br\/site\/quem-somos\/#breadcrumb"},"inLanguage":"pt-BR","potentialAction":[{"@type":"ReadAction","target":["https:\/\/interagere.com.br\/site\/quem-somos\/"]}]},{"@type":"ImageObject","inLanguage":"pt-BR","@id":"https:\/\/interagere.com.br\/site\/quem-somos\/#primaryimage","url":"https:\/\/interagere.com.br\/site\/wp-content\/uploads\/2025\/09\/Slide1-Nossa-Proposta.jpg","contentUrl":"https:\/\/interagere.com.br\/site\/wp-content\/uploads\/2025\/09\/Slide1-Nossa-Proposta.jpg"},{"@type":"BreadcrumbList","@id":"https:\/\/interagere.com.br\/site\/quem-somos\/#breadcrumb","itemListElement":[{"@type":"ListItem","position":1,"name":"In\u00edcio","item":"https:\/\/interagere.com.br\/site\/"},{"@type":"ListItem","position":2,"name":"Quem somos"}]},{"@type":"WebSite","@id":"https:\/\/interagere.com.br\/site\/#website","url":"https:\/\/interagere.com.br\/site\/","name":"INTERAGERE","description":"Seu Parceiro Premium de Excel\u00eancia - +55 (12) 4141.0123 - Assessoria e Treinamento em: Gest\u00e3o, Competitividade, Qualidade, Projetos, Lean, 6 Sigma, Inova\u00e7\u00e3o","potentialAction":[{"@type":"SearchAction","target":{"@type":"EntryPoint","urlTemplate":"https:\/\/interagere.com.br\/site\/?s={search_term_string}"},"query-input":{"@type":"PropertyValueSpecification","valueRequired":true,"valueName":"search_term_string"}}],"inLanguage":"pt-BR"}]}},"_links":{"self":[{"href":"https:\/\/interagere.com.br\/site\/wp-json\/wp\/v2\/pages\/116","targetHints":{"allow":["GET"]}}],"collection":[{"href":"https:\/\/interagere.com.br\/site\/wp-json\/wp\/v2\/pages"}],"about":[{"href":"https:\/\/interagere.com.br\/site\/wp-json\/wp\/v2\/types\/page"}],"author":[{"embeddable":true,"href":"https:\/\/interagere.com.br\/site\/wp-json\/wp\/v2\/users\/1"}],"replies":[{"embeddable":true,"href":"https:\/\/interagere.com.br\/site\/wp-json\/wp\/v2\/comments?post=116"}],"version-history":[{"count":66,"href":"https:\/\/interagere.com.br\/site\/wp-json\/wp\/v2\/pages\/116\/revisions"}],"predecessor-version":[{"id":2256,"href":"https:\/\/interagere.com.br\/site\/wp-json\/wp\/v2\/pages\/116\/revisions\/2256"}],"wp:attachment":[{"href":"https:\/\/interagere.com.br\/site\/wp-json\/wp\/v2\/media?parent=116"}],"curies":[{"name":"wp","href":"https:\/\/api.w.org\/{rel}","templated":true}]}}